{"id":22030,"date":"2024-11-08T17:48:04","date_gmt":"2024-11-08T16:48:04","guid":{"rendered":"https:\/\/baralivres.ma\/?post_type=product&#038;p=22030"},"modified":"2024-11-08T17:48:05","modified_gmt":"2024-11-08T16:48:05","slug":"500-questions-answers-the-earth","status":"publish","type":"product","link":"https:\/\/baralivres.ma\/?product=500-questions-answers-the-earth","title":{"rendered":"500 Questions &#038; Answers The Earth"},"content":{"rendered":"<p><strong>500 Questions &amp; Answers &#8211; The Earth<\/strong> est un guide fascinant qui explore tous les aspects de notre plan\u00e8te. \u00c0 travers 500 questions, d\u00e9couvrez des faits sur la g\u00e9ologie, les oc\u00e9ans, le climat et les ph\u00e9nom\u00e8nes naturels. Le livre aborde aussi l\u2019histoire de la Terre, son \u00e9volution, ses ressources et ses divers \u00e9cosyst\u00e8mes. Chaque r\u00e9ponse est accompagn\u00e9e d\u2019explications claires, d&rsquo;illustrations et de diagrammes pour faciliter la compr\u00e9hension. Id\u00e9al pour les jeunes esprits curieux et les passionn\u00e9s d&rsquo;environnement, il offre un moyen ludique d\u2019apprendre sur notre plan\u00e8te. Parfait pour les \u00e9tudiants, enseignants et familles, ce guide stimule la curiosit\u00e9 scientifique. Il permet d\u2019explorer les myst\u00e8res de la Terre de mani\u00e8re interactive. Ce livre est une ressource indispensable pour toute personne souhaitant comprendre les processus qui fa\u00e7onnent notre monde. Un ouvrage \u00e9ducatif et captivant pour \u00e9veiller l\u2019int\u00e9r\u00eat pour la g\u00e9ographie et les sciences naturelles.<\/p>\n","protected":false},"excerpt":{"rendered":"<p><strong>500 Questions &amp; Answers &#8211; The Earth<\/strong> explore les myst\u00e8res de notre plan\u00e8te \u00e0 travers 500 questions sur la g\u00e9ologie, le climat, les oc\u00e9ans et les \u00e9cosyst\u00e8mes. Un guide \u00e9ducatif et interactif id\u00e9al pour les curieux de la Terre et les passionn\u00e9s de sciences naturelles.<\/p>\n","protected":false},"featured_media":22031,"comment_status":"open","ping_status":"closed","template":"","meta":{"inline_featured_image":false},"product_cat":[3899,3706],"product_tag":[],"class_list":{"0":"post-22030","1":"product","2":"type-product","3":"status-publish","4":"has-post-thumbnail","6":"product_cat-encyclopedies_anglais","7":"product_cat-encyclopedie-2","9":"first","10":"instock","11":"shipping-taxable","12":"purchasable","13":"product-type-simple"},"_links":{"self":[{"href":"https:\/\/baralivres.ma\/index.php?rest_route=\/wp\/v2\/product\/22030","targetHints":{"allow":["GET"]}}],"collection":[{"href":"https:\/\/baralivres.ma\/index.php?rest_route=\/wp\/v2\/product"}],"about":[{"href":"https:\/\/baralivres.ma\/index.php?rest_route=\/wp\/v2\/types\/product"}],"replies":[{"embeddable":true,"href":"https:\/\/baralivres.ma\/index.php?rest_route=%2Fwp%2Fv2%2Fcomments&post=22030"}],"version-history":[{"count":1,"href":"https:\/\/baralivres.ma\/index.php?rest_route=\/wp\/v2\/product\/22030\/revisions"}],"predecessor-version":[{"id":22032,"href":"https:\/\/baralivres.ma\/index.php?rest_route=\/wp\/v2\/product\/22030\/revisions\/22032"}],"wp:featuredmedia":[{"embeddable":true,"href":"https:\/\/baralivres.ma\/index.php?rest_route=\/wp\/v2\/media\/22031"}],"wp:attachment":[{"href":"https:\/\/baralivres.ma\/index.php?rest_route=%2Fwp%2Fv2%2Fmedia&parent=22030"}],"wp:term":[{"taxonomy":"product_cat","embeddable":true,"href":"https:\/\/baralivres.ma\/index.php?rest_route=%2Fwp%2Fv2%2Fproduct_cat&post=22030"},{"taxonomy":"product_tag","embeddable":true,"href":"https:\/\/baralivres.ma\/index.php?rest_route=%2Fwp%2Fv2%2Fproduct_tag&post=22030"}],"curies":[{"name":"wp","href":"https:\/\/api.w.org\/{rel}","templated":true}]}}