{"id":22015,"date":"2024-11-08T17:23:47","date_gmt":"2024-11-08T16:23:47","guid":{"rendered":"https:\/\/baralivres.ma\/?post_type=product&#038;p=22015"},"modified":"2024-11-08T17:23:48","modified_gmt":"2024-11-08T16:23:48","slug":"encyclopedia-of-transport","status":"publish","type":"product","link":"https:\/\/baralivres.ma\/?product=encyclopedia-of-transport","title":{"rendered":"Encyclopedia of Transport"},"content":{"rendered":"<p>L&rsquo;<strong>Encyclopedia of Transport<\/strong> est une ressource compl\u00e8te et incontournable qui couvre l&rsquo;\u00e9volution des moyens de transport \u00e0 travers l&rsquo;histoire. De l&rsquo;invention de la roue aux technologies de transport moderne comme les voitures autonomes et les avions supersoniques, cet ouvrage explore l&rsquo;impact des innovations technologiques sur notre mobilit\u00e9. Il pr\u00e9sente des informations d\u00e9taill\u00e9es sur les diff\u00e9rents types de transport : terrestre, maritime, a\u00e9rien et spatial. Chaque chapitre offre une analyse approfondie des infrastructures, des v\u00e9hicules, ainsi que des enjeux environnementaux et \u00e9conomiques li\u00e9s au secteur. Illustr\u00e9e de cartes, de sch\u00e9mas et de photographies, l&rsquo;encyclop\u00e9die permet de visualiser l&rsquo;\u00e9volution des r\u00e9seaux de transport mondiaux. Des personnalit\u00e9s influentes du domaine et des \u00e9v\u00e9nements marquants de l&rsquo;histoire du transport sont \u00e9galement abord\u00e9s. Ce livre s&rsquo;adresse \u00e0 la fois aux passionn\u00e9s d\u2019histoire, de technologie et aux chercheurs, en offrant un contenu accessible mais d\u00e9taill\u00e9. Un ouvrage essentiel pour comprendre comment les transports fa\u00e7onnent le monde d&rsquo;aujourd&rsquo;hui et de demain.<\/p>\n","protected":false},"excerpt":{"rendered":"<p>L&rsquo;<strong>Encyclopedia of Transport<\/strong> explore l&rsquo;histoire et l&rsquo;\u00e9volution des moyens de transport, des premiers v\u00e9hicules \u00e0 cheval aux technologies modernes comme les voitures autonomes. Ce guide d\u00e9taill\u00e9 couvre les impacts \u00e9conomiques, environnementaux et les infrastructures du secteur \u00e0 l&rsquo;\u00e9chelle mondiale.<\/p>\n","protected":false},"featured_media":22016,"comment_status":"open","ping_status":"closed","template":"","meta":{"inline_featured_image":false},"product_cat":[3899,3706],"product_tag":[],"class_list":{"0":"post-22015","1":"product","2":"type-product","3":"status-publish","4":"has-post-thumbnail","6":"product_cat-encyclopedies_anglais","7":"product_cat-encyclopedie-2","9":"first","10":"instock","11":"shipping-taxable","12":"purchasable","13":"product-type-simple"},"_links":{"self":[{"href":"https:\/\/baralivres.ma\/index.php?rest_route=\/wp\/v2\/product\/22015","targetHints":{"allow":["GET"]}}],"collection":[{"href":"https:\/\/baralivres.ma\/index.php?rest_route=\/wp\/v2\/product"}],"about":[{"href":"https:\/\/baralivres.ma\/index.php?rest_route=\/wp\/v2\/types\/product"}],"replies":[{"embeddable":true,"href":"https:\/\/baralivres.ma\/index.php?rest_route=%2Fwp%2Fv2%2Fcomments&post=22015"}],"version-history":[{"count":1,"href":"https:\/\/baralivres.ma\/index.php?rest_route=\/wp\/v2\/product\/22015\/revisions"}],"predecessor-version":[{"id":22017,"href":"https:\/\/baralivres.ma\/index.php?rest_route=\/wp\/v2\/product\/22015\/revisions\/22017"}],"wp:featuredmedia":[{"embeddable":true,"href":"https:\/\/baralivres.ma\/index.php?rest_route=\/wp\/v2\/media\/22016"}],"wp:attachment":[{"href":"https:\/\/baralivres.ma\/index.php?rest_route=%2Fwp%2Fv2%2Fmedia&parent=22015"}],"wp:term":[{"taxonomy":"product_cat","embeddable":true,"href":"https:\/\/baralivres.ma\/index.php?rest_route=%2Fwp%2Fv2%2Fproduct_cat&post=22015"},{"taxonomy":"product_tag","embeddable":true,"href":"https:\/\/baralivres.ma\/index.php?rest_route=%2Fwp%2Fv2%2Fproduct_tag&post=22015"}],"curies":[{"name":"wp","href":"https:\/\/api.w.org\/{rel}","templated":true}]}}