{"id":22012,"date":"2024-11-08T17:18:24","date_gmt":"2024-11-08T16:18:24","guid":{"rendered":"https:\/\/baralivres.ma\/?post_type=product&#038;p=22012"},"modified":"2024-11-08T17:18:24","modified_gmt":"2024-11-08T16:18:24","slug":"childrens-dictionary-words-pictures-and-definitions-for-children","status":"publish","type":"product","link":"https:\/\/baralivres.ma\/?product=childrens-dictionary-words-pictures-and-definitions-for-children","title":{"rendered":"Children&rsquo;S Dictionary: Words, Pictures and Definitions for Children"},"content":{"rendered":"<p><em>Children&rsquo;s Dictionary: Words, Pictures and Definitions for Children<\/em> est une ressource id\u00e9ale pour aider les jeunes \u00e0 enrichir leur vocabulaire et d\u00e9couvrir le monde des mots ! Con\u00e7u pour \u00eatre accessible et captivant, ce dictionnaire regroupe des milliers de mots avec des d\u00e9finitions claires, accompagn\u00e9es d\u2019illustrations color\u00e9es qui rendent l\u2019apprentissage visuel et amusant. Chaque entr\u00e9e explique le mot dans un langage simple, adapt\u00e9 aux enfants, facilitant leur compr\u00e9hension et leur utilisation au quotidien. Avec des exemples concrets et des mises en contexte, il encourage les enfants \u00e0 explorer le langage de fa\u00e7on autonome. Parfait pour les jeunes lecteurs et leurs premi\u00e8res recherches, ce livre est un excellent support \u00e9ducatif pour le d\u00e9veloppement linguistique !<\/p>\n","protected":false},"excerpt":{"rendered":"<p><em>Children&rsquo;s Dictionary<\/em> est un dictionnaire illustr\u00e9 con\u00e7u pour enrichir le vocabulaire des enfants avec des d\u00e9finitions simples et des images color\u00e9es. Id\u00e9al pour rendre l&rsquo;apprentissage des mots amusant et accessible !<\/p>\n","protected":false},"featured_media":22013,"comment_status":"open","ping_status":"closed","template":"","meta":{"inline_featured_image":false},"product_cat":[3899,3706],"product_tag":[],"class_list":{"0":"post-22012","1":"product","2":"type-product","3":"status-publish","4":"has-post-thumbnail","6":"product_cat-encyclopedies_anglais","7":"product_cat-encyclopedie-2","9":"first","10":"instock","11":"shipping-taxable","12":"purchasable","13":"product-type-simple"},"_links":{"self":[{"href":"https:\/\/baralivres.ma\/index.php?rest_route=\/wp\/v2\/product\/22012","targetHints":{"allow":["GET"]}}],"collection":[{"href":"https:\/\/baralivres.ma\/index.php?rest_route=\/wp\/v2\/product"}],"about":[{"href":"https:\/\/baralivres.ma\/index.php?rest_route=\/wp\/v2\/types\/product"}],"replies":[{"embeddable":true,"href":"https:\/\/baralivres.ma\/index.php?rest_route=%2Fwp%2Fv2%2Fcomments&post=22012"}],"version-history":[{"count":1,"href":"https:\/\/baralivres.ma\/index.php?rest_route=\/wp\/v2\/product\/22012\/revisions"}],"predecessor-version":[{"id":22014,"href":"https:\/\/baralivres.ma\/index.php?rest_route=\/wp\/v2\/product\/22012\/revisions\/22014"}],"wp:featuredmedia":[{"embeddable":true,"href":"https:\/\/baralivres.ma\/index.php?rest_route=\/wp\/v2\/media\/22013"}],"wp:attachment":[{"href":"https:\/\/baralivres.ma\/index.php?rest_route=%2Fwp%2Fv2%2Fmedia&parent=22012"}],"wp:term":[{"taxonomy":"product_cat","embeddable":true,"href":"https:\/\/baralivres.ma\/index.php?rest_route=%2Fwp%2Fv2%2Fproduct_cat&post=22012"},{"taxonomy":"product_tag","embeddable":true,"href":"https:\/\/baralivres.ma\/index.php?rest_route=%2Fwp%2Fv2%2Fproduct_tag&post=22012"}],"curies":[{"name":"wp","href":"https:\/\/api.w.org\/{rel}","templated":true}]}}