{"id":22008,"date":"2024-11-08T17:13:56","date_gmt":"2024-11-08T16:13:56","guid":{"rendered":"https:\/\/baralivres.ma\/?post_type=product&#038;p=22008"},"modified":"2024-11-08T17:13:56","modified_gmt":"2024-11-08T16:13:56","slug":"encyclopedia-of-animal","status":"publish","type":"product","link":"https:\/\/baralivres.ma\/?product=encyclopedia-of-animal","title":{"rendered":"Encyclopedia of Animal"},"content":{"rendered":"<p><em>Encyclopedia of Animals<\/em> est un voyage extraordinaire \u00e0 travers le r\u00e8gne animal, r\u00e9v\u00e9lant la diversit\u00e9 et les merveilles de la faune mondiale ! Ce livre regorge de descriptions d\u00e9taill\u00e9es et de superbes illustrations qui font revivre les habitats, comportements et adaptations uniques de chaque esp\u00e8ce, des mammif\u00e8res majestueux aux petits insectes surprenants. Vous d\u00e9couvrirez les secrets fascinants de chaque groupe animal, leurs modes de vie et leurs strat\u00e9gies de survie dans diff\u00e9rents environnements. Les pages de cet ouvrage vous plongent dans des \u00e9cosyst\u00e8mes vari\u00e9s, permettant de mieux comprendre l&rsquo;interconnexion de la vie animale. Un incontournable pour tous les passionn\u00e9s de la nature, con\u00e7u pour \u00e9duquer et \u00e9merveiller !<\/p>\n","protected":false},"excerpt":{"rendered":"<p><em>Encyclopedia of Animals<\/em> explore la diversit\u00e9 de la faune mondiale avec des illustrations et descriptions d\u00e9taill\u00e9es, d\u00e9voilant les habitats et comportements uniques de chaque esp\u00e8ce. Un guide fascinant pour les passionn\u00e9s de nature !<\/p>\n","protected":false},"featured_media":22010,"comment_status":"open","ping_status":"closed","template":"","meta":{"inline_featured_image":false},"product_cat":[3899,3706],"product_tag":[],"class_list":{"0":"post-22008","1":"product","2":"type-product","3":"status-publish","4":"has-post-thumbnail","6":"product_cat-encyclopedies_anglais","7":"product_cat-encyclopedie-2","9":"first","10":"instock","11":"shipping-taxable","12":"purchasable","13":"product-type-simple"},"_links":{"self":[{"href":"https:\/\/baralivres.ma\/index.php?rest_route=\/wp\/v2\/product\/22008","targetHints":{"allow":["GET"]}}],"collection":[{"href":"https:\/\/baralivres.ma\/index.php?rest_route=\/wp\/v2\/product"}],"about":[{"href":"https:\/\/baralivres.ma\/index.php?rest_route=\/wp\/v2\/types\/product"}],"replies":[{"embeddable":true,"href":"https:\/\/baralivres.ma\/index.php?rest_route=%2Fwp%2Fv2%2Fcomments&post=22008"}],"version-history":[{"count":1,"href":"https:\/\/baralivres.ma\/index.php?rest_route=\/wp\/v2\/product\/22008\/revisions"}],"predecessor-version":[{"id":22011,"href":"https:\/\/baralivres.ma\/index.php?rest_route=\/wp\/v2\/product\/22008\/revisions\/22011"}],"wp:featuredmedia":[{"embeddable":true,"href":"https:\/\/baralivres.ma\/index.php?rest_route=\/wp\/v2\/media\/22010"}],"wp:attachment":[{"href":"https:\/\/baralivres.ma\/index.php?rest_route=%2Fwp%2Fv2%2Fmedia&parent=22008"}],"wp:term":[{"taxonomy":"product_cat","embeddable":true,"href":"https:\/\/baralivres.ma\/index.php?rest_route=%2Fwp%2Fv2%2Fproduct_cat&post=22008"},{"taxonomy":"product_tag","embeddable":true,"href":"https:\/\/baralivres.ma\/index.php?rest_route=%2Fwp%2Fv2%2Fproduct_tag&post=22008"}],"curies":[{"name":"wp","href":"https:\/\/api.w.org\/{rel}","templated":true}]}}