{"id":22005,"date":"2024-11-08T17:01:43","date_gmt":"2024-11-08T16:01:43","guid":{"rendered":"https:\/\/baralivres.ma\/?post_type=product&#038;p=22005"},"modified":"2024-11-08T17:01:43","modified_gmt":"2024-11-08T16:01:43","slug":"500-questions-and-answers-planets","status":"publish","type":"product","link":"https:\/\/baralivres.ma\/?product=500-questions-and-answers-planets","title":{"rendered":"500 Questions and Answers Planets"},"content":{"rendered":"<p><em>500 Questions and Answers: Planets<\/em> est un voyage passionnant \u00e0 travers notre syst\u00e8me solaire et au-del\u00e0, con\u00e7u pour r\u00e9pondre \u00e0 toutes les curiosit\u00e9s sur les plan\u00e8tes ! Cet ouvrage captivant aborde des questions fascinantes : Comment les plan\u00e8tes se sont-elles form\u00e9es ? Pourquoi Mars est-elle rouge ? Quels myst\u00e8res cache l\u2019atmosph\u00e8re de V\u00e9nus ? Avec des illustrations spectaculaires et des explications claires, chaque page vous invite \u00e0 explorer les merveilles de l\u2019espace, des satellites aux ast\u00e9ro\u00efdes en passant par les exoplan\u00e8tes. Id\u00e9al pour les jeunes explorateurs et amateurs d\u2019astronomie, ce livre rend l\u2019astronomie accessible et intrigante, tout en \u00e9largissant notre compr\u00e9hension des mondes qui nous entourent.<\/p>\n","protected":false},"excerpt":{"rendered":"<p><em>500 Questions and Answers: Planets<\/em> explore les myst\u00e8res de notre syst\u00e8me solaire et au-del\u00e0, r\u00e9pondant aux questions fascinantes sur les plan\u00e8tes et l\u2019espace. Avec des illustrations spectaculaires, cet ouvrage rend l\u2019astronomie accessible et captivante pour tous les curieux.<\/p>\n","protected":false},"featured_media":22006,"comment_status":"open","ping_status":"closed","template":"","meta":{"inline_featured_image":false},"product_cat":[3899,3706],"product_tag":[],"class_list":{"0":"post-22005","1":"product","2":"type-product","3":"status-publish","4":"has-post-thumbnail","6":"product_cat-encyclopedies_anglais","7":"product_cat-encyclopedie-2","9":"first","10":"instock","11":"shipping-taxable","12":"purchasable","13":"product-type-simple"},"_links":{"self":[{"href":"https:\/\/baralivres.ma\/index.php?rest_route=\/wp\/v2\/product\/22005","targetHints":{"allow":["GET"]}}],"collection":[{"href":"https:\/\/baralivres.ma\/index.php?rest_route=\/wp\/v2\/product"}],"about":[{"href":"https:\/\/baralivres.ma\/index.php?rest_route=\/wp\/v2\/types\/product"}],"replies":[{"embeddable":true,"href":"https:\/\/baralivres.ma\/index.php?rest_route=%2Fwp%2Fv2%2Fcomments&post=22005"}],"version-history":[{"count":1,"href":"https:\/\/baralivres.ma\/index.php?rest_route=\/wp\/v2\/product\/22005\/revisions"}],"predecessor-version":[{"id":22007,"href":"https:\/\/baralivres.ma\/index.php?rest_route=\/wp\/v2\/product\/22005\/revisions\/22007"}],"wp:featuredmedia":[{"embeddable":true,"href":"https:\/\/baralivres.ma\/index.php?rest_route=\/wp\/v2\/media\/22006"}],"wp:attachment":[{"href":"https:\/\/baralivres.ma\/index.php?rest_route=%2Fwp%2Fv2%2Fmedia&parent=22005"}],"wp:term":[{"taxonomy":"product_cat","embeddable":true,"href":"https:\/\/baralivres.ma\/index.php?rest_route=%2Fwp%2Fv2%2Fproduct_cat&post=22005"},{"taxonomy":"product_tag","embeddable":true,"href":"https:\/\/baralivres.ma\/index.php?rest_route=%2Fwp%2Fv2%2Fproduct_tag&post=22005"}],"curies":[{"name":"wp","href":"https:\/\/api.w.org\/{rel}","templated":true}]}}