{"id":21997,"date":"2024-11-04T18:23:18","date_gmt":"2024-11-04T17:23:18","guid":{"rendered":"https:\/\/baralivres.ma\/?post_type=product&#038;p=21997"},"modified":"2024-11-04T18:23:18","modified_gmt":"2024-11-04T17:23:18","slug":"discover-global-warming-climate-change","status":"publish","type":"product","link":"https:\/\/baralivres.ma\/?product=discover-global-warming-climate-change","title":{"rendered":"DISCOVER GLOBAL WARMING &#038; CLIMATE CHANGE"},"content":{"rendered":"<p>D\u00e9couvrez <em>Discover Global Warming &amp; Climate Change<\/em>, un livre essentiel qui explique les enjeux du changement climatique de mani\u00e8re accessible aux jeunes lecteurs. \u00c0 travers des illustrations engageantes et des explications claires, ce guide explore les causes et les cons\u00e9quences du r\u00e9chauffement climatique, tout en pr\u00e9sentant des solutions pour prot\u00e9ger notre plan\u00e8te. Chaque page invite les enfants \u00e0 comprendre l&rsquo;importance de l&rsquo;environnement et leur r\u00f4le dans la lutte contre le changement climatique. Parfait pour sensibiliser les jeunes esprits, ce livre encourage l&rsquo;action et la responsabilit\u00e9 \u00e9cologique. Une lecture incontournable pour inspirer la prochaine g\u00e9n\u00e9ration \u00e0 prendre soin de notre Terre !<\/p>\n","protected":false},"excerpt":{"rendered":"<p><em>Discover Global Warming &amp; Climate Change<\/em> est un livre \u00e9ducatif qui explique les causes et les cons\u00e9quences du changement climatique de mani\u00e8re accessible aux jeunes lecteurs. Avec des illustrations engageantes, il sensibilise les enfants \u00e0 l&rsquo;importance de l&rsquo;environnement et les encourage \u00e0 agir pour prot\u00e9ger notre plan\u00e8te.<\/p>\n","protected":false},"featured_media":21998,"comment_status":"open","ping_status":"closed","template":"","meta":{"inline_featured_image":false},"product_cat":[3899,3706],"product_tag":[],"class_list":{"0":"post-21997","1":"product","2":"type-product","3":"status-publish","4":"has-post-thumbnail","6":"product_cat-encyclopedies_anglais","7":"product_cat-encyclopedie-2","9":"first","10":"instock","11":"shipping-taxable","12":"purchasable","13":"product-type-simple"},"_links":{"self":[{"href":"https:\/\/baralivres.ma\/index.php?rest_route=\/wp\/v2\/product\/21997","targetHints":{"allow":["GET"]}}],"collection":[{"href":"https:\/\/baralivres.ma\/index.php?rest_route=\/wp\/v2\/product"}],"about":[{"href":"https:\/\/baralivres.ma\/index.php?rest_route=\/wp\/v2\/types\/product"}],"replies":[{"embeddable":true,"href":"https:\/\/baralivres.ma\/index.php?rest_route=%2Fwp%2Fv2%2Fcomments&post=21997"}],"version-history":[{"count":1,"href":"https:\/\/baralivres.ma\/index.php?rest_route=\/wp\/v2\/product\/21997\/revisions"}],"predecessor-version":[{"id":21999,"href":"https:\/\/baralivres.ma\/index.php?rest_route=\/wp\/v2\/product\/21997\/revisions\/21999"}],"wp:featuredmedia":[{"embeddable":true,"href":"https:\/\/baralivres.ma\/index.php?rest_route=\/wp\/v2\/media\/21998"}],"wp:attachment":[{"href":"https:\/\/baralivres.ma\/index.php?rest_route=%2Fwp%2Fv2%2Fmedia&parent=21997"}],"wp:term":[{"taxonomy":"product_cat","embeddable":true,"href":"https:\/\/baralivres.ma\/index.php?rest_route=%2Fwp%2Fv2%2Fproduct_cat&post=21997"},{"taxonomy":"product_tag","embeddable":true,"href":"https:\/\/baralivres.ma\/index.php?rest_route=%2Fwp%2Fv2%2Fproduct_tag&post=21997"}],"curies":[{"name":"wp","href":"https:\/\/api.w.org\/{rel}","templated":true}]}}