{"id":21988,"date":"2024-11-04T18:11:46","date_gmt":"2024-11-04T17:11:46","guid":{"rendered":"https:\/\/baralivres.ma\/?post_type=product&#038;p=21988"},"modified":"2024-11-04T18:11:48","modified_gmt":"2024-11-04T17:11:48","slug":"discover-sea-animals","status":"publish","type":"product","link":"https:\/\/baralivres.ma\/?product=discover-sea-animals","title":{"rendered":"Discover Sea Animals"},"content":{"rendered":"<p>D\u00e9couvrez <em>Discover Sea Animals<\/em>, un livre enchanteur qui plonge les jeunes lecteurs dans le monde fascinant de la vie marine ! Avec des illustrations color\u00e9es et des faits captivants, ce guide explore la diversit\u00e9 des cr\u00e9atures qui habitent nos oc\u00e9ans, des majestueux baleines aux color\u00e9s poissons tropicaux. Chaque page est une invitation \u00e0 explorer les habitats marins, \u00e0 apprendre comment ces animaux vivent et interagissent dans leur environnement. Parfait pour \u00e9veiller la curiosit\u00e9 des enfants et leur enseigner l&rsquo;importance de la conservation des mers. Une lecture essentielle pour tous les petits aventuriers en qu\u00eate de d\u00e9couvertes sous-marines !<\/p>\n","protected":false},"excerpt":{"rendered":"<div class=\"flex-shrink-0 flex flex-col relative items-end\">\n<div>\n<div class=\"pt-0\">\n<div class=\"gizmo-bot-avatar flex h-8 w-8 items-center justify-center overflow-hidden rounded-full\">\n<div class=\"relative p-1 rounded-sm flex items-center justify-center bg-token-main-surface-primary text-token-text-primary h-8 w-8\"><\/div>\n<\/div>\n<\/div>\n<\/div>\n<\/div>\n<div class=\"group\/conversation-turn relative flex w-full min-w-0 flex-col agent-turn\">\n<div class=\"flex-col gap-1 md:gap-3\">\n<div class=\"flex max-w-full flex-col flex-grow\">\n<div class=\"min-h-8 text-message flex w-full flex-col items-end gap-2 whitespace-normal break-words [.text-message+&amp;]:mt-5\" dir=\"auto\" data-message-author-role=\"assistant\" data-message-id=\"2694a9ae-a1dd-4cdb-8fe0-2f9f6953081c\" data-message-model-slug=\"gpt-4o-mini\">\n<div class=\"flex w-full flex-col gap-1 empty:hidden first:pt-[3px]\">\n<div class=\"markdown prose w-full break-words dark:prose-invert light\">\n<p><em>Discover Sea Animals<\/em> est un livre captivant qui explore la diversit\u00e9 de la vie marine \u00e0 travers des illustrations color\u00e9es et des faits fascinants. Parfait pour \u00e9veiller la curiosit\u00e9 des enfants, il les invite \u00e0 d\u00e9couvrir comment ces cr\u00e9atures vivent et l&rsquo;importance de la conservation des oc\u00e9ans.<\/p>\n<\/div>\n<\/div>\n<\/div>\n<\/div>\n<\/div>\n<\/div>\n","protected":false},"featured_media":21989,"comment_status":"open","ping_status":"closed","template":"","meta":{"inline_featured_image":false},"product_cat":[3899,3706],"product_tag":[],"class_list":{"0":"post-21988","1":"product","2":"type-product","3":"status-publish","4":"has-post-thumbnail","6":"product_cat-encyclopedies_anglais","7":"product_cat-encyclopedie-2","9":"first","10":"instock","11":"shipping-taxable","12":"purchasable","13":"product-type-simple"},"_links":{"self":[{"href":"https:\/\/baralivres.ma\/index.php?rest_route=\/wp\/v2\/product\/21988","targetHints":{"allow":["GET"]}}],"collection":[{"href":"https:\/\/baralivres.ma\/index.php?rest_route=\/wp\/v2\/product"}],"about":[{"href":"https:\/\/baralivres.ma\/index.php?rest_route=\/wp\/v2\/types\/product"}],"replies":[{"embeddable":true,"href":"https:\/\/baralivres.ma\/index.php?rest_route=%2Fwp%2Fv2%2Fcomments&post=21988"}],"version-history":[{"count":1,"href":"https:\/\/baralivres.ma\/index.php?rest_route=\/wp\/v2\/product\/21988\/revisions"}],"predecessor-version":[{"id":21990,"href":"https:\/\/baralivres.ma\/index.php?rest_route=\/wp\/v2\/product\/21988\/revisions\/21990"}],"wp:featuredmedia":[{"embeddable":true,"href":"https:\/\/baralivres.ma\/index.php?rest_route=\/wp\/v2\/media\/21989"}],"wp:attachment":[{"href":"https:\/\/baralivres.ma\/index.php?rest_route=%2Fwp%2Fv2%2Fmedia&parent=21988"}],"wp:term":[{"taxonomy":"product_cat","embeddable":true,"href":"https:\/\/baralivres.ma\/index.php?rest_route=%2Fwp%2Fv2%2Fproduct_cat&post=21988"},{"taxonomy":"product_tag","embeddable":true,"href":"https:\/\/baralivres.ma\/index.php?rest_route=%2Fwp%2Fv2%2Fproduct_tag&post=21988"}],"curies":[{"name":"wp","href":"https:\/\/api.w.org\/{rel}","templated":true}]}}