{"id":21982,"date":"2024-11-04T18:04:08","date_gmt":"2024-11-04T17:04:08","guid":{"rendered":"https:\/\/baralivres.ma\/?post_type=product&#038;p=21982"},"modified":"2024-11-04T18:04:08","modified_gmt":"2024-11-04T17:04:08","slug":"my-first-book-on-first-human-body","status":"publish","type":"product","link":"https:\/\/baralivres.ma\/?product=my-first-book-on-first-human-body","title":{"rendered":"My First Book on First Human Body"},"content":{"rendered":"<p>D\u00e9couvrez <em>My First Book on the Human Body<\/em>, une aventure fascinante qui \u00e9veillera la curiosit\u00e9 des jeunes esprits ! Ce livre color\u00e9 et interactif offre une introduction captivante \u00e0 l&rsquo;anatomie humaine, avec des illustrations engageantes et des faits amusants. Les enfants apprendront comment fonctionne leur corps, des syst\u00e8mes aux organes, tout en s&rsquo;amusant. Id\u00e9al pour stimuler leur imagination et leur soif de connaissances, ce livre est parfait pour les petits curieux en qu\u00eate de d\u00e9couvertes. Offrez-leur un voyage \u00e9ducatif \u00e0 travers le corps humain et laissez-les explorer les merveilles de la biologie de mani\u00e8re ludique. Une lecture incontournable pour les familles qui souhaitent encourager l&rsquo;apprentissage d\u00e8s le plus jeune \u00e2ge !<\/p>\n","protected":false},"excerpt":{"rendered":"<p><em>My First Book on the Human Body<\/em> est une introduction captivante \u00e0 l&rsquo;anatomie humaine pour les enfants, avec des illustrations color\u00e9es et des faits amusants. Parfait pour \u00e9veiller la curiosit\u00e9 des jeunes esprits, ce livre ludique encourage l&rsquo;exploration et l&rsquo;apprentissage sur le corps humain.<\/p>\n","protected":false},"featured_media":21983,"comment_status":"open","ping_status":"closed","template":"","meta":{"inline_featured_image":false},"product_cat":[3899,3706],"product_tag":[],"class_list":{"0":"post-21982","1":"product","2":"type-product","3":"status-publish","4":"has-post-thumbnail","6":"product_cat-encyclopedies_anglais","7":"product_cat-encyclopedie-2","9":"first","10":"instock","11":"shipping-taxable","12":"purchasable","13":"product-type-simple"},"_links":{"self":[{"href":"https:\/\/baralivres.ma\/index.php?rest_route=\/wp\/v2\/product\/21982","targetHints":{"allow":["GET"]}}],"collection":[{"href":"https:\/\/baralivres.ma\/index.php?rest_route=\/wp\/v2\/product"}],"about":[{"href":"https:\/\/baralivres.ma\/index.php?rest_route=\/wp\/v2\/types\/product"}],"replies":[{"embeddable":true,"href":"https:\/\/baralivres.ma\/index.php?rest_route=%2Fwp%2Fv2%2Fcomments&post=21982"}],"version-history":[{"count":1,"href":"https:\/\/baralivres.ma\/index.php?rest_route=\/wp\/v2\/product\/21982\/revisions"}],"predecessor-version":[{"id":21984,"href":"https:\/\/baralivres.ma\/index.php?rest_route=\/wp\/v2\/product\/21982\/revisions\/21984"}],"wp:featuredmedia":[{"embeddable":true,"href":"https:\/\/baralivres.ma\/index.php?rest_route=\/wp\/v2\/media\/21983"}],"wp:attachment":[{"href":"https:\/\/baralivres.ma\/index.php?rest_route=%2Fwp%2Fv2%2Fmedia&parent=21982"}],"wp:term":[{"taxonomy":"product_cat","embeddable":true,"href":"https:\/\/baralivres.ma\/index.php?rest_route=%2Fwp%2Fv2%2Fproduct_cat&post=21982"},{"taxonomy":"product_tag","embeddable":true,"href":"https:\/\/baralivres.ma\/index.php?rest_route=%2Fwp%2Fv2%2Fproduct_tag&post=21982"}],"curies":[{"name":"wp","href":"https:\/\/api.w.org\/{rel}","templated":true}]}}