{"id":21979,"date":"2024-11-04T17:59:11","date_gmt":"2024-11-04T16:59:11","guid":{"rendered":"https:\/\/baralivres.ma\/?post_type=product&#038;p=21979"},"modified":"2024-11-04T17:59:12","modified_gmt":"2024-11-04T16:59:12","slug":"les-cahiers-desther-tome-9","status":"publish","type":"product","link":"https:\/\/baralivres.ma\/?product=les-cahiers-desther-tome-9","title":{"rendered":"Les cahiers d&rsquo;Esther Tome 9"},"content":{"rendered":"<p>Le dernier tome de la s\u00e9rie embl\u00e9matique est enfin l\u00e0 ! Esther entre en terminale, l&rsquo;ann\u00e9e tant redout\u00e9e du bac, pleine de doutes et de choix d&rsquo;orientation. Entre les d\u00e9fis de Parcoursup et la perte des illusions d&rsquo;enfance, elle fait face \u00e0 des questions existentielles : d&rsquo;o\u00f9 venons-nous, o\u00f9 allons-nous, et quel est le sens de la vie ? \u00c0 18 ans, c&rsquo;est aussi l&rsquo;ann\u00e9e de la libert\u00e9 et des nouvelles possibilit\u00e9s, mais aussi celle qui pourrait marquer la fin de son c\u00e9libat. Esther, pleine de r\u00e9flexions philosophiques, ressent un l\u00e9ger vertige face \u00e0 ce grand tournant, mais elle garde espoir : tout ira bien ! Une conclusion touchante et pleine d&rsquo;humour pour cette s\u00e9rie qui a su capturer les joies et les peines de grandir.<\/p>\n","protected":false},"excerpt":{"rendered":"<p>Le dernier tome des <em>Cahiers d&rsquo;Esther<\/em> suit Esther en terminale, l&rsquo;ann\u00e9e du bac, des choix d&rsquo;orientation et des r\u00e9flexions sur le sens de la vie. \u00c0 18 ans, elle d\u00e9couvre la libert\u00e9 et l&rsquo;espoir d&rsquo;un avenir prometteur, tout en naviguant entre doutes et rires.<\/p>\n","protected":false},"featured_media":21980,"comment_status":"open","ping_status":"closed","template":"","meta":{"inline_featured_image":false},"product_cat":[3934,206],"product_tag":[],"class_list":{"0":"post-21979","1":"product","2":"type-product","3":"status-publish","4":"has-post-thumbnail","6":"product_cat-larabe-du-future","7":"product_cat-enfant-adolescente-francais-enfant-adolescente","8":"pa_auteurs-riad-sattouf","10":"first","11":"instock","12":"shipping-taxable","13":"purchasable","14":"product-type-simple"},"_links":{"self":[{"href":"https:\/\/baralivres.ma\/index.php?rest_route=\/wp\/v2\/product\/21979","targetHints":{"allow":["GET"]}}],"collection":[{"href":"https:\/\/baralivres.ma\/index.php?rest_route=\/wp\/v2\/product"}],"about":[{"href":"https:\/\/baralivres.ma\/index.php?rest_route=\/wp\/v2\/types\/product"}],"replies":[{"embeddable":true,"href":"https:\/\/baralivres.ma\/index.php?rest_route=%2Fwp%2Fv2%2Fcomments&post=21979"}],"version-history":[{"count":1,"href":"https:\/\/baralivres.ma\/index.php?rest_route=\/wp\/v2\/product\/21979\/revisions"}],"predecessor-version":[{"id":21981,"href":"https:\/\/baralivres.ma\/index.php?rest_route=\/wp\/v2\/product\/21979\/revisions\/21981"}],"wp:featuredmedia":[{"embeddable":true,"href":"https:\/\/baralivres.ma\/index.php?rest_route=\/wp\/v2\/media\/21980"}],"wp:attachment":[{"href":"https:\/\/baralivres.ma\/index.php?rest_route=%2Fwp%2Fv2%2Fmedia&parent=21979"}],"wp:term":[{"taxonomy":"product_cat","embeddable":true,"href":"https:\/\/baralivres.ma\/index.php?rest_route=%2Fwp%2Fv2%2Fproduct_cat&post=21979"},{"taxonomy":"product_tag","embeddable":true,"href":"https:\/\/baralivres.ma\/index.php?rest_route=%2Fwp%2Fv2%2Fproduct_tag&post=21979"}],"curies":[{"name":"wp","href":"https:\/\/api.w.org\/{rel}","templated":true}]}}