{"id":21973,"date":"2024-11-04T17:48:24","date_gmt":"2024-11-04T16:48:24","guid":{"rendered":"https:\/\/baralivres.ma\/?post_type=product&#038;p=21973"},"modified":"2024-11-04T17:48:26","modified_gmt":"2024-11-04T16:48:26","slug":"larabe-du-futur-tome-2","status":"publish","type":"product","link":"https:\/\/baralivres.ma\/?product=larabe-du-futur-tome-2","title":{"rendered":"L&rsquo;Arabe du futur &#8211; Tome 2"},"content":{"rendered":"<p>N\u00e9 d&rsquo;un p\u00e8re syrien et d&rsquo;une m\u00e8re bretonne, Riad Sattouf nous plonge dans son enfance entre France et Moyen-Orient avec L&rsquo;Arabe du futur*. Dans le premier tome (1978-1984), nous suivons le petit Riad, ballot\u00e9 entre la Libye, la Bretagne et la Syrie. Ce second tome (1984-1985) nous emm\u00e8ne dans sa premi\u00e8re ann\u00e9e d\u2019\u00e9cole en Syrie : il y apprend \u00e0 lire et \u00e9crire en arabe, rencontre sa famille syrienne, et s&rsquo;efforce de devenir un \u00ab\u00a0vrai\u00a0\u00bb petit Syrien pour plaire \u00e0 son p\u00e8re, malgr\u00e9 ses cheveux blonds et ses origines fran\u00e7aises. Entre l\u2019\u00e9cole rurale de Ter Maaleh, les march\u00e9s noirs de Homs, et les visites au cousin g\u00e9n\u00e9ral proche du r\u00e9gime d\u2019Hafez Al-Assad, ce volume nous plonge dans une r\u00e9alit\u00e9 unique et saisissante sous la dictature. Avec son humour et son regard d\u2019enfant, Riad Sattouf livre ici un r\u00e9cit \u00e0 la fois bouleversant et captivant. *L&rsquo;Arabe du futur* est un succ\u00e8s ph\u00e9nom\u00e9nal : \u00e9lu meilleur album \u00e0 Angoul\u00eame 2015, vendu \u00e0 plus de 200 000 exemplaires et traduit en 15 langues !<\/p>\n","protected":false},"excerpt":{"rendered":"<p>Dans <em>L&rsquo;Arabe du futur<\/em>, Riad Sattouf raconte son enfance entre la France et le Moyen-Orient, m\u00ealant humour et regard critique sur la Syrie des ann\u00e9es 1980. Ce deuxi\u00e8me tome nous plonge dans ses premi\u00e8res exp\u00e9riences scolaires et familiales sous la dictature, offrant un r\u00e9cit \u00e0 la fois touchant et fascinant.<\/p>\n","protected":false},"featured_media":21974,"comment_status":"open","ping_status":"closed","template":"","meta":{"inline_featured_image":false},"product_cat":[3934,206],"product_tag":[],"class_list":{"0":"post-21973","1":"product","2":"type-product","3":"status-publish","4":"has-post-thumbnail","6":"product_cat-larabe-du-future","7":"product_cat-enfant-adolescente-francais-enfant-adolescente","8":"pa_auteurs-riad-sattouf","10":"first","11":"instock","12":"shipping-taxable","13":"purchasable","14":"product-type-simple"},"_links":{"self":[{"href":"https:\/\/baralivres.ma\/index.php?rest_route=\/wp\/v2\/product\/21973","targetHints":{"allow":["GET"]}}],"collection":[{"href":"https:\/\/baralivres.ma\/index.php?rest_route=\/wp\/v2\/product"}],"about":[{"href":"https:\/\/baralivres.ma\/index.php?rest_route=\/wp\/v2\/types\/product"}],"replies":[{"embeddable":true,"href":"https:\/\/baralivres.ma\/index.php?rest_route=%2Fwp%2Fv2%2Fcomments&post=21973"}],"version-history":[{"count":1,"href":"https:\/\/baralivres.ma\/index.php?rest_route=\/wp\/v2\/product\/21973\/revisions"}],"predecessor-version":[{"id":21975,"href":"https:\/\/baralivres.ma\/index.php?rest_route=\/wp\/v2\/product\/21973\/revisions\/21975"}],"wp:featuredmedia":[{"embeddable":true,"href":"https:\/\/baralivres.ma\/index.php?rest_route=\/wp\/v2\/media\/21974"}],"wp:attachment":[{"href":"https:\/\/baralivres.ma\/index.php?rest_route=%2Fwp%2Fv2%2Fmedia&parent=21973"}],"wp:term":[{"taxonomy":"product_cat","embeddable":true,"href":"https:\/\/baralivres.ma\/index.php?rest_route=%2Fwp%2Fv2%2Fproduct_cat&post=21973"},{"taxonomy":"product_tag","embeddable":true,"href":"https:\/\/baralivres.ma\/index.php?rest_route=%2Fwp%2Fv2%2Fproduct_tag&post=21973"}],"curies":[{"name":"wp","href":"https:\/\/api.w.org\/{rel}","templated":true}]}}