{"id":21967,"date":"2024-11-04T17:31:40","date_gmt":"2024-11-04T16:31:40","guid":{"rendered":"https:\/\/baralivres.ma\/?post_type=product&#038;p=21967"},"modified":"2024-11-04T17:31:40","modified_gmt":"2024-11-04T16:31:40","slug":"caring-for-horses-and-ponies","status":"publish","type":"product","link":"https:\/\/baralivres.ma\/?product=caring-for-horses-and-ponies","title":{"rendered":"Caring for Horses and Ponies"},"content":{"rendered":"<p>Care for Horses and Ponies est le guide incontournable pour tous les amoureux des chevaux, qu&rsquo;ils soient d\u00e9butants ou passionn\u00e9s exp\u00e9riment\u00e9s ! Ce livre vous offre des conseils pratiques pour comprendre et prendre soin de votre compagnon \u00e9quin, couvrant les bases de l&rsquo;alimentation, du toilettage, de l&rsquo;exercice et de la sant\u00e9. Gr\u00e2ce \u00e0 des illustrations claires et des explications d\u00e9taill\u00e9es, vous apprendrez \u00e0 \u00e9tablir une connexion unique avec votre cheval ou poney tout en assurant son bien-\u00eatre. Parfait pour renforcer votre savoir-faire et enrichir votre relation avec ces animaux majestueux, cet ouvrage est une ressource pr\u00e9cieuse et inspirante pour tous les cavaliers et soignants !<\/p>\n","protected":false},"excerpt":{"rendered":"<p>Care for Horses and Ponies est un guide pratique pour comprendre et bien s&rsquo;occuper des chevaux, avec des conseils sur l\u2019alimentation, le toilettage et la sant\u00e9. Illustr\u00e9 et informatif, ce livre est id\u00e9al pour renforcer votre connexion avec votre compagnon \u00e9quin et assurer son bien-\u00eatre.<\/p>\n","protected":false},"featured_media":21968,"comment_status":"open","ping_status":"closed","template":"","meta":{"inline_featured_image":false},"product_cat":[3899,3706],"product_tag":[],"class_list":{"0":"post-21967","1":"product","2":"type-product","3":"status-publish","4":"has-post-thumbnail","6":"product_cat-encyclopedies_anglais","7":"product_cat-encyclopedie-2","9":"first","10":"instock","11":"shipping-taxable","12":"purchasable","13":"product-type-simple"},"_links":{"self":[{"href":"https:\/\/baralivres.ma\/index.php?rest_route=\/wp\/v2\/product\/21967","targetHints":{"allow":["GET"]}}],"collection":[{"href":"https:\/\/baralivres.ma\/index.php?rest_route=\/wp\/v2\/product"}],"about":[{"href":"https:\/\/baralivres.ma\/index.php?rest_route=\/wp\/v2\/types\/product"}],"replies":[{"embeddable":true,"href":"https:\/\/baralivres.ma\/index.php?rest_route=%2Fwp%2Fv2%2Fcomments&post=21967"}],"version-history":[{"count":1,"href":"https:\/\/baralivres.ma\/index.php?rest_route=\/wp\/v2\/product\/21967\/revisions"}],"predecessor-version":[{"id":21969,"href":"https:\/\/baralivres.ma\/index.php?rest_route=\/wp\/v2\/product\/21967\/revisions\/21969"}],"wp:featuredmedia":[{"embeddable":true,"href":"https:\/\/baralivres.ma\/index.php?rest_route=\/wp\/v2\/media\/21968"}],"wp:attachment":[{"href":"https:\/\/baralivres.ma\/index.php?rest_route=%2Fwp%2Fv2%2Fmedia&parent=21967"}],"wp:term":[{"taxonomy":"product_cat","embeddable":true,"href":"https:\/\/baralivres.ma\/index.php?rest_route=%2Fwp%2Fv2%2Fproduct_cat&post=21967"},{"taxonomy":"product_tag","embeddable":true,"href":"https:\/\/baralivres.ma\/index.php?rest_route=%2Fwp%2Fv2%2Fproduct_tag&post=21967"}],"curies":[{"name":"wp","href":"https:\/\/api.w.org\/{rel}","templated":true}]}}