{"id":21964,"date":"2024-11-04T17:27:44","date_gmt":"2024-11-04T16:27:44","guid":{"rendered":"https:\/\/baralivres.ma\/?post_type=product&#038;p=21964"},"modified":"2024-11-04T17:27:45","modified_gmt":"2024-11-04T16:27:45","slug":"discover-first-aid","status":"publish","type":"product","link":"https:\/\/baralivres.ma\/?product=discover-first-aid","title":{"rendered":"DISCOVER FIRST AID"},"content":{"rendered":"<p>Discover First Aid est un guide essentiel qui vous apprend les bases des premiers secours de mani\u00e8re simple et pratique ! Con\u00e7u pour \u00eatre accessible \u00e0 tous, cet ouvrage couvre les techniques fondamentales pour r\u00e9agir face aux urgences, qu&rsquo;il s&rsquo;agisse de coupures, br\u00fblures, \u00e9touffements ou blessures plus graves. \u00c0 travers des illustrations claires et des explications \u00e9tape par \u00e9tape, il vous guide sur la bonne fa\u00e7on de r\u00e9agir pour sauver des vies et minimiser les risques. Les sections sp\u00e9cifiques aux urgences domestiques et ext\u00e9rieures rendent cet ouvrage polyvalent et utile dans de nombreuses situations. Que vous soyez d\u00e9butant ou souhaitiez rafra\u00eechir vos connaissances, *Discover First Aid* est une ressource pr\u00e9cieuse pour d\u00e9velopper votre confiance en cas d\u2019urgence.<\/p>\n","protected":false},"excerpt":{"rendered":"<p>Discover First Aid est un guide pratique et accessible qui enseigne les bases des premiers secours \u00e0 travers des \u00e9tapes claires et illustr\u00e9es. Id\u00e9al pour r\u00e9agir en cas d\u2019urgence, il couvre les techniques essentielles pour faire face aux blessures domestiques et ext\u00e9rieures.<\/p>\n","protected":false},"featured_media":21965,"comment_status":"open","ping_status":"closed","template":"","meta":{"inline_featured_image":false},"product_cat":[3899,3706],"product_tag":[],"class_list":{"0":"post-21964","1":"product","2":"type-product","3":"status-publish","4":"has-post-thumbnail","6":"product_cat-encyclopedies_anglais","7":"product_cat-encyclopedie-2","9":"first","10":"instock","11":"shipping-taxable","12":"purchasable","13":"product-type-simple"},"_links":{"self":[{"href":"https:\/\/baralivres.ma\/index.php?rest_route=\/wp\/v2\/product\/21964","targetHints":{"allow":["GET"]}}],"collection":[{"href":"https:\/\/baralivres.ma\/index.php?rest_route=\/wp\/v2\/product"}],"about":[{"href":"https:\/\/baralivres.ma\/index.php?rest_route=\/wp\/v2\/types\/product"}],"replies":[{"embeddable":true,"href":"https:\/\/baralivres.ma\/index.php?rest_route=%2Fwp%2Fv2%2Fcomments&post=21964"}],"version-history":[{"count":1,"href":"https:\/\/baralivres.ma\/index.php?rest_route=\/wp\/v2\/product\/21964\/revisions"}],"predecessor-version":[{"id":21966,"href":"https:\/\/baralivres.ma\/index.php?rest_route=\/wp\/v2\/product\/21964\/revisions\/21966"}],"wp:featuredmedia":[{"embeddable":true,"href":"https:\/\/baralivres.ma\/index.php?rest_route=\/wp\/v2\/media\/21965"}],"wp:attachment":[{"href":"https:\/\/baralivres.ma\/index.php?rest_route=%2Fwp%2Fv2%2Fmedia&parent=21964"}],"wp:term":[{"taxonomy":"product_cat","embeddable":true,"href":"https:\/\/baralivres.ma\/index.php?rest_route=%2Fwp%2Fv2%2Fproduct_cat&post=21964"},{"taxonomy":"product_tag","embeddable":true,"href":"https:\/\/baralivres.ma\/index.php?rest_route=%2Fwp%2Fv2%2Fproduct_tag&post=21964"}],"curies":[{"name":"wp","href":"https:\/\/api.w.org\/{rel}","templated":true}]}}