{"id":21946,"date":"2024-10-31T18:11:47","date_gmt":"2024-10-31T17:11:47","guid":{"rendered":"https:\/\/baralivres.ma\/?post_type=product&#038;p=21946"},"modified":"2024-10-31T18:11:48","modified_gmt":"2024-10-31T17:11:48","slug":"wonders-of-learning-my-first-dictionary","status":"publish","type":"product","link":"https:\/\/baralivres.ma\/?product=wonders-of-learning-my-first-dictionary","title":{"rendered":"Wonders of Learning &#8211; My First Dictionary"},"content":{"rendered":"<p>D\u00e9couvrez \u00ab\u00a0Mon premier dictionnaire\u00a0\u00bb de la s\u00e9rie \u00ab\u00a0Wonders of Learning\u00a0\u00bb ! Ce livre captivant est con\u00e7u pour \u00e9veiller la curiosit\u00e9 des jeunes lecteurs tout en leur offrant un acc\u00e8s facile \u00e0 un monde de connaissances. Chaque page regorge d&rsquo;illustrations color\u00e9es et de d\u00e9finitions simples, rendant l&rsquo;apprentissage amusant et interactif.<\/p>\n<p>Avec des cat\u00e9gories vari\u00e9es, allant des animaux aux \u00e9motions, les enfants peuvent explorer des concepts familiers et enrichir leur vocabulaire. Ce dictionnaire encyclop\u00e9dique stimule leur imagination tout en les aidant \u00e0 comprendre leur environnement.<\/p>\n<p>Parfait pour les premi\u00e8res d\u00e9couvertes, \u00ab\u00a0Mon premier dictionnaire\u00a0\u00bb est un compagnon id\u00e9al pour les petits curieux qui souhaitent apprendre en s&rsquo;amusant. Offrez \u00e0 votre enfant une aventure \u00e9ducative inoubliable avec ce livre incontournable !<\/p>\n","protected":false},"excerpt":{"rendered":"<p>\u00ab\u00a0Mon premier dictionnaire\u00a0\u00bb de la s\u00e9rie \u00ab\u00a0Wonders of Learning\u00a0\u00bb est un livre captivant qui offre aux jeunes lecteurs un acc\u00e8s \u00e0 un monde de connaissances \u00e0 travers des illustrations color\u00e9es et des d\u00e9finitions simples. Id\u00e9al pour enrichir le vocabulaire et stimuler la curiosit\u00e9, ce dictionnaire encyclop\u00e9dique rend l&rsquo;apprentissage amusant et interactif.<\/p>\n","protected":false},"featured_media":21947,"comment_status":"open","ping_status":"closed","template":"","meta":{"inline_featured_image":false},"product_cat":[3899,3706],"product_tag":[],"class_list":{"0":"post-21946","1":"product","2":"type-product","3":"status-publish","4":"has-post-thumbnail","6":"product_cat-encyclopedies_anglais","7":"product_cat-encyclopedie-2","9":"first","10":"instock","11":"shipping-taxable","12":"purchasable","13":"product-type-simple"},"_links":{"self":[{"href":"https:\/\/baralivres.ma\/index.php?rest_route=\/wp\/v2\/product\/21946","targetHints":{"allow":["GET"]}}],"collection":[{"href":"https:\/\/baralivres.ma\/index.php?rest_route=\/wp\/v2\/product"}],"about":[{"href":"https:\/\/baralivres.ma\/index.php?rest_route=\/wp\/v2\/types\/product"}],"replies":[{"embeddable":true,"href":"https:\/\/baralivres.ma\/index.php?rest_route=%2Fwp%2Fv2%2Fcomments&post=21946"}],"version-history":[{"count":1,"href":"https:\/\/baralivres.ma\/index.php?rest_route=\/wp\/v2\/product\/21946\/revisions"}],"predecessor-version":[{"id":21948,"href":"https:\/\/baralivres.ma\/index.php?rest_route=\/wp\/v2\/product\/21946\/revisions\/21948"}],"wp:featuredmedia":[{"embeddable":true,"href":"https:\/\/baralivres.ma\/index.php?rest_route=\/wp\/v2\/media\/21947"}],"wp:attachment":[{"href":"https:\/\/baralivres.ma\/index.php?rest_route=%2Fwp%2Fv2%2Fmedia&parent=21946"}],"wp:term":[{"taxonomy":"product_cat","embeddable":true,"href":"https:\/\/baralivres.ma\/index.php?rest_route=%2Fwp%2Fv2%2Fproduct_cat&post=21946"},{"taxonomy":"product_tag","embeddable":true,"href":"https:\/\/baralivres.ma\/index.php?rest_route=%2Fwp%2Fv2%2Fproduct_tag&post=21946"}],"curies":[{"name":"wp","href":"https:\/\/api.w.org\/{rel}","templated":true}]}}