{"id":21943,"date":"2024-10-31T18:00:20","date_gmt":"2024-10-31T17:00:20","guid":{"rendered":"https:\/\/baralivres.ma\/?post_type=product&#038;p=21943"},"modified":"2024-10-31T18:00:21","modified_gmt":"2024-10-31T17:00:21","slug":"la-grande-encyclopedie-visuelle-des-sciences","status":"publish","type":"product","link":"https:\/\/baralivres.ma\/?product=la-grande-encyclopedie-visuelle-des-sciences","title":{"rendered":"La grande encyclop\u00e9die visuelle des sciences"},"content":{"rendered":"<p>La grande encyclop\u00e9die visuelle des sciences est une r\u00e9f\u00e9rence passionnante qui explore les principaux domaines scientifiques \u00e0 travers des illustrations et sch\u00e9mas clairs. De la physique \u00e0 la biologie, en passant par l\u2019astronomie et la chimie, cet ouvrage rend accessibles les concepts complexes avec des explications d\u00e9taill\u00e9es et visuellement stimulantes. Id\u00e9al pour tous les curieux, il propose une immersion compl\u00e8te dans le monde des sciences, permettant de mieux comprendre les d\u00e9couvertes et principes qui fa\u00e7onnent notre univers.<\/p>\n","protected":false},"excerpt":{"rendered":"<p>La grande encyclop\u00e9die visuelle des sciences rend les sciences accessibles \u00e0 tous gr\u00e2ce \u00e0 des illustrations claires et des explications d\u00e9taill\u00e9es couvrant les principaux domaines scientifiques.<\/p>\n","protected":false},"featured_media":21944,"comment_status":"open","ping_status":"closed","template":"","meta":{"inline_featured_image":false},"product_cat":[3898,3706],"product_tag":[],"class_list":{"0":"post-21943","1":"product","2":"type-product","3":"status-publish","4":"has-post-thumbnail","6":"product_cat-encyclopedie_francais","7":"product_cat-encyclopedie-2","9":"first","10":"instock","11":"shipping-taxable","12":"purchasable","13":"product-type-simple"},"_links":{"self":[{"href":"https:\/\/baralivres.ma\/index.php?rest_route=\/wp\/v2\/product\/21943","targetHints":{"allow":["GET"]}}],"collection":[{"href":"https:\/\/baralivres.ma\/index.php?rest_route=\/wp\/v2\/product"}],"about":[{"href":"https:\/\/baralivres.ma\/index.php?rest_route=\/wp\/v2\/types\/product"}],"replies":[{"embeddable":true,"href":"https:\/\/baralivres.ma\/index.php?rest_route=%2Fwp%2Fv2%2Fcomments&post=21943"}],"version-history":[{"count":1,"href":"https:\/\/baralivres.ma\/index.php?rest_route=\/wp\/v2\/product\/21943\/revisions"}],"predecessor-version":[{"id":21945,"href":"https:\/\/baralivres.ma\/index.php?rest_route=\/wp\/v2\/product\/21943\/revisions\/21945"}],"wp:featuredmedia":[{"embeddable":true,"href":"https:\/\/baralivres.ma\/index.php?rest_route=\/wp\/v2\/media\/21944"}],"wp:attachment":[{"href":"https:\/\/baralivres.ma\/index.php?rest_route=%2Fwp%2Fv2%2Fmedia&parent=21943"}],"wp:term":[{"taxonomy":"product_cat","embeddable":true,"href":"https:\/\/baralivres.ma\/index.php?rest_route=%2Fwp%2Fv2%2Fproduct_cat&post=21943"},{"taxonomy":"product_tag","embeddable":true,"href":"https:\/\/baralivres.ma\/index.php?rest_route=%2Fwp%2Fv2%2Fproduct_tag&post=21943"}],"curies":[{"name":"wp","href":"https:\/\/api.w.org\/{rel}","templated":true}]}}