{"id":21940,"date":"2024-10-31T17:53:33","date_gmt":"2024-10-31T16:53:33","guid":{"rendered":"https:\/\/baralivres.ma\/?post_type=product&#038;p=21940"},"modified":"2024-10-31T17:53:33","modified_gmt":"2024-10-31T16:53:33","slug":"la-grande-encyclopedie-visuelle-de-la-nature","status":"publish","type":"product","link":"https:\/\/baralivres.ma\/?product=la-grande-encyclopedie-visuelle-de-la-nature","title":{"rendered":"La grande encyclop\u00e9die visuelle de la nature"},"content":{"rendered":"<p>&lsquo;La grande encyclop\u00e9die visuelle de la nature&rsquo; est un ouvrage \u00e0 la fois magnifique et instructif, alliant la richesse d\u2019un beau livre illustr\u00e9 \u00e0 la pr\u00e9cision d\u2019une encyclop\u00e9die de r\u00e9f\u00e9rence. Gr\u00e2ce \u00e0 des photographies in\u00e9dites et spectaculaires d\u2019animaux et de plantes, il invite le lecteur \u00e0 explorer la diversit\u00e9 \u00e9tonnante de notre plan\u00e8te. Plus de 150 entr\u00e9es d\u00e9taillent les merveilles de la nature, r\u00e9parties en 10 grands chapitres couvrant le monde v\u00e9g\u00e9tal (graines, racines, feuilles\u2026) et les principales familles du r\u00e8gne animal (invert\u00e9br\u00e9s, poissons, amphibiens, reptiles, oiseaux, mammif\u00e8res). Des macrophotographies, sch\u00e9mas et vues en coupe enrichissent ce livre exceptionnel, offrant de nouvelles perspectives pour red\u00e9couvrir la nature et ses incroyables secrets.<\/p>\n","protected":false},"excerpt":{"rendered":"<p>La grande encyclop\u00e9die visuelle de la nature est un ouvrage somptueux qui explore la diversit\u00e9 du vivant avec des photos in\u00e9dites et des descriptions d\u00e9taill\u00e9es du monde v\u00e9g\u00e9tal et animal. Riche en illustrations, il offre un panorama captivant des merveilles naturelles de notre plan\u00e8te.<\/p>\n","protected":false},"featured_media":21941,"comment_status":"open","ping_status":"closed","template":"","meta":{"inline_featured_image":false},"product_cat":[3898,3706],"product_tag":[],"class_list":{"0":"post-21940","1":"product","2":"type-product","3":"status-publish","4":"has-post-thumbnail","6":"product_cat-encyclopedie_francais","7":"product_cat-encyclopedie-2","9":"first","10":"instock","11":"shipping-taxable","12":"purchasable","13":"product-type-simple"},"_links":{"self":[{"href":"https:\/\/baralivres.ma\/index.php?rest_route=\/wp\/v2\/product\/21940","targetHints":{"allow":["GET"]}}],"collection":[{"href":"https:\/\/baralivres.ma\/index.php?rest_route=\/wp\/v2\/product"}],"about":[{"href":"https:\/\/baralivres.ma\/index.php?rest_route=\/wp\/v2\/types\/product"}],"replies":[{"embeddable":true,"href":"https:\/\/baralivres.ma\/index.php?rest_route=%2Fwp%2Fv2%2Fcomments&post=21940"}],"version-history":[{"count":1,"href":"https:\/\/baralivres.ma\/index.php?rest_route=\/wp\/v2\/product\/21940\/revisions"}],"predecessor-version":[{"id":21942,"href":"https:\/\/baralivres.ma\/index.php?rest_route=\/wp\/v2\/product\/21940\/revisions\/21942"}],"wp:featuredmedia":[{"embeddable":true,"href":"https:\/\/baralivres.ma\/index.php?rest_route=\/wp\/v2\/media\/21941"}],"wp:attachment":[{"href":"https:\/\/baralivres.ma\/index.php?rest_route=%2Fwp%2Fv2%2Fmedia&parent=21940"}],"wp:term":[{"taxonomy":"product_cat","embeddable":true,"href":"https:\/\/baralivres.ma\/index.php?rest_route=%2Fwp%2Fv2%2Fproduct_cat&post=21940"},{"taxonomy":"product_tag","embeddable":true,"href":"https:\/\/baralivres.ma\/index.php?rest_route=%2Fwp%2Fv2%2Fproduct_tag&post=21940"}],"curies":[{"name":"wp","href":"https:\/\/api.w.org\/{rel}","templated":true}]}}