{"id":21934,"date":"2024-10-31T17:40:52","date_gmt":"2024-10-31T16:40:52","guid":{"rendered":"https:\/\/baralivres.ma\/?post_type=product&#038;p=21934"},"modified":"2024-10-31T17:40:52","modified_gmt":"2024-10-31T16:40:52","slug":"incroyables-sciences","status":"publish","type":"product","link":"https:\/\/baralivres.ma\/?product=incroyables-sciences","title":{"rendered":"Incroyables Sciences"},"content":{"rendered":"<p>Incroyables Sciences de Jack Challoner, Kat Day et Hilary Lamb est un ouvrage passionnant qui d\u00e9voile les myst\u00e8res et merveilles de la science de fa\u00e7on accessible et captivante. Avec des explications claires, des exp\u00e9riences amusantes et des illustrations vivantes, ce livre explore des concepts scientifiques essentiels \u00e0 travers des d\u00e9monstrations pratiques et des faits \u00e9tonnants. Id\u00e9al pour \u00e9veiller la curiosit\u00e9 des jeunes esprits comme des adultes, il couvre des domaines vari\u00e9s, des ph\u00e9nom\u00e8nes naturels aux grandes d\u00e9couvertes modernes. Une lecture incontournable pour tous ceux qui veulent comprendre et s\u2019\u00e9merveiller des lois fascinantes qui r\u00e9gissent notre monde !<\/p>\n","protected":false},"excerpt":{"rendered":"<p>Incroyables Sciences de Jack Challoner, Kat Day et Hilary Lamb rend la science accessible et passionnante, avec des explications claires, des exp\u00e9riences ludiques et des illustrations vivantes. Ce livre explore des concepts essentiels et des d\u00e9couvertes fascinantes, id\u00e9al pour \u00e9veiller la curiosit\u00e9 de tous.<\/p>\n","protected":false},"featured_media":21935,"comment_status":"open","ping_status":"closed","template":"","meta":{"inline_featured_image":false},"product_cat":[3898,3706],"product_tag":[],"class_list":{"0":"post-21934","1":"product","2":"type-product","3":"status-publish","4":"has-post-thumbnail","6":"product_cat-encyclopedie_francais","7":"product_cat-encyclopedie-2","8":"pa_auteurs-hilary-lamb","9":"pa_auteurs-jack-challoner","10":"pa_auteurs-kat-day","12":"first","13":"instock","14":"shipping-taxable","15":"purchasable","16":"product-type-simple"},"_links":{"self":[{"href":"https:\/\/baralivres.ma\/index.php?rest_route=\/wp\/v2\/product\/21934","targetHints":{"allow":["GET"]}}],"collection":[{"href":"https:\/\/baralivres.ma\/index.php?rest_route=\/wp\/v2\/product"}],"about":[{"href":"https:\/\/baralivres.ma\/index.php?rest_route=\/wp\/v2\/types\/product"}],"replies":[{"embeddable":true,"href":"https:\/\/baralivres.ma\/index.php?rest_route=%2Fwp%2Fv2%2Fcomments&post=21934"}],"version-history":[{"count":1,"href":"https:\/\/baralivres.ma\/index.php?rest_route=\/wp\/v2\/product\/21934\/revisions"}],"predecessor-version":[{"id":21936,"href":"https:\/\/baralivres.ma\/index.php?rest_route=\/wp\/v2\/product\/21934\/revisions\/21936"}],"wp:featuredmedia":[{"embeddable":true,"href":"https:\/\/baralivres.ma\/index.php?rest_route=\/wp\/v2\/media\/21935"}],"wp:attachment":[{"href":"https:\/\/baralivres.ma\/index.php?rest_route=%2Fwp%2Fv2%2Fmedia&parent=21934"}],"wp:term":[{"taxonomy":"product_cat","embeddable":true,"href":"https:\/\/baralivres.ma\/index.php?rest_route=%2Fwp%2Fv2%2Fproduct_cat&post=21934"},{"taxonomy":"product_tag","embeddable":true,"href":"https:\/\/baralivres.ma\/index.php?rest_route=%2Fwp%2Fv2%2Fproduct_tag&post=21934"}],"curies":[{"name":"wp","href":"https:\/\/api.w.org\/{rel}","templated":true}]}}