{"id":21931,"date":"2024-10-31T17:34:18","date_gmt":"2024-10-31T16:34:18","guid":{"rendered":"https:\/\/baralivres.ma\/?post_type=product&#038;p=21931"},"modified":"2024-10-31T17:34:19","modified_gmt":"2024-10-31T16:34:19","slug":"mon-encyclo-des-animaux","status":"publish","type":"product","link":"https:\/\/baralivres.ma\/?product=mon-encyclo-des-animaux","title":{"rendered":"Mon encyclo des animaux"},"content":{"rendered":"<p>Mon encyclo des animaux est une aventure fascinante pour d\u00e9couvrir les merveilles du r\u00e8gne animal ! Ce livre richement illustr\u00e9 invite petits et grands \u00e0 explorer la diversit\u00e9 des esp\u00e8ces, des plus connues aux plus surprenantes, avec des informations claires et adapt\u00e9es \u00e0 tous les \u00e2ges. Chaque page r\u00e9v\u00e8le des faits captivants sur les habitats, comportements et adaptations uniques des animaux, permettant de mieux comprendre leur mode de vie. Gr\u00e2ce \u00e0 une pr\u00e9sentation color\u00e9e et des anecdotes amusantes, cet ouvrage sensibilise \u00e0 l&rsquo;importance de pr\u00e9server la faune qui nous entoure. Id\u00e9al pour \u00e9veiller la curiosit\u00e9 et le respect envers nos compagnons de la plan\u00e8te, *Mon encyclo des animaux* est une ressource pr\u00e9cieuse pour toute la famille !<\/p>\n","protected":false},"excerpt":{"rendered":"<p>Mon encyclo des animaux propose une exploration fascinante et illustr\u00e9e de la diversit\u00e9 des esp\u00e8ces animales, avec des informations accessibles sur leurs habitats et comportements. Id\u00e9al pour \u00e9veiller curiosit\u00e9 et respect, ce livre sensibilise petits et grands \u00e0 la richesse de la faune et \u00e0 son importance.<\/p>\n","protected":false},"featured_media":21932,"comment_status":"open","ping_status":"closed","template":"","meta":{"inline_featured_image":false},"product_cat":[3898,3706],"product_tag":[],"class_list":{"0":"post-21931","1":"product","2":"type-product","3":"status-publish","4":"has-post-thumbnail","6":"product_cat-encyclopedie_francais","7":"product_cat-encyclopedie-2","9":"first","10":"instock","11":"shipping-taxable","12":"purchasable","13":"product-type-simple"},"_links":{"self":[{"href":"https:\/\/baralivres.ma\/index.php?rest_route=\/wp\/v2\/product\/21931","targetHints":{"allow":["GET"]}}],"collection":[{"href":"https:\/\/baralivres.ma\/index.php?rest_route=\/wp\/v2\/product"}],"about":[{"href":"https:\/\/baralivres.ma\/index.php?rest_route=\/wp\/v2\/types\/product"}],"replies":[{"embeddable":true,"href":"https:\/\/baralivres.ma\/index.php?rest_route=%2Fwp%2Fv2%2Fcomments&post=21931"}],"version-history":[{"count":1,"href":"https:\/\/baralivres.ma\/index.php?rest_route=\/wp\/v2\/product\/21931\/revisions"}],"predecessor-version":[{"id":21933,"href":"https:\/\/baralivres.ma\/index.php?rest_route=\/wp\/v2\/product\/21931\/revisions\/21933"}],"wp:featuredmedia":[{"embeddable":true,"href":"https:\/\/baralivres.ma\/index.php?rest_route=\/wp\/v2\/media\/21932"}],"wp:attachment":[{"href":"https:\/\/baralivres.ma\/index.php?rest_route=%2Fwp%2Fv2%2Fmedia&parent=21931"}],"wp:term":[{"taxonomy":"product_cat","embeddable":true,"href":"https:\/\/baralivres.ma\/index.php?rest_route=%2Fwp%2Fv2%2Fproduct_cat&post=21931"},{"taxonomy":"product_tag","embeddable":true,"href":"https:\/\/baralivres.ma\/index.php?rest_route=%2Fwp%2Fv2%2Fproduct_tag&post=21931"}],"curies":[{"name":"wp","href":"https:\/\/api.w.org\/{rel}","templated":true}]}}