{"id":21926,"date":"2024-10-29T18:25:40","date_gmt":"2024-10-29T17:25:40","guid":{"rendered":"https:\/\/baralivres.ma\/?post_type=product&#038;p=21926"},"modified":"2024-10-29T18:25:40","modified_gmt":"2024-10-29T17:25:40","slug":"encyclopedie-des-arts","status":"publish","type":"product","link":"https:\/\/baralivres.ma\/?product=encyclopedie-des-arts","title":{"rendered":"Encyclop\u00e9die des arts"},"content":{"rendered":"<p>D\u00e9couvrez l&rsquo;*Encyclop\u00e9die des arts*, une invitation passionnante \u00e0 explorer les diff\u00e9rentes formes d\u2019expression artistique \u00e0 travers les \u00e2ges ! Ce livre richement illustr\u00e9 vous plonge dans l\u2019univers de la peinture, de la sculpture, de la musique, du th\u00e9\u00e2tre et bien plus encore, tout en vous r\u00e9v\u00e9lant les \u0153uvres et les artistes qui ont marqu\u00e9 l\u2019histoire. Avec des analyses approfondies et des anecdotes captivantes, vous serez transport\u00e9 dans un voyage cr\u00e9atif qui enrichira votre appr\u00e9ciation de l\u2019art sous toutes ses formes. Que vous soyez un amateur d\u2019art ou simplement curieux, cet ouvrage est une ressource inestimable pour \u00e9veiller votre sensibilit\u00e9 artistique et stimuler votre imagination !<\/p>\n","protected":false},"excerpt":{"rendered":"<p>L\u2019*Encyclop\u00e9die des arts* est une exploration captivante des diff\u00e9rentes formes d\u2019expression artistique \u00e0 travers l&rsquo;histoire, de la peinture \u00e0 la musique. Richement illustr\u00e9, cet ouvrage r\u00e9v\u00e8le les \u0153uvres et artistes marquants, offrant des analyses approfondies et des anecdotes fascinantes pour enrichir votre appr\u00e9ciation de l&rsquo;art.<\/p>\n","protected":false},"featured_media":21927,"comment_status":"open","ping_status":"closed","template":"","meta":{"inline_featured_image":false},"product_cat":[3898,3706],"product_tag":[],"class_list":{"0":"post-21926","1":"product","2":"type-product","3":"status-publish","4":"has-post-thumbnail","6":"product_cat-encyclopedie_francais","7":"product_cat-encyclopedie-2","8":"pa_auteurs-david-taylor","9":"pa_auteurs-joe-fullman","10":"pa_auteurs-peter-chrisp","11":"pa_auteurs-susie-hodge","13":"first","14":"instock","15":"shipping-taxable","16":"purchasable","17":"product-type-simple"},"_links":{"self":[{"href":"https:\/\/baralivres.ma\/index.php?rest_route=\/wp\/v2\/product\/21926","targetHints":{"allow":["GET"]}}],"collection":[{"href":"https:\/\/baralivres.ma\/index.php?rest_route=\/wp\/v2\/product"}],"about":[{"href":"https:\/\/baralivres.ma\/index.php?rest_route=\/wp\/v2\/types\/product"}],"replies":[{"embeddable":true,"href":"https:\/\/baralivres.ma\/index.php?rest_route=%2Fwp%2Fv2%2Fcomments&post=21926"}],"version-history":[{"count":1,"href":"https:\/\/baralivres.ma\/index.php?rest_route=\/wp\/v2\/product\/21926\/revisions"}],"predecessor-version":[{"id":21928,"href":"https:\/\/baralivres.ma\/index.php?rest_route=\/wp\/v2\/product\/21926\/revisions\/21928"}],"wp:featuredmedia":[{"embeddable":true,"href":"https:\/\/baralivres.ma\/index.php?rest_route=\/wp\/v2\/media\/21927"}],"wp:attachment":[{"href":"https:\/\/baralivres.ma\/index.php?rest_route=%2Fwp%2Fv2%2Fmedia&parent=21926"}],"wp:term":[{"taxonomy":"product_cat","embeddable":true,"href":"https:\/\/baralivres.ma\/index.php?rest_route=%2Fwp%2Fv2%2Fproduct_cat&post=21926"},{"taxonomy":"product_tag","embeddable":true,"href":"https:\/\/baralivres.ma\/index.php?rest_route=%2Fwp%2Fv2%2Fproduct_tag&post=21926"}],"curies":[{"name":"wp","href":"https:\/\/api.w.org\/{rel}","templated":true}]}}