{"id":21920,"date":"2024-10-29T18:15:28","date_gmt":"2024-10-29T17:15:28","guid":{"rendered":"https:\/\/baralivres.ma\/?post_type=product&#038;p=21920"},"modified":"2024-10-29T18:15:29","modified_gmt":"2024-10-29T17:15:29","slug":"encyclopedie-du-corps-humain","status":"publish","type":"product","link":"https:\/\/baralivres.ma\/?product=encyclopedie-du-corps-humain","title":{"rendered":"Encyclop\u00e9die du corps humain"},"content":{"rendered":"<p>Plongez dans l&rsquo;*Encyclop\u00e9die du corps humain*, un voyage captivant au c\u0153ur de notre anatomie et de nos fonctions vitales ! Ce livre fascinant explore chaque syst\u00e8me du corps, de la circulation sanguine au syst\u00e8me nerveux, avec des illustrations d\u00e9taill\u00e9es et des explications claires. Gr\u00e2ce \u00e0 des informations scientifiques \u00e0 jour et des anecdotes surprenantes, vous d\u00e9couvrirez les myst\u00e8res qui r\u00e9gissent notre existence. Que vous soyez passionn\u00e9 de biologie ou simplement curieux d\u2019en savoir plus sur vous-m\u00eame, cette encyclop\u00e9die est une ressource inestimable pour comprendre le fonctionnement complexe et incroyable de votre corps. Ne manquez pas cette occasion d\u2019\u00e9largir vos connaissances et d&rsquo;\u00e9veiller votre curiosit\u00e9 !<\/p>\n","protected":false},"excerpt":{"rendered":"<p>D\u00e9couvrez l&rsquo;*Encyclop\u00e9die du corps humain*, un ouvrage fascinant qui explore chaque syst\u00e8me du corps avec des illustrations d\u00e9taill\u00e9es et des explications claires. Gr\u00e2ce \u00e0 des informations scientifiques \u00e0 jour et des anecdotes surprenantes, vous pourrez percer les myst\u00e8res de notre anatomie et de nos fonctions vitales. Un indispensable pour quiconque souhaite mieux comprendre le fonctionnement incroyable de son corps !<\/p>\n","protected":false},"featured_media":21921,"comment_status":"open","ping_status":"closed","template":"","meta":{"inline_featured_image":false},"product_cat":[3898,3706],"product_tag":[],"class_list":{"0":"post-21920","1":"product","2":"type-product","3":"status-publish","4":"has-post-thumbnail","6":"product_cat-encyclopedie_francais","7":"product_cat-encyclopedie-2","9":"first","10":"instock","11":"shipping-taxable","12":"purchasable","13":"product-type-simple"},"_links":{"self":[{"href":"https:\/\/baralivres.ma\/index.php?rest_route=\/wp\/v2\/product\/21920","targetHints":{"allow":["GET"]}}],"collection":[{"href":"https:\/\/baralivres.ma\/index.php?rest_route=\/wp\/v2\/product"}],"about":[{"href":"https:\/\/baralivres.ma\/index.php?rest_route=\/wp\/v2\/types\/product"}],"replies":[{"embeddable":true,"href":"https:\/\/baralivres.ma\/index.php?rest_route=%2Fwp%2Fv2%2Fcomments&post=21920"}],"version-history":[{"count":1,"href":"https:\/\/baralivres.ma\/index.php?rest_route=\/wp\/v2\/product\/21920\/revisions"}],"predecessor-version":[{"id":21922,"href":"https:\/\/baralivres.ma\/index.php?rest_route=\/wp\/v2\/product\/21920\/revisions\/21922"}],"wp:featuredmedia":[{"embeddable":true,"href":"https:\/\/baralivres.ma\/index.php?rest_route=\/wp\/v2\/media\/21921"}],"wp:attachment":[{"href":"https:\/\/baralivres.ma\/index.php?rest_route=%2Fwp%2Fv2%2Fmedia&parent=21920"}],"wp:term":[{"taxonomy":"product_cat","embeddable":true,"href":"https:\/\/baralivres.ma\/index.php?rest_route=%2Fwp%2Fv2%2Fproduct_cat&post=21920"},{"taxonomy":"product_tag","embeddable":true,"href":"https:\/\/baralivres.ma\/index.php?rest_route=%2Fwp%2Fv2%2Fproduct_tag&post=21920"}],"curies":[{"name":"wp","href":"https:\/\/api.w.org\/{rel}","templated":true}]}}