{"id":21917,"date":"2024-10-29T18:11:01","date_gmt":"2024-10-29T17:11:01","guid":{"rendered":"https:\/\/baralivres.ma\/?post_type=product&#038;p=21917"},"modified":"2024-10-29T18:11:01","modified_gmt":"2024-10-29T17:11:01","slug":"encyclopedie-des-dinosaures","status":"publish","type":"product","link":"https:\/\/baralivres.ma\/?product=encyclopedie-des-dinosaures","title":{"rendered":"Encyclop\u00e9die des dinosaures"},"content":{"rendered":"<p>Plongez dans l&rsquo;*Encyclop\u00e9die des dinosaures*, qui vous pr\u00e9sente tous les animaux pr\u00e9historiques, des plus c\u00e9l\u00e8bres aux plus m\u00e9connus ! Avec plus de 1500 photos et des reconstitutions en 3D in\u00e9dites, cet ouvrage r\u00e9v\u00e8le ces esp\u00e8ces en action dans leur habitat naturel. Explorez un panorama complet de la vie animale primitive, depuis l\u2019apparition de la vie sur Terre jusqu\u2019aux premiers humains. Pr\u00e8s de 500 fiches r\u00e9dig\u00e9es par des sp\u00e9cialistes vous guident \u00e0 travers les d\u00e9couvertes les plus r\u00e9centes, incluant de nouvelles esp\u00e8ces, th\u00e9ories, \u00e9volutions et lign\u00e9es. Une immersion fascinante pour tous les passionn\u00e9s de pal\u00e9ontologie et d\u2019histoire naturelle !<\/p>\n","protected":false},"excerpt":{"rendered":"<p>L\u2019*Encyclop\u00e9die des dinosaures* pr\u00e9sente tous les animaux pr\u00e9historiques, des plus c\u00e9l\u00e8bres aux plus m\u00e9connus, avec plus de 1500 photos et reconstitutions en 3D montrant leur habitat naturel. Ce panorama complet inclut pr\u00e8s de 500 fiches sp\u00e9cialis\u00e9es et les d\u00e9couvertes les plus r\u00e9centes sur les esp\u00e8ces, th\u00e9ories et \u00e9volutions.<\/p>\n","protected":false},"featured_media":21918,"comment_status":"open","ping_status":"closed","template":"","meta":{"inline_featured_image":false},"product_cat":[3898,3706],"product_tag":[],"class_list":{"0":"post-21917","1":"product","2":"type-product","3":"status-publish","4":"has-post-thumbnail","6":"product_cat-encyclopedie_francais","7":"product_cat-encyclopedie-2","9":"first","10":"instock","11":"shipping-taxable","12":"purchasable","13":"product-type-simple"},"_links":{"self":[{"href":"https:\/\/baralivres.ma\/index.php?rest_route=\/wp\/v2\/product\/21917","targetHints":{"allow":["GET"]}}],"collection":[{"href":"https:\/\/baralivres.ma\/index.php?rest_route=\/wp\/v2\/product"}],"about":[{"href":"https:\/\/baralivres.ma\/index.php?rest_route=\/wp\/v2\/types\/product"}],"replies":[{"embeddable":true,"href":"https:\/\/baralivres.ma\/index.php?rest_route=%2Fwp%2Fv2%2Fcomments&post=21917"}],"version-history":[{"count":1,"href":"https:\/\/baralivres.ma\/index.php?rest_route=\/wp\/v2\/product\/21917\/revisions"}],"predecessor-version":[{"id":21919,"href":"https:\/\/baralivres.ma\/index.php?rest_route=\/wp\/v2\/product\/21917\/revisions\/21919"}],"wp:featuredmedia":[{"embeddable":true,"href":"https:\/\/baralivres.ma\/index.php?rest_route=\/wp\/v2\/media\/21918"}],"wp:attachment":[{"href":"https:\/\/baralivres.ma\/index.php?rest_route=%2Fwp%2Fv2%2Fmedia&parent=21917"}],"wp:term":[{"taxonomy":"product_cat","embeddable":true,"href":"https:\/\/baralivres.ma\/index.php?rest_route=%2Fwp%2Fv2%2Fproduct_cat&post=21917"},{"taxonomy":"product_tag","embeddable":true,"href":"https:\/\/baralivres.ma\/index.php?rest_route=%2Fwp%2Fv2%2Fproduct_tag&post=21917"}],"curies":[{"name":"wp","href":"https:\/\/api.w.org\/{rel}","templated":true}]}}