{"id":21908,"date":"2024-10-29T17:54:27","date_gmt":"2024-10-29T16:54:27","guid":{"rendered":"https:\/\/baralivres.ma\/?post_type=product&#038;p=21908"},"modified":"2024-10-29T17:54:27","modified_gmt":"2024-10-29T16:54:27","slug":"encyclopedie-des-sciences","status":"publish","type":"product","link":"https:\/\/baralivres.ma\/?product=encyclopedie-des-sciences","title":{"rendered":"Encyclop\u00e9die des sciences"},"content":{"rendered":"<p>L\u2019*Encyclop\u00e9die des sciences* est une ressource incontournable pour explorer l\u2019univers des sciences et des techniques, con\u00e7ue pour rendre l\u2019apprentissage captivant et accessible. Avec plus de 1000 illustrations \u2013 photos, sch\u00e9mas, maquettes, et cartes \u2013, chaque notion scientifique devient concr\u00e8te et visuelle. Son organisation claire et sa mise en page attrayante facilitent la navigation et l\u2019assimilation des informations. Les textes sont \u00e0 la fois pr\u00e9cis et conformes aux programmes des coll\u00e8ges et lyc\u00e9es, permettant aux \u00e9l\u00e8ves d\u2019approfondir leurs connaissances. Class\u00e9e en 8 chapitres couvrant mati\u00e8re, \u00e9nergies, \u00e9lectricit\u00e9, espace, Terre, plantes, animaux, et corps humain, cette encyclop\u00e9die aborde plus de 300 th\u00e8mes scientifiques essentiels.<\/p>\n","protected":false},"excerpt":{"rendered":"<p>L\u2019*Encyclop\u00e9die des sciences* est une r\u00e9f\u00e9rence richement illustr\u00e9e pour d\u00e9couvrir les sciences et techniques, avec plus de 1000 images et une mise en page claire. Elle couvre 300 sujets scientifiques, allant de la mati\u00e8re aux \u00e9nergies, en passant par la biologie et l\u2019espace. Con\u00e7ue pour les \u00e9l\u00e8ves, elle rend les notions scientifiques accessibles et conformes aux programmes scolaires.<\/p>\n","protected":false},"featured_media":21909,"comment_status":"open","ping_status":"closed","template":"","meta":{"inline_featured_image":false},"product_cat":[3898,3706],"product_tag":[],"class_list":{"0":"post-21908","1":"product","2":"type-product","3":"status-publish","4":"has-post-thumbnail","6":"product_cat-encyclopedie_francais","7":"product_cat-encyclopedie-2","9":"first","10":"instock","11":"shipping-taxable","12":"purchasable","13":"product-type-simple"},"_links":{"self":[{"href":"https:\/\/baralivres.ma\/index.php?rest_route=\/wp\/v2\/product\/21908","targetHints":{"allow":["GET"]}}],"collection":[{"href":"https:\/\/baralivres.ma\/index.php?rest_route=\/wp\/v2\/product"}],"about":[{"href":"https:\/\/baralivres.ma\/index.php?rest_route=\/wp\/v2\/types\/product"}],"replies":[{"embeddable":true,"href":"https:\/\/baralivres.ma\/index.php?rest_route=%2Fwp%2Fv2%2Fcomments&post=21908"}],"version-history":[{"count":1,"href":"https:\/\/baralivres.ma\/index.php?rest_route=\/wp\/v2\/product\/21908\/revisions"}],"predecessor-version":[{"id":21910,"href":"https:\/\/baralivres.ma\/index.php?rest_route=\/wp\/v2\/product\/21908\/revisions\/21910"}],"wp:featuredmedia":[{"embeddable":true,"href":"https:\/\/baralivres.ma\/index.php?rest_route=\/wp\/v2\/media\/21909"}],"wp:attachment":[{"href":"https:\/\/baralivres.ma\/index.php?rest_route=%2Fwp%2Fv2%2Fmedia&parent=21908"}],"wp:term":[{"taxonomy":"product_cat","embeddable":true,"href":"https:\/\/baralivres.ma\/index.php?rest_route=%2Fwp%2Fv2%2Fproduct_cat&post=21908"},{"taxonomy":"product_tag","embeddable":true,"href":"https:\/\/baralivres.ma\/index.php?rest_route=%2Fwp%2Fv2%2Fproduct_tag&post=21908"}],"curies":[{"name":"wp","href":"https:\/\/api.w.org\/{rel}","templated":true}]}}