{"id":21905,"date":"2024-10-29T17:48:53","date_gmt":"2024-10-29T16:48:53","guid":{"rendered":"https:\/\/baralivres.ma\/?post_type=product&#038;p=21905"},"modified":"2024-10-29T17:48:54","modified_gmt":"2024-10-29T16:48:54","slug":"encyclopedie-de-lespace","status":"publish","type":"product","link":"https:\/\/baralivres.ma\/?product=encyclopedie-de-lespace","title":{"rendered":"Encyclop\u00e9die de l&rsquo;espace"},"content":{"rendered":"<p>L\u2019*Encyclop\u00e9die de l\u2019espace* offre une exploration fascinante et magnifiquement illustr\u00e9e de l\u2019Univers ! Avec plus de 800 photographies d\u00e9taill\u00e9es, elle d\u00e9voile la beaut\u00e9 des galaxies, n\u00e9buleuses, plan\u00e8tes, \u00e9toiles, et autres objets c\u00e9lestes. Les textes clairs, valid\u00e9s par des experts, retracent l\u2019histoire de l\u2019astronomie, la conqu\u00eate spatiale et les techniques d\u2019observation. Des outils pratiques \u2013 fiches, chronologies, sch\u00e9mas, cartes et biographies d\u2019astronomes \u2013 facilitent l\u2019acc\u00e8s aux informations essentielles, faisant de ce livre un compagnon id\u00e9al pour tout passionn\u00e9 de l\u2019espace.<\/p>\n","protected":false},"excerpt":{"rendered":"<p>L\u2019*Encyclop\u00e9die de l\u2019espace* est une immersion visuelle et \u00e9ducative dans l\u2019Univers, avec des photos spectaculaires et des textes clairs sur l\u2019astronomie et la conqu\u00eate spatiale. Des outils pratiques permettent d\u2019acc\u00e9der facilement aux connaissances essentielles.<\/p>\n","protected":false},"featured_media":21906,"comment_status":"open","ping_status":"closed","template":"","meta":{"inline_featured_image":false},"product_cat":[3898,3706],"product_tag":[],"class_list":{"0":"post-21905","1":"product","2":"type-product","3":"status-publish","4":"has-post-thumbnail","6":"product_cat-encyclopedie_francais","7":"product_cat-encyclopedie-2","9":"first","10":"instock","11":"shipping-taxable","12":"purchasable","13":"product-type-simple"},"_links":{"self":[{"href":"https:\/\/baralivres.ma\/index.php?rest_route=\/wp\/v2\/product\/21905","targetHints":{"allow":["GET"]}}],"collection":[{"href":"https:\/\/baralivres.ma\/index.php?rest_route=\/wp\/v2\/product"}],"about":[{"href":"https:\/\/baralivres.ma\/index.php?rest_route=\/wp\/v2\/types\/product"}],"replies":[{"embeddable":true,"href":"https:\/\/baralivres.ma\/index.php?rest_route=%2Fwp%2Fv2%2Fcomments&post=21905"}],"version-history":[{"count":1,"href":"https:\/\/baralivres.ma\/index.php?rest_route=\/wp\/v2\/product\/21905\/revisions"}],"predecessor-version":[{"id":21907,"href":"https:\/\/baralivres.ma\/index.php?rest_route=\/wp\/v2\/product\/21905\/revisions\/21907"}],"wp:featuredmedia":[{"embeddable":true,"href":"https:\/\/baralivres.ma\/index.php?rest_route=\/wp\/v2\/media\/21906"}],"wp:attachment":[{"href":"https:\/\/baralivres.ma\/index.php?rest_route=%2Fwp%2Fv2%2Fmedia&parent=21905"}],"wp:term":[{"taxonomy":"product_cat","embeddable":true,"href":"https:\/\/baralivres.ma\/index.php?rest_route=%2Fwp%2Fv2%2Fproduct_cat&post=21905"},{"taxonomy":"product_tag","embeddable":true,"href":"https:\/\/baralivres.ma\/index.php?rest_route=%2Fwp%2Fv2%2Fproduct_tag&post=21905"}],"curies":[{"name":"wp","href":"https:\/\/api.w.org\/{rel}","templated":true}]}}