{"id":21890,"date":"2024-10-28T18:05:34","date_gmt":"2024-10-28T17:05:34","guid":{"rendered":"https:\/\/baralivres.ma\/?post_type=product&#038;p=21890"},"modified":"2024-10-28T18:05:35","modified_gmt":"2024-10-28T17:05:35","slug":"quand-nous-serons-heureux","status":"publish","type":"product","link":"https:\/\/baralivres.ma\/?product=quand-nous-serons-heureux","title":{"rendered":"QUAND NOUS SERONS HEUREUX"},"content":{"rendered":"<p><em>Quand nous serons heureux<\/em> de Carole Fives est un roman poignant qui explore les m\u00e9andres de la qu\u00eate du bonheur \u00e0 travers les yeux de ses personnages. L\u2019histoire suit une m\u00e8re de famille, tiraill\u00e9e entre ses aspirations personnelles et ses responsabilit\u00e9s familiales, alors qu&rsquo;elle navigue dans un monde o\u00f9 les attentes sont souvent \u00e9crasantes. \u00c0 travers des dialogues sinc\u00e8res et des r\u00e9flexions int\u00e9rieures, l&rsquo;auteure aborde des th\u00e8mes tels que la solitude, le d\u00e9sir de libert\u00e9, et la recherche d\u2019une identit\u00e9 propre. Le texte \u00e9voque aussi l&rsquo;importance des relations humaines et des moments de connexion authentiques. Les personnages, bien que confront\u00e9s \u00e0 des d\u00e9fis, aspirent \u00e0 trouver leur place dans un univers complexe. Fives nous invite \u00e0 r\u00e9fl\u00e9chir sur ce que signifie r\u00e9ellement \u00eatre heureux et sur les sacrifices souvent n\u00e9cessaires pour y parvenir. L\u2019\u00e9criture, \u00e0 la fois d\u00e9licate et puissante, r\u00e9sonne avec quiconque a d\u00e9j\u00e0 questionn\u00e9 sa propre qu\u00eate de bonheur.<\/p>\n","protected":false},"excerpt":{"rendered":"<p><em>Quand nous serons heureux<\/em> de Carole Fives suit une m\u00e8re de famille en qu\u00eate de bonheur, oscillant entre ses d\u00e9sirs personnels et ses obligations familiales. \u00c0 travers des dialogues sinc\u00e8res et des r\u00e9flexions profondes, le roman explore la solitude, les relations humaines et la recherche de l&rsquo;identit\u00e9. L&rsquo;auteure invite le lecteur \u00e0 r\u00e9fl\u00e9chir sur le sens du bonheur et les sacrifices qu&rsquo;il implique.<\/p>\n","protected":false},"featured_media":21891,"comment_status":"open","ping_status":"closed","template":"","meta":{"inline_featured_image":false},"product_cat":[3873,143,178],"product_tag":[],"class_list":{"0":"post-21890","1":"product","2":"type-product","3":"status-publish","4":"has-post-thumbnail","6":"product_cat-roman-en-francais","7":"product_cat-roman","8":"product_cat-contemporain","9":"pa_auteurs-carole-fives","11":"first","12":"instock","13":"shipping-taxable","14":"purchasable","15":"product-type-simple"},"_links":{"self":[{"href":"https:\/\/baralivres.ma\/index.php?rest_route=\/wp\/v2\/product\/21890","targetHints":{"allow":["GET"]}}],"collection":[{"href":"https:\/\/baralivres.ma\/index.php?rest_route=\/wp\/v2\/product"}],"about":[{"href":"https:\/\/baralivres.ma\/index.php?rest_route=\/wp\/v2\/types\/product"}],"replies":[{"embeddable":true,"href":"https:\/\/baralivres.ma\/index.php?rest_route=%2Fwp%2Fv2%2Fcomments&post=21890"}],"version-history":[{"count":1,"href":"https:\/\/baralivres.ma\/index.php?rest_route=\/wp\/v2\/product\/21890\/revisions"}],"predecessor-version":[{"id":21892,"href":"https:\/\/baralivres.ma\/index.php?rest_route=\/wp\/v2\/product\/21890\/revisions\/21892"}],"wp:featuredmedia":[{"embeddable":true,"href":"https:\/\/baralivres.ma\/index.php?rest_route=\/wp\/v2\/media\/21891"}],"wp:attachment":[{"href":"https:\/\/baralivres.ma\/index.php?rest_route=%2Fwp%2Fv2%2Fmedia&parent=21890"}],"wp:term":[{"taxonomy":"product_cat","embeddable":true,"href":"https:\/\/baralivres.ma\/index.php?rest_route=%2Fwp%2Fv2%2Fproduct_cat&post=21890"},{"taxonomy":"product_tag","embeddable":true,"href":"https:\/\/baralivres.ma\/index.php?rest_route=%2Fwp%2Fv2%2Fproduct_tag&post=21890"}],"curies":[{"name":"wp","href":"https:\/\/api.w.org\/{rel}","templated":true}]}}