{"id":21884,"date":"2024-10-28T17:55:01","date_gmt":"2024-10-28T16:55:01","guid":{"rendered":"https:\/\/baralivres.ma\/?post_type=product&#038;p=21884"},"modified":"2024-10-28T17:55:03","modified_gmt":"2024-10-28T16:55:03","slug":"que-notre-joie-demeure","status":"publish","type":"product","link":"https:\/\/baralivres.ma\/?product=que-notre-joie-demeure","title":{"rendered":"QUE NOTRE JOIE DEMEURE"},"content":{"rendered":"<p>La joie demeure dans les petits moments de la vie quotidienne. Elle se cache dans un sourire \u00e9chang\u00e9, dans le chant des oiseaux au matin, ou dans un rayon de soleil qui caresse notre visage. La joie se nourrit des relations sinc\u00e8res, des rires partag\u00e9s, et des souvenirs pr\u00e9cieux. Elle fleurit dans la gratitude pour les choses simples, comme un bon repas ou un moment de calme. M\u00eame dans l&rsquo;adversit\u00e9, elle trouve un moyen de percer, rappelant que chaque jour est une nouvelle opportunit\u00e9 d&rsquo;\u00e9prouver le bonheur. Notre joie est un tr\u00e9sor \u00e0 cultiver, un \u00e9tat d&rsquo;esprit \u00e0 ch\u00e9rir.<\/p>\n","protected":false},"excerpt":{"rendered":"<p>La joie se trouve dans les moments simples de la vie, comme un sourire, un rayon de soleil ou des rires partag\u00e9s. C&rsquo;est un tr\u00e9sor \u00e0 cultiver, m\u00eame face \u00e0 l&rsquo;adversit\u00e9, rappelant que chaque jour offre une nouvelle opportunit\u00e9 de bonheur.<\/p>\n","protected":false},"featured_media":21885,"comment_status":"open","ping_status":"closed","template":"","meta":{"inline_featured_image":false},"product_cat":[91],"product_tag":[],"class_list":{"0":"post-21884","1":"product","2":"type-product","3":"status-publish","4":"has-post-thumbnail","6":"product_cat-developpement","7":"pa_auteurs-kevin-lambert","9":"first","10":"instock","11":"shipping-taxable","12":"purchasable","13":"product-type-simple"},"_links":{"self":[{"href":"https:\/\/baralivres.ma\/index.php?rest_route=\/wp\/v2\/product\/21884","targetHints":{"allow":["GET"]}}],"collection":[{"href":"https:\/\/baralivres.ma\/index.php?rest_route=\/wp\/v2\/product"}],"about":[{"href":"https:\/\/baralivres.ma\/index.php?rest_route=\/wp\/v2\/types\/product"}],"replies":[{"embeddable":true,"href":"https:\/\/baralivres.ma\/index.php?rest_route=%2Fwp%2Fv2%2Fcomments&post=21884"}],"version-history":[{"count":1,"href":"https:\/\/baralivres.ma\/index.php?rest_route=\/wp\/v2\/product\/21884\/revisions"}],"predecessor-version":[{"id":21886,"href":"https:\/\/baralivres.ma\/index.php?rest_route=\/wp\/v2\/product\/21884\/revisions\/21886"}],"wp:featuredmedia":[{"embeddable":true,"href":"https:\/\/baralivres.ma\/index.php?rest_route=\/wp\/v2\/media\/21885"}],"wp:attachment":[{"href":"https:\/\/baralivres.ma\/index.php?rest_route=%2Fwp%2Fv2%2Fmedia&parent=21884"}],"wp:term":[{"taxonomy":"product_cat","embeddable":true,"href":"https:\/\/baralivres.ma\/index.php?rest_route=%2Fwp%2Fv2%2Fproduct_cat&post=21884"},{"taxonomy":"product_tag","embeddable":true,"href":"https:\/\/baralivres.ma\/index.php?rest_route=%2Fwp%2Fv2%2Fproduct_tag&post=21884"}],"curies":[{"name":"wp","href":"https:\/\/api.w.org\/{rel}","templated":true}]}}