{"id":21878,"date":"2024-10-28T17:40:39","date_gmt":"2024-10-28T16:40:39","guid":{"rendered":"https:\/\/baralivres.ma\/?post_type=product&#038;p=21878"},"modified":"2024-10-28T17:40:40","modified_gmt":"2024-10-28T16:40:40","slug":"ces-choses-quon-laisse-tome-3","status":"publish","type":"product","link":"https:\/\/baralivres.ma\/?product=ces-choses-quon-laisse-tome-3","title":{"rendered":"CES CHOSES QU&rsquo;ON LAISSE TOME 3"},"content":{"rendered":"<p><strong>Dans <em>Ces choses qu&rsquo;on laisse, Tome 3<\/em> de Lucy Score, les habitants d\u2019une petite ville continuent d\u2019explorer leurs relations, leurs secrets et leurs espoirs, chacun cherchant \u00e0 panser ses blessures et \u00e0 surmonter les obstacles du pass\u00e9. Ce tome met en lumi\u00e8re de nouveaux personnages tout en retrouvant des figures famili\u00e8res, entre intrigues romantiques et d\u00e9fis personnels. Les liens se tissent, se compliquent, et chacun doit faire des choix difficiles pour aller de l&rsquo;avant. Avec son m\u00e9lange de romance intense et de rebondissements, Lucy Score offre une histoire de r\u00e9silience et d\u2019amour, o\u00f9 chaque personnage apprend \u00e0 laisser le pass\u00e9 derri\u00e8re lui pour se reconstruire.<\/strong><\/p>\n","protected":false},"excerpt":{"rendered":"<p><em>Ces choses qu&rsquo;on laisse, Tome 3<\/em> de Lucy Score suit les habitants d\u2019une petite ville, entre romances et d\u00e9fis personnels, o\u00f9 chacun apprend \u00e0 surmonter son pass\u00e9 pour se reconstruire<\/p>\n","protected":false},"featured_media":21879,"comment_status":"open","ping_status":"closed","template":"","meta":{"inline_featured_image":false},"product_cat":[3873,68,143],"product_tag":[],"class_list":{"0":"post-21878","1":"product","2":"type-product","3":"status-publish","4":"has-post-thumbnail","6":"product_cat-roman-en-francais","7":"product_cat-romance","8":"product_cat-roman","9":"pa_auteurs-lucy-score","11":"first","12":"instock","13":"shipping-taxable","14":"purchasable","15":"product-type-simple"},"_links":{"self":[{"href":"https:\/\/baralivres.ma\/index.php?rest_route=\/wp\/v2\/product\/21878","targetHints":{"allow":["GET"]}}],"collection":[{"href":"https:\/\/baralivres.ma\/index.php?rest_route=\/wp\/v2\/product"}],"about":[{"href":"https:\/\/baralivres.ma\/index.php?rest_route=\/wp\/v2\/types\/product"}],"replies":[{"embeddable":true,"href":"https:\/\/baralivres.ma\/index.php?rest_route=%2Fwp%2Fv2%2Fcomments&post=21878"}],"version-history":[{"count":1,"href":"https:\/\/baralivres.ma\/index.php?rest_route=\/wp\/v2\/product\/21878\/revisions"}],"predecessor-version":[{"id":21880,"href":"https:\/\/baralivres.ma\/index.php?rest_route=\/wp\/v2\/product\/21878\/revisions\/21880"}],"wp:featuredmedia":[{"embeddable":true,"href":"https:\/\/baralivres.ma\/index.php?rest_route=\/wp\/v2\/media\/21879"}],"wp:attachment":[{"href":"https:\/\/baralivres.ma\/index.php?rest_route=%2Fwp%2Fv2%2Fmedia&parent=21878"}],"wp:term":[{"taxonomy":"product_cat","embeddable":true,"href":"https:\/\/baralivres.ma\/index.php?rest_route=%2Fwp%2Fv2%2Fproduct_cat&post=21878"},{"taxonomy":"product_tag","embeddable":true,"href":"https:\/\/baralivres.ma\/index.php?rest_route=%2Fwp%2Fv2%2Fproduct_tag&post=21878"}],"curies":[{"name":"wp","href":"https:\/\/api.w.org\/{rel}","templated":true}]}}