{"id":21866,"date":"2024-10-28T17:23:13","date_gmt":"2024-10-28T16:23:13","guid":{"rendered":"https:\/\/baralivres.ma\/?post_type=product&#038;p=21866"},"modified":"2024-10-28T17:23:14","modified_gmt":"2024-10-28T16:23:14","slug":"limmeuble-yacoubian-2","status":"publish","type":"product","link":"https:\/\/baralivres.ma\/?product=limmeuble-yacoubian-2","title":{"rendered":"L&rsquo;Immeuble Yacoubian"},"content":{"rendered":"<p>\u00ab\u00a0L&rsquo;Immeuble Yacoubian\u00a0\u00bb d&rsquo;Alaa El Aswany explore la soci\u00e9t\u00e9 \u00e9gyptienne moderne \u00e0 travers la vie des habitants d\u2019un immeuble du Caire. Jadis prestigieux, le b\u00e2timent incarne maintenant le d\u00e9clin social et moral de l&rsquo;\u00c9gypte contemporaine. Le roman met en sc\u00e8ne des personnages vari\u00e9s : hommes d\u2019affaires, jeunes ch\u00f4meurs, femmes marginalis\u00e9es, et islamistes, tous confront\u00e9s \u00e0 la corruption, aux in\u00e9galit\u00e9s et \u00e0 la r\u00e9pression. \u00c0 travers leurs vies entrem\u00eal\u00e9es, El Aswany d\u00e9peint les luttes de classes et les contradictions sociales, offrant un regard poignant et critique sur les r\u00e9alit\u00e9s de l&rsquo;\u00c9gypte d\u2019aujourd\u2019hui.<\/p>\n","protected":false},"excerpt":{"rendered":"<div class=\"flex-shrink-0 flex flex-col relative items-end\">\n<div>\n<div class=\"pt-0\">\n<div class=\"gizmo-bot-avatar flex h-8 w-8 items-center justify-center overflow-hidden rounded-full\">\n<div class=\"relative p-1 rounded-sm flex items-center justify-center bg-token-main-surface-primary text-token-text-primary h-8 w-8\"><\/div>\n<\/div>\n<\/div>\n<\/div>\n<\/div>\n<div class=\"group\/conversation-turn relative flex w-full min-w-0 flex-col agent-turn\">\n<div class=\"flex-col gap-1 md:gap-3\">\n<div class=\"flex max-w-full flex-col flex-grow\">\n<div class=\"min-h-8 text-message flex w-full flex-col items-end gap-2 whitespace-normal break-words [.text-message+&amp;]:mt-5\" dir=\"auto\" data-message-author-role=\"assistant\" data-message-id=\"ba22bb9c-a309-48a1-9c9a-fd2fdbeb638f\" data-message-model-slug=\"gpt-4o\">\n<div class=\"flex w-full flex-col gap-1 empty:hidden first:pt-[3px]\">\n<div class=\"markdown prose w-full break-words dark:prose-invert light\">\n<p><em>L&rsquo;Immeuble Yacoubian<\/em> d&rsquo;Alaa El Aswany est une fresque sociale qui explore les tensions et in\u00e9galit\u00e9s de la soci\u00e9t\u00e9 \u00e9gyptienne contemporaine \u00e0 travers la vie des habitants d&rsquo;un immeuble au Caire, entre corruption, injustice et qu\u00eate de dignit\u00e9<\/p>\n<\/div>\n<\/div>\n<\/div>\n<\/div>\n<\/div>\n<\/div>\n","protected":false},"featured_media":21869,"comment_status":"open","ping_status":"closed","template":"","meta":{"inline_featured_image":false},"product_cat":[3873,15,143,178],"product_tag":[],"class_list":{"0":"post-21866","1":"product","2":"type-product","3":"status-publish","4":"has-post-thumbnail","6":"product_cat-roman-en-francais","7":"product_cat-uncategorized","8":"product_cat-roman","9":"product_cat-contemporain","10":"pa_auteurs-alaa-el-aswany","12":"first","13":"instock","14":"shipping-taxable","15":"purchasable","16":"product-type-simple"},"_links":{"self":[{"href":"https:\/\/baralivres.ma\/index.php?rest_route=\/wp\/v2\/product\/21866","targetHints":{"allow":["GET"]}}],"collection":[{"href":"https:\/\/baralivres.ma\/index.php?rest_route=\/wp\/v2\/product"}],"about":[{"href":"https:\/\/baralivres.ma\/index.php?rest_route=\/wp\/v2\/types\/product"}],"replies":[{"embeddable":true,"href":"https:\/\/baralivres.ma\/index.php?rest_route=%2Fwp%2Fv2%2Fcomments&post=21866"}],"version-history":[{"count":2,"href":"https:\/\/baralivres.ma\/index.php?rest_route=\/wp\/v2\/product\/21866\/revisions"}],"predecessor-version":[{"id":21871,"href":"https:\/\/baralivres.ma\/index.php?rest_route=\/wp\/v2\/product\/21866\/revisions\/21871"}],"wp:featuredmedia":[{"embeddable":true,"href":"https:\/\/baralivres.ma\/index.php?rest_route=\/wp\/v2\/media\/21869"}],"wp:attachment":[{"href":"https:\/\/baralivres.ma\/index.php?rest_route=%2Fwp%2Fv2%2Fmedia&parent=21866"}],"wp:term":[{"taxonomy":"product_cat","embeddable":true,"href":"https:\/\/baralivres.ma\/index.php?rest_route=%2Fwp%2Fv2%2Fproduct_cat&post=21866"},{"taxonomy":"product_tag","embeddable":true,"href":"https:\/\/baralivres.ma\/index.php?rest_route=%2Fwp%2Fv2%2Fproduct_tag&post=21866"}],"curies":[{"name":"wp","href":"https:\/\/api.w.org\/{rel}","templated":true}]}}