{"id":21854,"date":"2024-10-19T11:33:18","date_gmt":"2024-10-19T10:33:18","guid":{"rendered":"https:\/\/baralivres.ma\/?post_type=product&#038;p=21854"},"modified":"2024-11-27T15:49:20","modified_gmt":"2024-11-27T14:49:20","slug":"avoir-le-courage-de-ne-pas-etre-aime","status":"publish","type":"product","link":"https:\/\/baralivres.ma\/?product=avoir-le-courage-de-ne-pas-etre-aime","title":{"rendered":"Avoir le courage de ne pas \u00eatre aim\u00e9"},"content":{"rendered":"<p>Avoir le courage de ne pas \u00eatre aim\u00e9 d&rsquo;Ichiro Kishimi et Fumitake Koga est un livre de d\u00e9veloppement personnel qui s&rsquo;inspire des id\u00e9es d&rsquo;Adler, un psychologue autrichien. Il aborde des th\u00e8mes comme la libert\u00e9, le bonheur et l&rsquo;importance de vivre selon ses propres valeurs plut\u00f4t que de chercher l&rsquo;approbation des autres.<\/p>\n<p>\u00c0 travers un dialogue entre un philosophe et un jeune homme, l&rsquo;ouvrage encourage \u00e0 surmonter ses peurs et \u00e0 prendre des d\u00e9cisions qui favorisent l&rsquo;\u00e9panouissement personnel. C&rsquo;est un appel \u00e0 embrasser l&rsquo;authenticit\u00e9 et \u00e0 cultiver la confiance en soi.<\/p>\n","protected":false},"excerpt":{"rendered":"<p>Avoir le courage de ne pas \u00eatre aim\u00e9 d&rsquo;Ichiro Kishimi et Fumitake Koga explore la philosophie d&rsquo;Adler sur le bonheur et la libert\u00e9. \u00c0 travers un dialogue, il encourage \u00e0 vivre selon ses propres valeurs et \u00e0 surmonter la peur du jugement des autres. C&rsquo;est un guide vers l&rsquo;authenticit\u00e9 et l&rsquo;\u00e9panouissement personnel.<\/p>\n","protected":false},"featured_media":21852,"comment_status":"open","ping_status":"closed","template":"","meta":{"inline_featured_image":false},"product_cat":[3896,3675,91],"product_tag":[],"class_list":{"0":"post-21854","1":"product","2":"type-product","3":"status-publish","4":"has-post-thumbnail","6":"product_cat-developpement-francais","7":"product_cat-humains-et-productivite","8":"product_cat-developpement","9":"pa_auteurs-dichiro-kishimi-et-fumitake-koga","11":"first","12":"instock","13":"shipping-taxable","14":"purchasable","15":"product-type-simple"},"_links":{"self":[{"href":"https:\/\/baralivres.ma\/index.php?rest_route=\/wp\/v2\/product\/21854","targetHints":{"allow":["GET"]}}],"collection":[{"href":"https:\/\/baralivres.ma\/index.php?rest_route=\/wp\/v2\/product"}],"about":[{"href":"https:\/\/baralivres.ma\/index.php?rest_route=\/wp\/v2\/types\/product"}],"replies":[{"embeddable":true,"href":"https:\/\/baralivres.ma\/index.php?rest_route=%2Fwp%2Fv2%2Fcomments&post=21854"}],"version-history":[{"count":1,"href":"https:\/\/baralivres.ma\/index.php?rest_route=\/wp\/v2\/product\/21854\/revisions"}],"predecessor-version":[{"id":21855,"href":"https:\/\/baralivres.ma\/index.php?rest_route=\/wp\/v2\/product\/21854\/revisions\/21855"}],"wp:featuredmedia":[{"embeddable":true,"href":"https:\/\/baralivres.ma\/index.php?rest_route=\/wp\/v2\/media\/21852"}],"wp:attachment":[{"href":"https:\/\/baralivres.ma\/index.php?rest_route=%2Fwp%2Fv2%2Fmedia&parent=21854"}],"wp:term":[{"taxonomy":"product_cat","embeddable":true,"href":"https:\/\/baralivres.ma\/index.php?rest_route=%2Fwp%2Fv2%2Fproduct_cat&post=21854"},{"taxonomy":"product_tag","embeddable":true,"href":"https:\/\/baralivres.ma\/index.php?rest_route=%2Fwp%2Fv2%2Fproduct_tag&post=21854"}],"curies":[{"name":"wp","href":"https:\/\/api.w.org\/{rel}","templated":true}]}}