{"id":21840,"date":"2024-10-19T11:02:34","date_gmt":"2024-10-19T10:02:34","guid":{"rendered":"https:\/\/baralivres.ma\/?post_type=product&#038;p=21840"},"modified":"2025-11-02T14:55:33","modified_gmt":"2025-11-02T13:55:33","slug":"la-femme-de-menage","status":"publish","type":"product","link":"https:\/\/baralivres.ma\/?product=la-femme-de-menage","title":{"rendered":"La femme de m\u00e9nage"},"content":{"rendered":"<p>La femme de m\u00e9nage de Frieda McFadden est un thriller captivant qui suit l&rsquo;histoire d&rsquo;une femme, ancienne criminelle, qui prend un emploi de femme de m\u00e9nage dans une maison luxueuse. Elle esp\u00e8re commencer une nouvelle vie, mais d\u00e9couvre rapidement des secrets sombres li\u00e9s \u00e0 ses employeurs.<\/p>\n<p>Au fur et \u00e0 mesure qu&rsquo;elle nettoie, elle s&rsquo;immerge dans des intrigues complexes, mettant en lumi\u00e8re des mensonges et des manipulations. L&rsquo;intrigue est pleine de rebondissements, m\u00ealant suspense et drame psychologique.<\/p>\n","protected":false},"excerpt":{"rendered":"<p>Ce livre aborde des th\u00e8mes de r\u00e9demption, de vengeance et des cons\u00e9quences des choix pass\u00e9s. C&rsquo;est un page-turner qui maintient le lecteur en haleine jusqu&rsquo;\u00e0 la derni\u00e8re page.<\/p>\n","protected":false},"featured_media":21841,"comment_status":"open","ping_status":"closed","template":"","meta":{"inline_featured_image":false},"product_cat":[4467,3873,143],"product_tag":[],"class_list":{"0":"post-21840","1":"product","2":"type-product","3":"status-publish","4":"has-post-thumbnail","6":"product_cat-pack_des_ivres_mcfadden_freida","7":"product_cat-roman-en-francais","8":"product_cat-roman","9":"pa_auteurs-frieda-mcfadden","11":"first","12":"instock","13":"shipping-taxable","14":"purchasable","15":"product-type-simple"},"_links":{"self":[{"href":"https:\/\/baralivres.ma\/index.php?rest_route=\/wp\/v2\/product\/21840","targetHints":{"allow":["GET"]}}],"collection":[{"href":"https:\/\/baralivres.ma\/index.php?rest_route=\/wp\/v2\/product"}],"about":[{"href":"https:\/\/baralivres.ma\/index.php?rest_route=\/wp\/v2\/types\/product"}],"replies":[{"embeddable":true,"href":"https:\/\/baralivres.ma\/index.php?rest_route=%2Fwp%2Fv2%2Fcomments&post=21840"}],"version-history":[{"count":1,"href":"https:\/\/baralivres.ma\/index.php?rest_route=\/wp\/v2\/product\/21840\/revisions"}],"predecessor-version":[{"id":21842,"href":"https:\/\/baralivres.ma\/index.php?rest_route=\/wp\/v2\/product\/21840\/revisions\/21842"}],"wp:featuredmedia":[{"embeddable":true,"href":"https:\/\/baralivres.ma\/index.php?rest_route=\/wp\/v2\/media\/21841"}],"wp:attachment":[{"href":"https:\/\/baralivres.ma\/index.php?rest_route=%2Fwp%2Fv2%2Fmedia&parent=21840"}],"wp:term":[{"taxonomy":"product_cat","embeddable":true,"href":"https:\/\/baralivres.ma\/index.php?rest_route=%2Fwp%2Fv2%2Fproduct_cat&post=21840"},{"taxonomy":"product_tag","embeddable":true,"href":"https:\/\/baralivres.ma\/index.php?rest_route=%2Fwp%2Fv2%2Fproduct_tag&post=21840"}],"curies":[{"name":"wp","href":"https:\/\/api.w.org\/{rel}","templated":true}]}}