{"id":21832,"date":"2024-10-19T10:49:25","date_gmt":"2024-10-19T09:49:25","guid":{"rendered":"https:\/\/baralivres.ma\/?post_type=product&#038;p=21832"},"modified":"2024-11-27T15:52:15","modified_gmt":"2024-11-27T14:52:15","slug":"connaissance-illimitee-2","status":"publish","type":"product","link":"https:\/\/baralivres.ma\/?product=connaissance-illimitee-2","title":{"rendered":"Connaissance Illimit\u00e9e"},"content":{"rendered":"<p>Connaissance Illimit\u00e9e\u00a0\u00bb de Mohamed Boclet explore la qu\u00eate de la connaissance et l&rsquo;\u00e9veil spirituel. L&rsquo;auteur propose des r\u00e9flexions sur le d\u00e9veloppement personnel et des outils pratiques pour \u00e9largir la compr\u00e9hension de soi et du monde. C&rsquo;est un guide accessible pour ceux qui cherchent \u00e0 lib\u00e9rer leur potentiel int\u00e9rieur.<\/p>\n","protected":false},"excerpt":{"rendered":"<p>Connaissance Illimit\u00e9e\u00a0\u00bb de Mohamed Boclet explore la qu\u00eate de la connaissance et l&rsquo;\u00e9veil spirituel. L&rsquo;auteur propose des r\u00e9flexions sur le d\u00e9veloppement personnel et des outils pratiques pour \u00e9largir la compr\u00e9hension de soi et du monde. C&rsquo;est un guide accessible pour ceux qui cherchent \u00e0 lib\u00e9rer leur potentiel int\u00e9rieur.<\/p>\n","protected":false},"featured_media":21835,"comment_status":"open","ping_status":"closed","template":"","meta":{"inline_featured_image":false},"product_cat":[3896,91],"product_tag":[],"class_list":{"0":"post-21832","1":"product","2":"type-product","3":"status-publish","4":"has-post-thumbnail","6":"product_cat-developpement-francais","7":"product_cat-developpement","9":"first","10":"instock","11":"shipping-taxable","12":"purchasable","13":"product-type-simple"},"_links":{"self":[{"href":"https:\/\/baralivres.ma\/index.php?rest_route=\/wp\/v2\/product\/21832","targetHints":{"allow":["GET"]}}],"collection":[{"href":"https:\/\/baralivres.ma\/index.php?rest_route=\/wp\/v2\/product"}],"about":[{"href":"https:\/\/baralivres.ma\/index.php?rest_route=\/wp\/v2\/types\/product"}],"replies":[{"embeddable":true,"href":"https:\/\/baralivres.ma\/index.php?rest_route=%2Fwp%2Fv2%2Fcomments&post=21832"}],"version-history":[{"count":1,"href":"https:\/\/baralivres.ma\/index.php?rest_route=\/wp\/v2\/product\/21832\/revisions"}],"predecessor-version":[{"id":21836,"href":"https:\/\/baralivres.ma\/index.php?rest_route=\/wp\/v2\/product\/21832\/revisions\/21836"}],"wp:featuredmedia":[{"embeddable":true,"href":"https:\/\/baralivres.ma\/index.php?rest_route=\/wp\/v2\/media\/21835"}],"wp:attachment":[{"href":"https:\/\/baralivres.ma\/index.php?rest_route=%2Fwp%2Fv2%2Fmedia&parent=21832"}],"wp:term":[{"taxonomy":"product_cat","embeddable":true,"href":"https:\/\/baralivres.ma\/index.php?rest_route=%2Fwp%2Fv2%2Fproduct_cat&post=21832"},{"taxonomy":"product_tag","embeddable":true,"href":"https:\/\/baralivres.ma\/index.php?rest_route=%2Fwp%2Fv2%2Fproduct_tag&post=21832"}],"curies":[{"name":"wp","href":"https:\/\/api.w.org\/{rel}","templated":true}]}}