{"id":21826,"date":"2024-10-18T17:41:13","date_gmt":"2024-10-18T16:41:13","guid":{"rendered":"https:\/\/baralivres.ma\/?post_type=product&#038;p=21826"},"modified":"2024-11-27T15:53:07","modified_gmt":"2024-11-27T14:53:07","slug":"kiara-t02","status":"publish","type":"product","link":"https:\/\/baralivres.ma\/?product=kiara-t02","title":{"rendered":"KIARA T02"},"content":{"rendered":"<p><strong>KIARA T02<\/strong> de Hazel Diaz est la suite des aventures de Kiara, une jeune h\u00e9ro\u00efne pleine de courage et de d\u00e9termination. Dans ce tome, Kiara continue d&rsquo;explorer son monde tout en faisant face \u00e0 de nouveaux d\u00e9fis. Les th\u00e8mes de l&rsquo;amiti\u00e9, de la d\u00e9couverte de soi et du combat contre les injustices sont au c\u0153ur de l&rsquo;histoire.<\/p>\n<p>Les illustrations captivantes et le style d&rsquo;\u00e9criture accessible rendent le r\u00e9cit encore plus engageant. Kiara devra faire des choix difficiles, affronter des ennemis et, surtout, d\u00e9couvrir ce qui est vraiment important pour elle. Ce tome approfondit les relations entre les personnages, r\u00e9v\u00e9lant leurs forces et leurs faiblesses, tout en maintenant un rythme palpitant.<\/p>\n<p>Si tu es fan de r\u00e9cits d&rsquo;aventure et de d\u00e9veloppement personnel, ce livre promet de t&rsquo;entra\u00eener dans un voyage inoubliable !<\/p>\n","protected":false},"excerpt":{"rendered":"<p><strong>Kiara T02<\/strong> de Hazel Diaz suit Kiara dans de nouvelles aventures pleines de courage et d&rsquo;amiti\u00e9. Elle affronte des d\u00e9fis et d\u00e9couvre l&rsquo;importance des choix et des relations. Un r\u00e9cit captivant qui m\u00eale action et d\u00e9veloppement personnel !<\/p>\n","protected":false},"featured_media":21824,"comment_status":"open","ping_status":"closed","template":"","meta":{"inline_featured_image":false},"product_cat":[3873,143],"product_tag":[],"class_list":{"0":"post-21826","1":"product","2":"type-product","3":"status-publish","4":"has-post-thumbnail","6":"product_cat-roman-en-francais","7":"product_cat-roman","8":"pa_auteurs-hazel-diaz","10":"first","11":"instock","12":"shipping-taxable","13":"purchasable","14":"product-type-simple"},"_links":{"self":[{"href":"https:\/\/baralivres.ma\/index.php?rest_route=\/wp\/v2\/product\/21826","targetHints":{"allow":["GET"]}}],"collection":[{"href":"https:\/\/baralivres.ma\/index.php?rest_route=\/wp\/v2\/product"}],"about":[{"href":"https:\/\/baralivres.ma\/index.php?rest_route=\/wp\/v2\/types\/product"}],"replies":[{"embeddable":true,"href":"https:\/\/baralivres.ma\/index.php?rest_route=%2Fwp%2Fv2%2Fcomments&post=21826"}],"version-history":[{"count":1,"href":"https:\/\/baralivres.ma\/index.php?rest_route=\/wp\/v2\/product\/21826\/revisions"}],"predecessor-version":[{"id":21827,"href":"https:\/\/baralivres.ma\/index.php?rest_route=\/wp\/v2\/product\/21826\/revisions\/21827"}],"wp:featuredmedia":[{"embeddable":true,"href":"https:\/\/baralivres.ma\/index.php?rest_route=\/wp\/v2\/media\/21824"}],"wp:attachment":[{"href":"https:\/\/baralivres.ma\/index.php?rest_route=%2Fwp%2Fv2%2Fmedia&parent=21826"}],"wp:term":[{"taxonomy":"product_cat","embeddable":true,"href":"https:\/\/baralivres.ma\/index.php?rest_route=%2Fwp%2Fv2%2Fproduct_cat&post=21826"},{"taxonomy":"product_tag","embeddable":true,"href":"https:\/\/baralivres.ma\/index.php?rest_route=%2Fwp%2Fv2%2Fproduct_tag&post=21826"}],"curies":[{"name":"wp","href":"https:\/\/api.w.org\/{rel}","templated":true}]}}