{"id":21823,"date":"2024-10-18T17:35:20","date_gmt":"2024-10-18T16:35:20","guid":{"rendered":"https:\/\/baralivres.ma\/?post_type=product&#038;p=21823"},"modified":"2024-11-27T15:53:24","modified_gmt":"2024-11-27T14:53:24","slug":"kiara-t01","status":"publish","type":"product","link":"https:\/\/baralivres.ma\/?product=kiara-t01","title":{"rendered":"KIARA T01"},"content":{"rendered":"<p>Kiara T01&Prime; de Hazel Diaz suit l&rsquo;histoire de Kiara, une jeune fille confront\u00e9e \u00e0 des d\u00e9fis personnels et sociaux. \u00c0 travers ses exp\u00e9riences et ses \u00e9motions, le livre explore des th\u00e8mes d&rsquo;amiti\u00e9, de d\u00e9couverte de soi et de r\u00e9silience. Avec un style immersif, Diaz cr\u00e9e un r\u00e9cit captivant et touchant qui r\u00e9sonne avec les lecteurs adolescents.<\/p>\n","protected":false},"excerpt":{"rendered":"<p>Kiara T01&Prime; de Hazel Diaz suit Kiara, une adolescente confront\u00e9e \u00e0 des d\u00e9fis personnels et relationnels. Le r\u00e9cit explore l&rsquo;amiti\u00e9 et la d\u00e9couverte de soi dans un style touchant et captivant.<\/p>\n","protected":false},"featured_media":21828,"comment_status":"open","ping_status":"closed","template":"","meta":{"inline_featured_image":false},"product_cat":[3873,143],"product_tag":[],"class_list":{"0":"post-21823","1":"product","2":"type-product","3":"status-publish","4":"has-post-thumbnail","6":"product_cat-roman-en-francais","7":"product_cat-roman","8":"pa_auteurs-hazel-diaz","10":"first","11":"instock","12":"shipping-taxable","13":"purchasable","14":"product-type-simple"},"_links":{"self":[{"href":"https:\/\/baralivres.ma\/index.php?rest_route=\/wp\/v2\/product\/21823","targetHints":{"allow":["GET"]}}],"collection":[{"href":"https:\/\/baralivres.ma\/index.php?rest_route=\/wp\/v2\/product"}],"about":[{"href":"https:\/\/baralivres.ma\/index.php?rest_route=\/wp\/v2\/types\/product"}],"replies":[{"embeddable":true,"href":"https:\/\/baralivres.ma\/index.php?rest_route=%2Fwp%2Fv2%2Fcomments&post=21823"}],"version-history":[{"count":1,"href":"https:\/\/baralivres.ma\/index.php?rest_route=\/wp\/v2\/product\/21823\/revisions"}],"predecessor-version":[{"id":21825,"href":"https:\/\/baralivres.ma\/index.php?rest_route=\/wp\/v2\/product\/21823\/revisions\/21825"}],"wp:featuredmedia":[{"embeddable":true,"href":"https:\/\/baralivres.ma\/index.php?rest_route=\/wp\/v2\/media\/21828"}],"wp:attachment":[{"href":"https:\/\/baralivres.ma\/index.php?rest_route=%2Fwp%2Fv2%2Fmedia&parent=21823"}],"wp:term":[{"taxonomy":"product_cat","embeddable":true,"href":"https:\/\/baralivres.ma\/index.php?rest_route=%2Fwp%2Fv2%2Fproduct_cat&post=21823"},{"taxonomy":"product_tag","embeddable":true,"href":"https:\/\/baralivres.ma\/index.php?rest_route=%2Fwp%2Fv2%2Fproduct_tag&post=21823"}],"curies":[{"name":"wp","href":"https:\/\/api.w.org\/{rel}","templated":true}]}}