{"id":21711,"date":"2024-06-03T10:05:30","date_gmt":"2024-06-03T09:05:30","guid":{"rendered":"https:\/\/baralivres.ma\/?post_type=product&#038;p=21711"},"modified":"2024-11-04T18:13:24","modified_gmt":"2024-11-04T17:13:24","slug":"mon-premier-livre-sonore-a-toucher-les-bebes-animaux","status":"publish","type":"product","link":"https:\/\/baralivres.ma\/?product=mon-premier-livre-sonore-a-toucher-les-bebes-animaux","title":{"rendered":"Mon premier livre sonore \u00e0 toucher : les b\u00e9b\u00e9s animaux"},"content":{"rendered":"<p><strong>Mon premier livre sonore \u00e0 toucher : les b\u00e9b\u00e9s animaux<\/strong> est un livre interactif destin\u00e9 aux jeunes enfants. Il combine des photographies de b\u00e9b\u00e9s animaux avec des textures \u00e0 toucher et six puces sonores. Les enfants peuvent d\u00e9couvrir les bruits du chiot, du lionceau, du manchot, du chaton et de l&rsquo;\u00e9l\u00e9phanteau.<\/p>\n","protected":false},"excerpt":{"rendered":"<p>Ce livre offre une exp\u00e9rience sensorielle amusante et \u00e9ducative, garantissant \u00e9tonnement et \u00e9clats de rire.<\/p>\n","protected":false},"featured_media":21712,"comment_status":"open","ping_status":"closed","template":"","meta":{"inline_featured_image":false},"product_cat":[3944,197],"product_tag":[],"class_list":{"0":"post-21711","1":"product","2":"type-product","3":"status-publish","4":"has-post-thumbnail","6":"product_cat-les-livres-sonore-francais","7":"product_cat-livre-sonore","9":"first","10":"instock","11":"shipping-taxable","12":"purchasable","13":"product-type-simple"},"_links":{"self":[{"href":"https:\/\/baralivres.ma\/index.php?rest_route=\/wp\/v2\/product\/21711","targetHints":{"allow":["GET"]}}],"collection":[{"href":"https:\/\/baralivres.ma\/index.php?rest_route=\/wp\/v2\/product"}],"about":[{"href":"https:\/\/baralivres.ma\/index.php?rest_route=\/wp\/v2\/types\/product"}],"replies":[{"embeddable":true,"href":"https:\/\/baralivres.ma\/index.php?rest_route=%2Fwp%2Fv2%2Fcomments&post=21711"}],"version-history":[{"count":1,"href":"https:\/\/baralivres.ma\/index.php?rest_route=\/wp\/v2\/product\/21711\/revisions"}],"predecessor-version":[{"id":21715,"href":"https:\/\/baralivres.ma\/index.php?rest_route=\/wp\/v2\/product\/21711\/revisions\/21715"}],"wp:featuredmedia":[{"embeddable":true,"href":"https:\/\/baralivres.ma\/index.php?rest_route=\/wp\/v2\/media\/21712"}],"wp:attachment":[{"href":"https:\/\/baralivres.ma\/index.php?rest_route=%2Fwp%2Fv2%2Fmedia&parent=21711"}],"wp:term":[{"taxonomy":"product_cat","embeddable":true,"href":"https:\/\/baralivres.ma\/index.php?rest_route=%2Fwp%2Fv2%2Fproduct_cat&post=21711"},{"taxonomy":"product_tag","embeddable":true,"href":"https:\/\/baralivres.ma\/index.php?rest_route=%2Fwp%2Fv2%2Fproduct_tag&post=21711"}],"curies":[{"name":"wp","href":"https:\/\/api.w.org\/{rel}","templated":true}]}}