{"id":21692,"date":"2024-05-31T11:28:27","date_gmt":"2024-05-31T10:28:27","guid":{"rendered":"https:\/\/baralivres.ma\/?post_type=product&#038;p=21692"},"modified":"2024-10-28T14:17:43","modified_gmt":"2024-10-28T13:17:43","slug":"mon-coffret-doudou-mon-coffret-bonne-nuit","status":"publish","type":"product","link":"https:\/\/baralivres.ma\/?product=mon-coffret-doudou-mon-coffret-bonne-nuit","title":{"rendered":"Mon coffret doudou : mon coffret bonne nuit"},"content":{"rendered":"<p>Mon Coffret Doudou : Mon Coffret Bonne Nuit\u00a0\u00bb est un ensemble d&rsquo;\u00e9veil con\u00e7u pour les tout-petits. Au c\u0153ur de ce coffret se trouve un adorable doudou panda, doux et c\u00e2lin, qui devient vite le meilleur ami des enfants. En plus de la peluche, le coffret comprend un livre enchant\u00e9 qui guide les enfants \u00e0 travers le rituel du coucher, les aidant \u00e0 d\u00e9couvrir leurs premi\u00e8res \u00e9motions de l&rsquo;histoire du soir. C&rsquo;est une invitation \u00e0 des moments pr\u00e9cieux et tendres, favorisant le d\u00e9veloppement \u00e9motionnel et l&rsquo;amour des histoires et du sommeil chez les enfants.<\/p>\n","protected":false},"excerpt":{"rendered":"<p>\u00ab\u00a0Mon Coffret Doudou : Mon Coffret Bonne Nuit\u00a0\u00bb est bien plus qu&rsquo;un simple ensemble d&rsquo;\u00e9veil, c&rsquo;est une invitation \u00e0 partager des moments pr\u00e9cieux et tendres, \u00e0 cr\u00e9er des souvenirs inoubliables et \u00e0 cultiver l&rsquo;amour des histoires et du sommeil.<\/p>\n","protected":false},"featured_media":21694,"comment_status":"open","ping_status":"closed","template":"","meta":{"inline_featured_image":false},"product_cat":[3875,201,200],"product_tag":[],"class_list":{"0":"post-21692","1":"product","2":"type-product","3":"status-publish","4":"has-post-thumbnail","6":"product_cat-coffret-francais","7":"product_cat-coffret","8":"product_cat-activites","10":"first","11":"instock","12":"shipping-taxable","13":"purchasable","14":"product-type-simple"},"_links":{"self":[{"href":"https:\/\/baralivres.ma\/index.php?rest_route=\/wp\/v2\/product\/21692","targetHints":{"allow":["GET"]}}],"collection":[{"href":"https:\/\/baralivres.ma\/index.php?rest_route=\/wp\/v2\/product"}],"about":[{"href":"https:\/\/baralivres.ma\/index.php?rest_route=\/wp\/v2\/types\/product"}],"replies":[{"embeddable":true,"href":"https:\/\/baralivres.ma\/index.php?rest_route=%2Fwp%2Fv2%2Fcomments&post=21692"}],"version-history":[{"count":1,"href":"https:\/\/baralivres.ma\/index.php?rest_route=\/wp\/v2\/product\/21692\/revisions"}],"predecessor-version":[{"id":21697,"href":"https:\/\/baralivres.ma\/index.php?rest_route=\/wp\/v2\/product\/21692\/revisions\/21697"}],"wp:featuredmedia":[{"embeddable":true,"href":"https:\/\/baralivres.ma\/index.php?rest_route=\/wp\/v2\/media\/21694"}],"wp:attachment":[{"href":"https:\/\/baralivres.ma\/index.php?rest_route=%2Fwp%2Fv2%2Fmedia&parent=21692"}],"wp:term":[{"taxonomy":"product_cat","embeddable":true,"href":"https:\/\/baralivres.ma\/index.php?rest_route=%2Fwp%2Fv2%2Fproduct_cat&post=21692"},{"taxonomy":"product_tag","embeddable":true,"href":"https:\/\/baralivres.ma\/index.php?rest_route=%2Fwp%2Fv2%2Fproduct_tag&post=21692"}],"curies":[{"name":"wp","href":"https:\/\/api.w.org\/{rel}","templated":true}]}}