{"id":21688,"date":"2024-05-31T11:11:15","date_gmt":"2024-05-31T10:11:15","guid":{"rendered":"https:\/\/baralivres.ma\/?post_type=product&#038;p=21688"},"modified":"2024-10-28T14:19:42","modified_gmt":"2024-10-28T13:19:42","slug":"mes-puzzles-sonores-les-animaux","status":"publish","type":"product","link":"https:\/\/baralivres.ma\/?product=mes-puzzles-sonores-les-animaux","title":{"rendered":"MES Puzzles SONORES &#8211; LES ANIMAUX"},"content":{"rendered":"<p>Les Puzzles Sonores &#8211; Les Animaux offrent une exp\u00e9rience interactive d&rsquo;apprentissage ludique pour les jeunes enfants. Ce coffret comprend trois puzzles de 12 pi\u00e8ces chacun, anim\u00e9s par une tablette tactile. Chaque pi\u00e8ce \u00e9met plusieurs sons, permettant aux enfants de d\u00e9couvrir plus de 70 mots, des m\u00e9lodies joyeuses, plus de 75 questions et devinettes, ainsi que six jeux divertissants. Les r\u00e9ponses correctes sont r\u00e9compens\u00e9es par un jingle festif, tandis que les r\u00e9ponses incorrectes incitent \u00e0 r\u00e9essayer avec des encouragements. La qualit\u00e9 sonore est excellente et les piles sont fournies.<\/p>\n","protected":false},"excerpt":{"rendered":"<p>Ces puzzles offrent des heures d&rsquo;amusement interactif et \u00e9ducatif, faisant de l&rsquo;apprentissage un jeu passionnant pour les enfants.<\/p>\n","protected":false},"featured_media":21689,"comment_status":"open","ping_status":"closed","template":"","meta":{"inline_featured_image":false},"product_cat":[3875,201,212,197,200],"product_tag":[],"class_list":{"0":"post-21688","1":"product","2":"type-product","3":"status-publish","4":"has-post-thumbnail","6":"product_cat-coffret-francais","7":"product_cat-coffret","8":"product_cat-puzzle","9":"product_cat-livre-sonore","10":"product_cat-activites","12":"first","13":"instock","14":"shipping-taxable","15":"purchasable","16":"product-type-simple"},"_links":{"self":[{"href":"https:\/\/baralivres.ma\/index.php?rest_route=\/wp\/v2\/product\/21688","targetHints":{"allow":["GET"]}}],"collection":[{"href":"https:\/\/baralivres.ma\/index.php?rest_route=\/wp\/v2\/product"}],"about":[{"href":"https:\/\/baralivres.ma\/index.php?rest_route=\/wp\/v2\/types\/product"}],"replies":[{"embeddable":true,"href":"https:\/\/baralivres.ma\/index.php?rest_route=%2Fwp%2Fv2%2Fcomments&post=21688"}],"version-history":[{"count":1,"href":"https:\/\/baralivres.ma\/index.php?rest_route=\/wp\/v2\/product\/21688\/revisions"}],"predecessor-version":[{"id":21691,"href":"https:\/\/baralivres.ma\/index.php?rest_route=\/wp\/v2\/product\/21688\/revisions\/21691"}],"wp:featuredmedia":[{"embeddable":true,"href":"https:\/\/baralivres.ma\/index.php?rest_route=\/wp\/v2\/media\/21689"}],"wp:attachment":[{"href":"https:\/\/baralivres.ma\/index.php?rest_route=%2Fwp%2Fv2%2Fmedia&parent=21688"}],"wp:term":[{"taxonomy":"product_cat","embeddable":true,"href":"https:\/\/baralivres.ma\/index.php?rest_route=%2Fwp%2Fv2%2Fproduct_cat&post=21688"},{"taxonomy":"product_tag","embeddable":true,"href":"https:\/\/baralivres.ma\/index.php?rest_route=%2Fwp%2Fv2%2Fproduct_tag&post=21688"}],"curies":[{"name":"wp","href":"https:\/\/api.w.org\/{rel}","templated":true}]}}