{"id":21684,"date":"2024-05-31T11:02:06","date_gmt":"2024-05-31T10:02:06","guid":{"rendered":"https:\/\/baralivres.ma\/?post_type=product&#038;p=21684"},"modified":"2024-10-28T14:22:16","modified_gmt":"2024-10-28T13:22:16","slug":"21684","status":"publish","type":"product","link":"https:\/\/baralivres.ma\/?product=21684","title":{"rendered":"Coffret de puzzles sonores &#8211; La Ferme"},"content":{"rendered":"<p>Plongez dans le monde anim\u00e9 de la ferme avec le coffret de puzzles sonores. Ce coffret propose trois puzzles interactifs, chacun compos\u00e9 de six pi\u00e8ces, anim\u00e9s par une tablette tactile. Les enfants peuvent explorer plus de 50 mots, \u00e9couter des m\u00e9lodies entra\u00eenantes, r\u00e9pondre \u00e0 35 questions et devinettes, ainsi qu&rsquo;\u00e0 six jeux divertissants. Chaque bonne r\u00e9ponse est r\u00e9compens\u00e9e par un jingle joyeux, offrant une exp\u00e9rience interactive et \u00e9ducative de qualit\u00e9. Les piles sont fournies pour des heures d&rsquo;amusement garanties d\u00e8s l&rsquo;ouverture du coffret. Offrez \u00e0 vos enfants un cadeau qui combine plaisir et apprentissage avec ce jeu interactif et ludique \u00e0 la ferme.<\/p>\n","protected":false},"excerpt":{"rendered":"<p>D\u00e9couvrez le coffret de puzzles sonores &#8211; La Ferme ! Avec trois puzzles interactifs et six pi\u00e8ces chacun, les enfants explorent plus de 50 mots, m\u00e9lodies entra\u00eenantes, questions, devinettes et jeux. R\u00e9pondez correctement pour d\u00e9clencher des jingles joyeux ! Piles incluses pour des heures d&rsquo;amusement. Offrez un cadeau alliant plaisir et apprentissage d\u00e8s aujourd&rsquo;hui !<\/p>\n","protected":false},"featured_media":21686,"comment_status":"open","ping_status":"closed","template":"","meta":{"inline_featured_image":false},"product_cat":[3875,201,212,197,200],"product_tag":[],"class_list":{"0":"post-21684","1":"product","2":"type-product","3":"status-publish","4":"has-post-thumbnail","6":"product_cat-coffret-francais","7":"product_cat-coffret","8":"product_cat-puzzle","9":"product_cat-livre-sonore","10":"product_cat-activites","12":"first","13":"instock","14":"shipping-taxable","15":"purchasable","16":"product-type-simple"},"_links":{"self":[{"href":"https:\/\/baralivres.ma\/index.php?rest_route=\/wp\/v2\/product\/21684","targetHints":{"allow":["GET"]}}],"collection":[{"href":"https:\/\/baralivres.ma\/index.php?rest_route=\/wp\/v2\/product"}],"about":[{"href":"https:\/\/baralivres.ma\/index.php?rest_route=\/wp\/v2\/types\/product"}],"replies":[{"embeddable":true,"href":"https:\/\/baralivres.ma\/index.php?rest_route=%2Fwp%2Fv2%2Fcomments&post=21684"}],"version-history":[{"count":2,"href":"https:\/\/baralivres.ma\/index.php?rest_route=\/wp\/v2\/product\/21684\/revisions"}],"predecessor-version":[{"id":21708,"href":"https:\/\/baralivres.ma\/index.php?rest_route=\/wp\/v2\/product\/21684\/revisions\/21708"}],"wp:featuredmedia":[{"embeddable":true,"href":"https:\/\/baralivres.ma\/index.php?rest_route=\/wp\/v2\/media\/21686"}],"wp:attachment":[{"href":"https:\/\/baralivres.ma\/index.php?rest_route=%2Fwp%2Fv2%2Fmedia&parent=21684"}],"wp:term":[{"taxonomy":"product_cat","embeddable":true,"href":"https:\/\/baralivres.ma\/index.php?rest_route=%2Fwp%2Fv2%2Fproduct_cat&post=21684"},{"taxonomy":"product_tag","embeddable":true,"href":"https:\/\/baralivres.ma\/index.php?rest_route=%2Fwp%2Fv2%2Fproduct_tag&post=21684"}],"curies":[{"name":"wp","href":"https:\/\/api.w.org\/{rel}","templated":true}]}}