{"id":21678,"date":"2024-05-31T10:28:22","date_gmt":"2024-05-31T09:28:22","guid":{"rendered":"https:\/\/baralivres.ma\/?post_type=product&#038;p=21678"},"modified":"2024-11-04T18:14:00","modified_gmt":"2024-11-04T17:14:00","slug":"mon-premier-cherche-et-trouve-sonore-animaux","status":"publish","type":"product","link":"https:\/\/baralivres.ma\/?product=mon-premier-cherche-et-trouve-sonore-animaux","title":{"rendered":"Mon premier cherche et trouve sonore : Animaux"},"content":{"rendered":"<p>\u00ab\u00a0Mon premier cherche et trouve sonore : Animaux\u00a0\u00bb est un livre interactif grand format qui offre aux jeunes enfants une exp\u00e9rience joyeuse et \u00e9ducative. \u00c0 travers ses pages color\u00e9es et ses illustrations tendres, les enfants explorent diff\u00e9rents habitats, d\u00e9couvrent une vari\u00e9t\u00e9 d&rsquo;animaux et apprennent \u00e0 reconna\u00eetre leurs cris. Les pages en carton robuste s&rsquo;ouvrent en format panoramique, invitant les enfants \u00e0 chercher les images cach\u00e9es derri\u00e8re les volets. Avec 50 puces sonores associ\u00e9es \u00e0 chaque habitat et animal, les enfants peuvent stimuler leur m\u00e9moire visuelle et auditive tout en s&rsquo;amusant. Pratique et facile \u00e0 utiliser, le livre fonctionne avec des piles AAA-1,5 V pour un remplacement simple et une utilisation prolong\u00e9e.<\/p>\n","protected":false},"excerpt":{"rendered":"<p>Mon premier cherche et trouve sonore : Animaux\u00a0\u00bb est un compagnon id\u00e9al pour les enfants curieux d\u00e9sireux d&rsquo;explorer le monde animal de mani\u00e8re ludique et \u00e9ducative.<\/p>\n","protected":false},"featured_media":21679,"comment_status":"open","ping_status":"closed","template":"","meta":{"inline_featured_image":false},"product_cat":[3944,197],"product_tag":[],"class_list":{"0":"post-21678","1":"product","2":"type-product","3":"status-publish","4":"has-post-thumbnail","6":"product_cat-les-livres-sonore-francais","7":"product_cat-livre-sonore","9":"first","10":"instock","11":"shipping-taxable","12":"purchasable","13":"product-type-simple"},"_links":{"self":[{"href":"https:\/\/baralivres.ma\/index.php?rest_route=\/wp\/v2\/product\/21678","targetHints":{"allow":["GET"]}}],"collection":[{"href":"https:\/\/baralivres.ma\/index.php?rest_route=\/wp\/v2\/product"}],"about":[{"href":"https:\/\/baralivres.ma\/index.php?rest_route=\/wp\/v2\/types\/product"}],"replies":[{"embeddable":true,"href":"https:\/\/baralivres.ma\/index.php?rest_route=%2Fwp%2Fv2%2Fcomments&post=21678"}],"version-history":[{"count":1,"href":"https:\/\/baralivres.ma\/index.php?rest_route=\/wp\/v2\/product\/21678\/revisions"}],"predecessor-version":[{"id":21682,"href":"https:\/\/baralivres.ma\/index.php?rest_route=\/wp\/v2\/product\/21678\/revisions\/21682"}],"wp:featuredmedia":[{"embeddable":true,"href":"https:\/\/baralivres.ma\/index.php?rest_route=\/wp\/v2\/media\/21679"}],"wp:attachment":[{"href":"https:\/\/baralivres.ma\/index.php?rest_route=%2Fwp%2Fv2%2Fmedia&parent=21678"}],"wp:term":[{"taxonomy":"product_cat","embeddable":true,"href":"https:\/\/baralivres.ma\/index.php?rest_route=%2Fwp%2Fv2%2Fproduct_cat&post=21678"},{"taxonomy":"product_tag","embeddable":true,"href":"https:\/\/baralivres.ma\/index.php?rest_route=%2Fwp%2Fv2%2Fproduct_tag&post=21678"}],"curies":[{"name":"wp","href":"https:\/\/api.w.org\/{rel}","templated":true}]}}