{"id":21671,"date":"2024-05-31T10:17:53","date_gmt":"2024-05-31T09:17:53","guid":{"rendered":"https:\/\/baralivres.ma\/?post_type=product&#038;p=21671"},"modified":"2024-11-04T18:14:41","modified_gmt":"2024-11-04T17:14:41","slug":"mon-imagier-sonore-une-super-journee","status":"publish","type":"product","link":"https:\/\/baralivres.ma\/?product=mon-imagier-sonore-une-super-journee","title":{"rendered":"Mon imagier sonore : Une super journ\u00e9e"},"content":{"rendered":"<p>\u00ab\u00a0Mon imagier sonore : Une super journ\u00e9e\u00a0\u00bb est un livre interactif con\u00e7u pour les jeunes enfants, offrant une exp\u00e9rience sensorielle riche et \u00e9ducative. \u00c0 travers ses 200 sons, les lecteurs sont transport\u00e9s dans diff\u00e9rentes sc\u00e8nes du quotidien, du parc \u00e0 l&rsquo;\u00e9cole, de la plage \u00e0 la ferme, et bien plus encore. Chaque page invite \u00e0 d\u00e9couvrir et reconna\u00eetre les bruits familiers de chaque environnement, gr\u00e2ce \u00e0 des puces interactives d\u00e9clenchant les sons correspondants. En plus de cette exploration sonore, le livre propose des activit\u00e9s ludiques telles que des quizz pour chercher des objets et les compter, stimulant ainsi l&rsquo;apprentissage et l&rsquo;imagination des enfants.<\/p>\n","protected":false},"excerpt":{"rendered":"<p>\u00ab\u00a0Mon imagier sonore : Une super journ\u00e9e\u00a0\u00bb est bien plus qu&rsquo;un simple livre, c&rsquo;est une aventure multisensorielle qui \u00e9veille la curiosit\u00e9 et invite les jeunes lecteurs \u00e0 d\u00e9couvrir le monde qui les entoure de mani\u00e8re amusante et interactive.<\/p>\n","protected":false},"featured_media":21672,"comment_status":"open","ping_status":"closed","template":"","meta":{"inline_featured_image":false},"product_cat":[3944,197],"product_tag":[],"class_list":{"0":"post-21671","1":"product","2":"type-product","3":"status-publish","4":"has-post-thumbnail","6":"product_cat-les-livres-sonore-francais","7":"product_cat-livre-sonore","9":"first","10":"instock","11":"shipping-taxable","12":"purchasable","13":"product-type-simple"},"_links":{"self":[{"href":"https:\/\/baralivres.ma\/index.php?rest_route=\/wp\/v2\/product\/21671","targetHints":{"allow":["GET"]}}],"collection":[{"href":"https:\/\/baralivres.ma\/index.php?rest_route=\/wp\/v2\/product"}],"about":[{"href":"https:\/\/baralivres.ma\/index.php?rest_route=\/wp\/v2\/types\/product"}],"replies":[{"embeddable":true,"href":"https:\/\/baralivres.ma\/index.php?rest_route=%2Fwp%2Fv2%2Fcomments&post=21671"}],"version-history":[{"count":1,"href":"https:\/\/baralivres.ma\/index.php?rest_route=\/wp\/v2\/product\/21671\/revisions"}],"predecessor-version":[{"id":21677,"href":"https:\/\/baralivres.ma\/index.php?rest_route=\/wp\/v2\/product\/21671\/revisions\/21677"}],"wp:featuredmedia":[{"embeddable":true,"href":"https:\/\/baralivres.ma\/index.php?rest_route=\/wp\/v2\/media\/21672"}],"wp:attachment":[{"href":"https:\/\/baralivres.ma\/index.php?rest_route=%2Fwp%2Fv2%2Fmedia&parent=21671"}],"wp:term":[{"taxonomy":"product_cat","embeddable":true,"href":"https:\/\/baralivres.ma\/index.php?rest_route=%2Fwp%2Fv2%2Fproduct_cat&post=21671"},{"taxonomy":"product_tag","embeddable":true,"href":"https:\/\/baralivres.ma\/index.php?rest_route=%2Fwp%2Fv2%2Fproduct_tag&post=21671"}],"curies":[{"name":"wp","href":"https:\/\/api.w.org\/{rel}","templated":true}]}}