{"id":21666,"date":"2024-05-31T10:04:47","date_gmt":"2024-05-31T09:04:47","guid":{"rendered":"https:\/\/baralivres.ma\/?post_type=product&#038;p=21666"},"modified":"2024-11-21T08:58:22","modified_gmt":"2024-11-21T07:58:22","slug":"mon-premier-livre-sonore-bilingue-350-mots-anglais-et-francais","status":"publish","type":"product","link":"https:\/\/baralivres.ma\/?product=mon-premier-livre-sonore-bilingue-350-mots-anglais-et-francais","title":{"rendered":"Mon premier livre sonore bilingue : 350 mots anglais et fran\u00e7ais"},"content":{"rendered":"<p>D\u00e9couvrez \u00ab\u00a0Mon premier livre sonore bilingue : 350 mots anglais et fran\u00e7ais\u00a0\u00bb, un imagier interactif pour les enfants. Avec 350 mots sur des th\u00e8mes du quotidien, prononc\u00e9s en anglais et en fran\u00e7ais par un locuteur natif, ce livre offre une exp\u00e9rience d&rsquo;apprentissage ludique et durable gr\u00e2ce \u00e0 ses pages plastifi\u00e9es et son module sonore aliment\u00e9 par trois piles AAA fournies. Parfait pour les premiers pas vers le bilinguisme et l&rsquo;acquisition du vocabulaire essentiel aux conversations en anglais<\/p>\n","protected":false},"excerpt":{"rendered":"<p>D\u00e9couvrez \u00ab\u00a0Mon premier livre sonore bilingue : 350 mots anglais et fran\u00e7ais\u00a0\u00bb, un imagier interactif con\u00e7u sp\u00e9cialement pour les jeunes enfants.<\/p>\n","protected":false},"featured_media":21667,"comment_status":"open","ping_status":"closed","template":"","meta":{"inline_featured_image":false},"product_cat":[3944,197],"product_tag":[],"class_list":{"0":"post-21666","1":"product","2":"type-product","3":"status-publish","4":"has-post-thumbnail","6":"product_cat-les-livres-sonore-francais","7":"product_cat-livre-sonore","9":"first","10":"instock","11":"shipping-taxable","12":"purchasable","13":"product-type-simple"},"_links":{"self":[{"href":"https:\/\/baralivres.ma\/index.php?rest_route=\/wp\/v2\/product\/21666","targetHints":{"allow":["GET"]}}],"collection":[{"href":"https:\/\/baralivres.ma\/index.php?rest_route=\/wp\/v2\/product"}],"about":[{"href":"https:\/\/baralivres.ma\/index.php?rest_route=\/wp\/v2\/types\/product"}],"replies":[{"embeddable":true,"href":"https:\/\/baralivres.ma\/index.php?rest_route=%2Fwp%2Fv2%2Fcomments&post=21666"}],"version-history":[{"count":1,"href":"https:\/\/baralivres.ma\/index.php?rest_route=\/wp\/v2\/product\/21666\/revisions"}],"predecessor-version":[{"id":21670,"href":"https:\/\/baralivres.ma\/index.php?rest_route=\/wp\/v2\/product\/21666\/revisions\/21670"}],"wp:featuredmedia":[{"embeddable":true,"href":"https:\/\/baralivres.ma\/index.php?rest_route=\/wp\/v2\/media\/21667"}],"wp:attachment":[{"href":"https:\/\/baralivres.ma\/index.php?rest_route=%2Fwp%2Fv2%2Fmedia&parent=21666"}],"wp:term":[{"taxonomy":"product_cat","embeddable":true,"href":"https:\/\/baralivres.ma\/index.php?rest_route=%2Fwp%2Fv2%2Fproduct_cat&post=21666"},{"taxonomy":"product_tag","embeddable":true,"href":"https:\/\/baralivres.ma\/index.php?rest_route=%2Fwp%2Fv2%2Fproduct_tag&post=21666"}],"curies":[{"name":"wp","href":"https:\/\/api.w.org\/{rel}","templated":true}]}}