{"id":21657,"date":"2024-05-31T09:40:01","date_gmt":"2024-05-31T08:40:01","guid":{"rendered":"https:\/\/baralivres.ma\/?post_type=product&#038;p=21657"},"modified":"2024-11-21T09:00:14","modified_gmt":"2024-11-21T08:00:14","slug":"mon-super-livre-sonore-175-sons-animaux","status":"publish","type":"product","link":"https:\/\/baralivres.ma\/?product=mon-super-livre-sonore-175-sons-animaux","title":{"rendered":"Mon super livre sonore : 175 sons animaux"},"content":{"rendered":"<p>\u00ab\u00a0Mon super livre sonore : 175 sons animaux\u00a0\u00bb est un imagier photographique interactif destin\u00e9 aux jeunes enfants. \u00c0 travers ce livre, les enfants d\u00e9couvrent les animaux dans diff\u00e9rents habitats comme la ferme, la savane, la jungle, les montagnes, l&rsquo;Australie et l&rsquo;Oc\u00e9anie, l&rsquo;Arctique et l&rsquo;Antarctique, ainsi que la for\u00eat. Chaque double-page pr\u00e9sente 25 sons d&rsquo;animaux, totalisant 175 cris \u00e0 identifier. En plus de ces sons, le livre propose des questions sonores pour jouer et apprendre du vocabulaire tout en d\u00e9veloppant la motricit\u00e9 main\/\u0153il des enfants. Ce livre combine plaisir et \u00e9ducation, rendant l&rsquo;apprentissage des animaux et de leurs habitats interactif et engageant pour les jeunes lecteurs.<\/p>\n","protected":false},"excerpt":{"rendered":"<div class=\"flex flex-grow flex-col max-w-full\">\n<div class=\"min-h-[20px] text-message flex flex-col items-start whitespace-pre-wrap break-words [.text-message+&amp;]:mt-5 juice:w-full juice:items-end overflow-x-auto gap-2\" dir=\"auto\" data-message-author-role=\"assistant\" data-message-id=\"db850922-816f-49ac-a476-2c1cea22f34d\">\n<div class=\"flex w-full flex-col gap-1 juice:empty:hidden juice:first:pt-[3px]\">\n<div class=\"markdown prose w-full break-words dark:prose-invert light\">\n<p>Ce livre sonore est un outil \u00e9ducatif parfait pour les jeunes enfants curieux de d\u00e9couvrir le monde animal tout en s&rsquo;amusant.<\/p>\n<\/div>\n<\/div>\n<\/div>\n<\/div>\n","protected":false},"featured_media":21658,"comment_status":"open","ping_status":"closed","template":"","meta":{"inline_featured_image":false},"product_cat":[3944,197],"product_tag":[],"class_list":{"0":"post-21657","1":"product","2":"type-product","3":"status-publish","4":"has-post-thumbnail","6":"product_cat-les-livres-sonore-francais","7":"product_cat-livre-sonore","9":"first","10":"instock","11":"shipping-taxable","12":"purchasable","13":"product-type-simple"},"_links":{"self":[{"href":"https:\/\/baralivres.ma\/index.php?rest_route=\/wp\/v2\/product\/21657","targetHints":{"allow":["GET"]}}],"collection":[{"href":"https:\/\/baralivres.ma\/index.php?rest_route=\/wp\/v2\/product"}],"about":[{"href":"https:\/\/baralivres.ma\/index.php?rest_route=\/wp\/v2\/types\/product"}],"replies":[{"embeddable":true,"href":"https:\/\/baralivres.ma\/index.php?rest_route=%2Fwp%2Fv2%2Fcomments&post=21657"}],"version-history":[{"count":1,"href":"https:\/\/baralivres.ma\/index.php?rest_route=\/wp\/v2\/product\/21657\/revisions"}],"predecessor-version":[{"id":21659,"href":"https:\/\/baralivres.ma\/index.php?rest_route=\/wp\/v2\/product\/21657\/revisions\/21659"}],"wp:featuredmedia":[{"embeddable":true,"href":"https:\/\/baralivres.ma\/index.php?rest_route=\/wp\/v2\/media\/21658"}],"wp:attachment":[{"href":"https:\/\/baralivres.ma\/index.php?rest_route=%2Fwp%2Fv2%2Fmedia&parent=21657"}],"wp:term":[{"taxonomy":"product_cat","embeddable":true,"href":"https:\/\/baralivres.ma\/index.php?rest_route=%2Fwp%2Fv2%2Fproduct_cat&post=21657"},{"taxonomy":"product_tag","embeddable":true,"href":"https:\/\/baralivres.ma\/index.php?rest_route=%2Fwp%2Fv2%2Fproduct_tag&post=21657"}],"curies":[{"name":"wp","href":"https:\/\/api.w.org\/{rel}","templated":true}]}}