{"id":21652,"date":"2024-05-31T09:29:48","date_gmt":"2024-05-31T08:29:48","guid":{"rendered":"https:\/\/baralivres.ma\/?post_type=product&#038;p=21652"},"modified":"2024-11-05T13:37:35","modified_gmt":"2024-11-05T12:37:35","slug":"mon-premier-cherche-et-trouve-sonore-ma-journee","status":"publish","type":"product","link":"https:\/\/baralivres.ma\/?product=mon-premier-cherche-et-trouve-sonore-ma-journee","title":{"rendered":"Mon premier cherche et trouve sonore : Ma journ\u00e9e"},"content":{"rendered":"<p>Mon premier cherche et trouve sonore : Ma journ\u00e9e est un livre sonore grand format con\u00e7u pour les jeunes enfants. Il propose de d\u00e9couvrir cinq lieux diff\u00e9rents : la ville, la plage, la montagne, le parc, et la ferme, chacun accompagn\u00e9 de 50 sons sp\u00e9cifiques. Les illustrations \u00e0 chercher sont de grande taille, ce qui aide \u00e0 capter l&rsquo;attention des enfants. Ce livre joyeux et color\u00e9 est id\u00e9al pour exercer la m\u00e9moire visuelle et auditive des tout-petits, les encourageant \u00e0 explorer et \u00e0 apprendre de mani\u00e8re ludique.<\/p>\n","protected":false},"excerpt":{"rendered":"<p>Ce livre joyeux et color\u00e9 est id\u00e9al pour exercer la m\u00e9moire visuelle et auditive des tout-petits, les encourageant \u00e0 explorer et \u00e0 apprendre de mani\u00e8re ludique.<\/p>\n","protected":false},"featured_media":21653,"comment_status":"open","ping_status":"closed","template":"","meta":{"inline_featured_image":false},"product_cat":[3944,197],"product_tag":[],"class_list":{"0":"post-21652","1":"product","2":"type-product","3":"status-publish","4":"has-post-thumbnail","6":"product_cat-les-livres-sonore-francais","7":"product_cat-livre-sonore","9":"first","10":"instock","11":"shipping-taxable","12":"purchasable","13":"product-type-simple"},"_links":{"self":[{"href":"https:\/\/baralivres.ma\/index.php?rest_route=\/wp\/v2\/product\/21652","targetHints":{"allow":["GET"]}}],"collection":[{"href":"https:\/\/baralivres.ma\/index.php?rest_route=\/wp\/v2\/product"}],"about":[{"href":"https:\/\/baralivres.ma\/index.php?rest_route=\/wp\/v2\/types\/product"}],"replies":[{"embeddable":true,"href":"https:\/\/baralivres.ma\/index.php?rest_route=%2Fwp%2Fv2%2Fcomments&post=21652"}],"version-history":[{"count":1,"href":"https:\/\/baralivres.ma\/index.php?rest_route=\/wp\/v2\/product\/21652\/revisions"}],"predecessor-version":[{"id":21656,"href":"https:\/\/baralivres.ma\/index.php?rest_route=\/wp\/v2\/product\/21652\/revisions\/21656"}],"wp:featuredmedia":[{"embeddable":true,"href":"https:\/\/baralivres.ma\/index.php?rest_route=\/wp\/v2\/media\/21653"}],"wp:attachment":[{"href":"https:\/\/baralivres.ma\/index.php?rest_route=%2Fwp%2Fv2%2Fmedia&parent=21652"}],"wp:term":[{"taxonomy":"product_cat","embeddable":true,"href":"https:\/\/baralivres.ma\/index.php?rest_route=%2Fwp%2Fv2%2Fproduct_cat&post=21652"},{"taxonomy":"product_tag","embeddable":true,"href":"https:\/\/baralivres.ma\/index.php?rest_route=%2Fwp%2Fv2%2Fproduct_tag&post=21652"}],"curies":[{"name":"wp","href":"https:\/\/api.w.org\/{rel}","templated":true}]}}