{"id":21648,"date":"2024-05-31T09:17:03","date_gmt":"2024-05-31T08:17:03","guid":{"rendered":"https:\/\/baralivres.ma\/?post_type=product&#038;p=21648"},"modified":"2024-11-05T13:37:59","modified_gmt":"2024-11-05T12:37:59","slug":"mon-livre-sonore-mon-cherche-et-trouve-sonore-les-animaux","status":"publish","type":"product","link":"https:\/\/baralivres.ma\/?product=mon-livre-sonore-mon-cherche-et-trouve-sonore-les-animaux","title":{"rendered":"Mon livre sonore : mon cherche et trouve sonore : les animaux\u00a0\u00bb"},"content":{"rendered":"<p>\u00ab\u00a0Mon livre sonore : mon cherche et trouve sonore : les animaux\u00a0\u00bb est un livre interactif destin\u00e9 aux jeunes enfants. Il permet de d\u00e9couvrir les animaux et leurs cris gr\u00e2ce \u00e0 200 puces sonores. Les enfants peuvent explorer diff\u00e9rents habitats naturels \u00e0 travers 7 doubles pages illustr\u00e9es, \u00e9couter les noms et les cris des animaux, et participer \u00e0 des quiz sonores pour identifier les animaux correctement. Ce livre \u00e9ducatif et ludique aide les enfants \u00e0 apprendre \u00e0 reconna\u00eetre les animaux et leurs sons tout en s&rsquo;amusant.<\/p>\n","protected":false},"excerpt":{"rendered":"<p>est un ouvrage interactif destin\u00e9 aux jeunes enfants, con\u00e7u pour leur faire d\u00e9couvrir le monde fascinant des animaux et leurs cris. Avec ses 200 puces sonores, ce livre offre une exp\u00e9rience immersive et \u00e9ducative.<\/p>\n","protected":false},"featured_media":21649,"comment_status":"open","ping_status":"closed","template":"","meta":{"inline_featured_image":false},"product_cat":[3944,197],"product_tag":[],"class_list":{"0":"post-21648","1":"product","2":"type-product","3":"status-publish","4":"has-post-thumbnail","6":"product_cat-les-livres-sonore-francais","7":"product_cat-livre-sonore","9":"first","10":"instock","11":"shipping-taxable","12":"purchasable","13":"product-type-simple"},"_links":{"self":[{"href":"https:\/\/baralivres.ma\/index.php?rest_route=\/wp\/v2\/product\/21648","targetHints":{"allow":["GET"]}}],"collection":[{"href":"https:\/\/baralivres.ma\/index.php?rest_route=\/wp\/v2\/product"}],"about":[{"href":"https:\/\/baralivres.ma\/index.php?rest_route=\/wp\/v2\/types\/product"}],"replies":[{"embeddable":true,"href":"https:\/\/baralivres.ma\/index.php?rest_route=%2Fwp%2Fv2%2Fcomments&post=21648"}],"version-history":[{"count":1,"href":"https:\/\/baralivres.ma\/index.php?rest_route=\/wp\/v2\/product\/21648\/revisions"}],"predecessor-version":[{"id":21651,"href":"https:\/\/baralivres.ma\/index.php?rest_route=\/wp\/v2\/product\/21648\/revisions\/21651"}],"wp:featuredmedia":[{"embeddable":true,"href":"https:\/\/baralivres.ma\/index.php?rest_route=\/wp\/v2\/media\/21649"}],"wp:attachment":[{"href":"https:\/\/baralivres.ma\/index.php?rest_route=%2Fwp%2Fv2%2Fmedia&parent=21648"}],"wp:term":[{"taxonomy":"product_cat","embeddable":true,"href":"https:\/\/baralivres.ma\/index.php?rest_route=%2Fwp%2Fv2%2Fproduct_cat&post=21648"},{"taxonomy":"product_tag","embeddable":true,"href":"https:\/\/baralivres.ma\/index.php?rest_route=%2Fwp%2Fv2%2Fproduct_tag&post=21648"}],"curies":[{"name":"wp","href":"https:\/\/api.w.org\/{rel}","templated":true}]}}