{"id":21638,"date":"2024-05-30T17:41:20","date_gmt":"2024-05-30T16:41:20","guid":{"rendered":"https:\/\/baralivres.ma\/?post_type=product&#038;p=21638"},"modified":"2024-11-05T13:39:14","modified_gmt":"2024-11-05T12:39:14","slug":"mon-livre-sonore-le-zoo","status":"publish","type":"product","link":"https:\/\/baralivres.ma\/?product=mon-livre-sonore-le-zoo","title":{"rendered":"Mon livre sonore : le zoo"},"content":{"rendered":"<div class=\"flex flex-grow flex-col max-w-full\">\n<div class=\"min-h-[20px] text-message flex flex-col items-start whitespace-pre-wrap break-words [.text-message+&amp;]:mt-5 juice:w-full juice:items-end overflow-x-auto gap-2\" dir=\"auto\" data-message-author-role=\"assistant\" data-message-id=\"dd98af33-ab30-45ec-8ce2-e08d7466cb4d\">\n<div class=\"flex w-full flex-col gap-1 juice:empty:hidden juice:first:pt-[3px]\">\n<div class=\"markdown prose w-full break-words dark:prose-invert light\">\n<p>\u00ab\u00a0Mon livre sonore : le zoo\u00a0\u00bb est un livre interactif destin\u00e9 aux jeunes enfants, les invitant \u00e0 d\u00e9couvrir les diff\u00e9rents animaux et environnements du zoo. Gr\u00e2ce \u00e0 44 boutons sonores, les petits lecteurs peuvent entendre les bruits authentiques des animaux, comme le rugissement du lion ou le chant des oiseaux. Les illustrations vivantes et les sc\u00e8nes amusantes, telles qu&rsquo;un \u00e9l\u00e9phant aspergeant les visiteurs ou des singes qui se poursuivent, rendent l&rsquo;exp\u00e9rience encore plus immersive. Ce livre \u00e9ducatif et divertissant permet aux enfants d&rsquo;apprendre et de s&rsquo;amuser en imitant les cris des animaux et en explorant des lieux comme la prairie, les grands bassins, le monde polaire, la voli\u00e8re et le lac<\/p>\n<\/div>\n<\/div>\n<\/div>\n<\/div>\n","protected":false},"excerpt":{"rendered":"<p>\u00ab\u00a0Mon livre sonore : le zoo\u00a0\u00bb n&rsquo;est pas seulement \u00e9ducatif, il est aussi une source de divertissement sans fin, stimulant la curiosit\u00e9 naturelle des enfants et leur amour pour les animaux. C&rsquo;est un excellent outil pour apprendre en s&rsquo;amusant, parfait pour les petites mains curieuses et les esprits en \u00e9veil.<\/p>\n","protected":false},"featured_media":21640,"comment_status":"open","ping_status":"closed","template":"","meta":{"inline_featured_image":false},"product_cat":[3944,197],"product_tag":[],"class_list":{"0":"post-21638","1":"product","2":"type-product","3":"status-publish","4":"has-post-thumbnail","6":"product_cat-les-livres-sonore-francais","7":"product_cat-livre-sonore","9":"first","10":"instock","11":"shipping-taxable","12":"purchasable","13":"product-type-simple"},"_links":{"self":[{"href":"https:\/\/baralivres.ma\/index.php?rest_route=\/wp\/v2\/product\/21638","targetHints":{"allow":["GET"]}}],"collection":[{"href":"https:\/\/baralivres.ma\/index.php?rest_route=\/wp\/v2\/product"}],"about":[{"href":"https:\/\/baralivres.ma\/index.php?rest_route=\/wp\/v2\/types\/product"}],"replies":[{"embeddable":true,"href":"https:\/\/baralivres.ma\/index.php?rest_route=%2Fwp%2Fv2%2Fcomments&post=21638"}],"version-history":[{"count":1,"href":"https:\/\/baralivres.ma\/index.php?rest_route=\/wp\/v2\/product\/21638\/revisions"}],"predecessor-version":[{"id":21642,"href":"https:\/\/baralivres.ma\/index.php?rest_route=\/wp\/v2\/product\/21638\/revisions\/21642"}],"wp:featuredmedia":[{"embeddable":true,"href":"https:\/\/baralivres.ma\/index.php?rest_route=\/wp\/v2\/media\/21640"}],"wp:attachment":[{"href":"https:\/\/baralivres.ma\/index.php?rest_route=%2Fwp%2Fv2%2Fmedia&parent=21638"}],"wp:term":[{"taxonomy":"product_cat","embeddable":true,"href":"https:\/\/baralivres.ma\/index.php?rest_route=%2Fwp%2Fv2%2Fproduct_cat&post=21638"},{"taxonomy":"product_tag","embeddable":true,"href":"https:\/\/baralivres.ma\/index.php?rest_route=%2Fwp%2Fv2%2Fproduct_tag&post=21638"}],"curies":[{"name":"wp","href":"https:\/\/api.w.org\/{rel}","templated":true}]}}