{"id":21633,"date":"2024-05-30T17:30:22","date_gmt":"2024-05-30T16:30:22","guid":{"rendered":"https:\/\/baralivres.ma\/?post_type=product&#038;p=21633"},"modified":"2024-11-05T13:39:45","modified_gmt":"2024-11-05T12:39:45","slug":"mon-imagier-sonore-les-animaux","status":"publish","type":"product","link":"https:\/\/baralivres.ma\/?product=mon-imagier-sonore-les-animaux","title":{"rendered":"Mon imagier sonore : les animaux"},"content":{"rendered":"<p>\u00ab\u00a0Mon imagier sonore : les animaux\u00a0\u00bb est un livre interactif destin\u00e9 aux tout-petits, qui leur fait d\u00e9couvrir les animaux \u00e0 travers 7 environnements diff\u00e9rents : la ferme, la maison, la for\u00eat, la rivi\u00e8re, le zoo, l&rsquo;oc\u00e9an et les airs. Chaque page est illustr\u00e9e de photographies et accompagn\u00e9e de 50 puces sonores, permettant aux enfants d&rsquo;associer les cris des animaux aux images. Ce livre \u00e9ducatif et ludique aide les jeunes lecteurs \u00e0 enrichir leur vocabulaire et \u00e0 d\u00e9velopper leur motricit\u00e9 main\/\u0153il, tout en s&rsquo;amusant.<\/p>\n","protected":false},"excerpt":{"rendered":"<p>Ce livre \u00e9ducatif et ludique aide les jeunes lecteurs \u00e0 enrichir leur vocabulaire et \u00e0 d\u00e9velopper leur motricit\u00e9 main\/\u0153il, tout en s&rsquo;amusant.<\/p>\n","protected":false},"featured_media":21635,"comment_status":"open","ping_status":"closed","template":"","meta":{"inline_featured_image":false},"product_cat":[3944,197],"product_tag":[],"class_list":{"0":"post-21633","1":"product","2":"type-product","3":"status-publish","4":"has-post-thumbnail","6":"product_cat-les-livres-sonore-francais","7":"product_cat-livre-sonore","9":"first","10":"instock","11":"shipping-taxable","12":"purchasable","13":"product-type-simple"},"_links":{"self":[{"href":"https:\/\/baralivres.ma\/index.php?rest_route=\/wp\/v2\/product\/21633","targetHints":{"allow":["GET"]}}],"collection":[{"href":"https:\/\/baralivres.ma\/index.php?rest_route=\/wp\/v2\/product"}],"about":[{"href":"https:\/\/baralivres.ma\/index.php?rest_route=\/wp\/v2\/types\/product"}],"replies":[{"embeddable":true,"href":"https:\/\/baralivres.ma\/index.php?rest_route=%2Fwp%2Fv2%2Fcomments&post=21633"}],"version-history":[{"count":1,"href":"https:\/\/baralivres.ma\/index.php?rest_route=\/wp\/v2\/product\/21633\/revisions"}],"predecessor-version":[{"id":21637,"href":"https:\/\/baralivres.ma\/index.php?rest_route=\/wp\/v2\/product\/21633\/revisions\/21637"}],"wp:featuredmedia":[{"embeddable":true,"href":"https:\/\/baralivres.ma\/index.php?rest_route=\/wp\/v2\/media\/21635"}],"wp:attachment":[{"href":"https:\/\/baralivres.ma\/index.php?rest_route=%2Fwp%2Fv2%2Fmedia&parent=21633"}],"wp:term":[{"taxonomy":"product_cat","embeddable":true,"href":"https:\/\/baralivres.ma\/index.php?rest_route=%2Fwp%2Fv2%2Fproduct_cat&post=21633"},{"taxonomy":"product_tag","embeddable":true,"href":"https:\/\/baralivres.ma\/index.php?rest_route=%2Fwp%2Fv2%2Fproduct_tag&post=21633"}],"curies":[{"name":"wp","href":"https:\/\/api.w.org\/{rel}","templated":true}]}}