{"id":21628,"date":"2024-05-30T17:17:24","date_gmt":"2024-05-30T16:17:24","guid":{"rendered":"https:\/\/baralivres.ma\/?post_type=product&#038;p=21628"},"modified":"2024-11-05T13:40:19","modified_gmt":"2024-11-05T12:40:19","slug":"mon-livre-sonore-animaux","status":"publish","type":"product","link":"https:\/\/baralivres.ma\/?product=mon-livre-sonore-animaux","title":{"rendered":"Mon livre sonore : animaux"},"content":{"rendered":"<p><strong>Mon livre sonore : animaux<\/strong> invite les jeunes enfants \u00e0 d\u00e9couvrir les animaux et leurs habitats \u00e0 travers des sons authentiques. Avec 54 boutons sonores, ce livre interactif permet aux enfants d&rsquo;apprendre et d&rsquo;imiter les cris de divers animaux, comme le lion, la baleine et le crocodile. Chaque double page explore un habitat diff\u00e9rent, tel que la mer, la jungle, le jardin, la for\u00eat et la savane, en pr\u00e9sentant les animaux qui y vivent. Les illustrations charmantes et les sons de haute qualit\u00e9 garantissent des heures d&rsquo;\u00e9veil et de plaisir, stimulant la curiosit\u00e9 et l&rsquo;amour de la nature chez les petits.<\/p>\n","protected":false},"excerpt":{"rendered":"<p>Ce livre interactif est parfait pour d\u00e9velopper leur curiosit\u00e9 et leur amour de la nature tout en s&rsquo;amusant.<\/p>\n","protected":false},"featured_media":21629,"comment_status":"open","ping_status":"closed","template":"","meta":{"inline_featured_image":false},"product_cat":[3944,197],"product_tag":[],"class_list":{"0":"post-21628","1":"product","2":"type-product","3":"status-publish","4":"has-post-thumbnail","6":"product_cat-les-livres-sonore-francais","7":"product_cat-livre-sonore","9":"first","10":"instock","11":"shipping-taxable","12":"purchasable","13":"product-type-simple"},"_links":{"self":[{"href":"https:\/\/baralivres.ma\/index.php?rest_route=\/wp\/v2\/product\/21628","targetHints":{"allow":["GET"]}}],"collection":[{"href":"https:\/\/baralivres.ma\/index.php?rest_route=\/wp\/v2\/product"}],"about":[{"href":"https:\/\/baralivres.ma\/index.php?rest_route=\/wp\/v2\/types\/product"}],"replies":[{"embeddable":true,"href":"https:\/\/baralivres.ma\/index.php?rest_route=%2Fwp%2Fv2%2Fcomments&post=21628"}],"version-history":[{"count":1,"href":"https:\/\/baralivres.ma\/index.php?rest_route=\/wp\/v2\/product\/21628\/revisions"}],"predecessor-version":[{"id":21632,"href":"https:\/\/baralivres.ma\/index.php?rest_route=\/wp\/v2\/product\/21628\/revisions\/21632"}],"wp:featuredmedia":[{"embeddable":true,"href":"https:\/\/baralivres.ma\/index.php?rest_route=\/wp\/v2\/media\/21629"}],"wp:attachment":[{"href":"https:\/\/baralivres.ma\/index.php?rest_route=%2Fwp%2Fv2%2Fmedia&parent=21628"}],"wp:term":[{"taxonomy":"product_cat","embeddable":true,"href":"https:\/\/baralivres.ma\/index.php?rest_route=%2Fwp%2Fv2%2Fproduct_cat&post=21628"},{"taxonomy":"product_tag","embeddable":true,"href":"https:\/\/baralivres.ma\/index.php?rest_route=%2Fwp%2Fv2%2Fproduct_tag&post=21628"}],"curies":[{"name":"wp","href":"https:\/\/api.w.org\/{rel}","templated":true}]}}