{"id":21622,"date":"2024-05-30T11:25:08","date_gmt":"2024-05-30T10:25:08","guid":{"rendered":"https:\/\/baralivres.ma\/?post_type=product&#038;p=21622"},"modified":"2024-11-05T13:41:22","modified_gmt":"2024-11-05T12:41:22","slug":"mon-imagier-sonore-les-vehicules","status":"publish","type":"product","link":"https:\/\/baralivres.ma\/?product=mon-imagier-sonore-les-vehicules","title":{"rendered":"Mon imagier sonore : les v\u00e9hicules"},"content":{"rendered":"<p>\u00ab\u00a0Mon imagier sonore : les v\u00e9hicules\u00a0\u00bb est un livre interactif con\u00e7u pour les tout-petits, offrant une exploration captivante du monde des v\u00e9hicules \u00e0 travers des photographies vibrantes et des sons authentiques. Divis\u00e9 en sept th\u00e9matiques distinctes, telles que les v\u00e9hicules sur la route, les v\u00e9hicules pour travailler, les v\u00e9hicules de secours, et plus encore, ce livre pr\u00e9sente une vari\u00e9t\u00e9 de v\u00e9hicules anciens et modernes. Chaque page invite les enfants \u00e0 d\u00e9couvrir de nouveaux mots et \u00e0 associer les images aux sons correspondants gr\u00e2ce \u00e0 36 puces sonores int\u00e9gr\u00e9es. En encourageant le d\u00e9veloppement du langage, de la motricit\u00e9 fine et de la coordination sensorielle, cet imagier offre une exp\u00e9rience \u00e9ducative et divertissante pour les jeunes lecteurs en herbe.<\/p>\n","protected":false},"excerpt":{"rendered":"<p>\u00ab\u00a0Mon imagier sonore : les v\u00e9hicules\u00a0\u00bb est un outil id\u00e9al pour les parents et les \u00e9ducateurs souhaitant \u00e9veiller la curiosit\u00e9 des enfants tout en leur offrant un moyen amusant et immersif de d\u00e9couvrir le monde des v\u00e9hicules.<\/p>\n","protected":false},"featured_media":21623,"comment_status":"open","ping_status":"closed","template":"","meta":{"inline_featured_image":false},"product_cat":[3944,197],"product_tag":[],"class_list":{"0":"post-21622","1":"product","2":"type-product","3":"status-publish","4":"has-post-thumbnail","6":"product_cat-les-livres-sonore-francais","7":"product_cat-livre-sonore","9":"first","10":"instock","11":"shipping-taxable","12":"purchasable","13":"product-type-simple"},"_links":{"self":[{"href":"https:\/\/baralivres.ma\/index.php?rest_route=\/wp\/v2\/product\/21622","targetHints":{"allow":["GET"]}}],"collection":[{"href":"https:\/\/baralivres.ma\/index.php?rest_route=\/wp\/v2\/product"}],"about":[{"href":"https:\/\/baralivres.ma\/index.php?rest_route=\/wp\/v2\/types\/product"}],"replies":[{"embeddable":true,"href":"https:\/\/baralivres.ma\/index.php?rest_route=%2Fwp%2Fv2%2Fcomments&post=21622"}],"version-history":[{"count":1,"href":"https:\/\/baralivres.ma\/index.php?rest_route=\/wp\/v2\/product\/21622\/revisions"}],"predecessor-version":[{"id":21626,"href":"https:\/\/baralivres.ma\/index.php?rest_route=\/wp\/v2\/product\/21622\/revisions\/21626"}],"wp:featuredmedia":[{"embeddable":true,"href":"https:\/\/baralivres.ma\/index.php?rest_route=\/wp\/v2\/media\/21623"}],"wp:attachment":[{"href":"https:\/\/baralivres.ma\/index.php?rest_route=%2Fwp%2Fv2%2Fmedia&parent=21622"}],"wp:term":[{"taxonomy":"product_cat","embeddable":true,"href":"https:\/\/baralivres.ma\/index.php?rest_route=%2Fwp%2Fv2%2Fproduct_cat&post=21622"},{"taxonomy":"product_tag","embeddable":true,"href":"https:\/\/baralivres.ma\/index.php?rest_route=%2Fwp%2Fv2%2Fproduct_tag&post=21622"}],"curies":[{"name":"wp","href":"https:\/\/api.w.org\/{rel}","templated":true}]}}