{"id":21617,"date":"2024-05-30T11:13:17","date_gmt":"2024-05-30T10:13:17","guid":{"rendered":"https:\/\/baralivres.ma\/?post_type=product&#038;p=21617"},"modified":"2024-11-05T13:41:44","modified_gmt":"2024-11-05T12:41:44","slug":"mon-imagier-sonore-la-ferme","status":"publish","type":"product","link":"https:\/\/baralivres.ma\/?product=mon-imagier-sonore-la-ferme","title":{"rendered":"Mon imagier sonore : La ferme"},"content":{"rendered":"<p>\u00ab\u00a0Mon imagier sonore : La ferme\u00a0\u00bb est un livre interactif pour enfants, richement illustr\u00e9 de photographies et \u00e9quip\u00e9 de 40 puces sonores. Il permet aux tout-petits de d\u00e9couvrir l&rsquo;univers de la ferme \u00e0 travers 7 th\u00e9matiques : la cour, l&rsquo;\u00e9table, les animaux, les champs, le verger, les engins et le march\u00e9. Chaque son est associ\u00e9 \u00e0 une image, aidant les enfants \u00e0 apprendre du vocabulaire et \u00e0 d\u00e9velopper leur motricit\u00e9 fine ainsi que leur coordination main\/\u0153il\/oreille. Ce livre offre une mani\u00e8re ludique et \u00e9ducative de s&rsquo;immerger dans la vie de la ferme<\/p>\n","protected":false},"excerpt":{"rendered":"<p>\u00ab\u00a0Mon imagier sonore : La ferme\u00a0\u00bb est un outil \u00e9ducatif id\u00e9al pour stimuler les sens et l&rsquo;imagination des tout-petits, les plongeant dans la vie quotidienne de la ferme de mani\u00e8re ludique et immersive.<\/p>\n","protected":false},"featured_media":21618,"comment_status":"open","ping_status":"closed","template":"","meta":{"inline_featured_image":false},"product_cat":[3944,197],"product_tag":[],"class_list":{"0":"post-21617","1":"product","2":"type-product","3":"status-publish","4":"has-post-thumbnail","6":"product_cat-les-livres-sonore-francais","7":"product_cat-livre-sonore","9":"first","10":"instock","11":"shipping-taxable","12":"purchasable","13":"product-type-simple"},"_links":{"self":[{"href":"https:\/\/baralivres.ma\/index.php?rest_route=\/wp\/v2\/product\/21617","targetHints":{"allow":["GET"]}}],"collection":[{"href":"https:\/\/baralivres.ma\/index.php?rest_route=\/wp\/v2\/product"}],"about":[{"href":"https:\/\/baralivres.ma\/index.php?rest_route=\/wp\/v2\/types\/product"}],"replies":[{"embeddable":true,"href":"https:\/\/baralivres.ma\/index.php?rest_route=%2Fwp%2Fv2%2Fcomments&post=21617"}],"version-history":[{"count":1,"href":"https:\/\/baralivres.ma\/index.php?rest_route=\/wp\/v2\/product\/21617\/revisions"}],"predecessor-version":[{"id":21621,"href":"https:\/\/baralivres.ma\/index.php?rest_route=\/wp\/v2\/product\/21617\/revisions\/21621"}],"wp:featuredmedia":[{"embeddable":true,"href":"https:\/\/baralivres.ma\/index.php?rest_route=\/wp\/v2\/media\/21618"}],"wp:attachment":[{"href":"https:\/\/baralivres.ma\/index.php?rest_route=%2Fwp%2Fv2%2Fmedia&parent=21617"}],"wp:term":[{"taxonomy":"product_cat","embeddable":true,"href":"https:\/\/baralivres.ma\/index.php?rest_route=%2Fwp%2Fv2%2Fproduct_cat&post=21617"},{"taxonomy":"product_tag","embeddable":true,"href":"https:\/\/baralivres.ma\/index.php?rest_route=%2Fwp%2Fv2%2Fproduct_tag&post=21617"}],"curies":[{"name":"wp","href":"https:\/\/api.w.org\/{rel}","templated":true}]}}