{"id":21607,"date":"2024-05-30T10:26:55","date_gmt":"2024-05-30T09:26:55","guid":{"rendered":"https:\/\/baralivres.ma\/?post_type=product&#038;p=21607"},"modified":"2024-11-05T13:42:42","modified_gmt":"2024-11-05T12:42:42","slug":"mon-livre-sonore-mes-premiers-mots","status":"publish","type":"product","link":"https:\/\/baralivres.ma\/?product=mon-livre-sonore-mes-premiers-mots","title":{"rendered":"Mon livre sonore : mes premiers mots"},"content":{"rendered":"<p>\u00ab\u00a0Mon livre sonore : mes premiers mots\u00a0\u00bb est une immersion ludique dans le monde des tout-petits, o\u00f9 les objets et les animaux du quotidien prennent vie \u00e0 travers des sons r\u00e9alistes. Avec ses 50 boutons sonores, chaque page offre une nouvelle exp\u00e9rience sensorielle, permettant aux enfants d&rsquo;imiter et de reconna\u00eetre les bruits qui les entourent. Gr\u00e2ce \u00e0 l&rsquo;association entre le son et l&rsquo;image, les jeunes lecteurs peuvent apprendre les premiers mots tout en s&rsquo;amusant. Ce livre interactif est une invitation \u00e0 l&rsquo;\u00e9veil des sens et \u00e0 l&rsquo;apprentissage pr\u00e9coce, offrant aux enfants une exp\u00e9rience enrichissante et divertissante.<\/p>\n","protected":false},"excerpt":{"rendered":"<p>\u00ab\u00a0Mon livre sonore : mes premiers mots\u00a0\u00bb est bien plus qu&rsquo;un simple livre. C&rsquo;est une porte ouverte vers un monde sensoriel riche en d\u00e9couvertes et en apprentissages, o\u00f9 les tout-petits peuvent s&rsquo;\u00e9merveiller et grandir en compagnie de leurs bruits pr\u00e9f\u00e9r\u00e9s.<\/p>\n","protected":false},"featured_media":21608,"comment_status":"open","ping_status":"closed","template":"","meta":{"inline_featured_image":false},"product_cat":[3944,197],"product_tag":[],"class_list":{"0":"post-21607","1":"product","2":"type-product","3":"status-publish","4":"has-post-thumbnail","6":"product_cat-les-livres-sonore-francais","7":"product_cat-livre-sonore","9":"first","10":"instock","11":"shipping-taxable","12":"purchasable","13":"product-type-simple"},"_links":{"self":[{"href":"https:\/\/baralivres.ma\/index.php?rest_route=\/wp\/v2\/product\/21607","targetHints":{"allow":["GET"]}}],"collection":[{"href":"https:\/\/baralivres.ma\/index.php?rest_route=\/wp\/v2\/product"}],"about":[{"href":"https:\/\/baralivres.ma\/index.php?rest_route=\/wp\/v2\/types\/product"}],"replies":[{"embeddable":true,"href":"https:\/\/baralivres.ma\/index.php?rest_route=%2Fwp%2Fv2%2Fcomments&post=21607"}],"version-history":[{"count":1,"href":"https:\/\/baralivres.ma\/index.php?rest_route=\/wp\/v2\/product\/21607\/revisions"}],"predecessor-version":[{"id":21611,"href":"https:\/\/baralivres.ma\/index.php?rest_route=\/wp\/v2\/product\/21607\/revisions\/21611"}],"wp:featuredmedia":[{"embeddable":true,"href":"https:\/\/baralivres.ma\/index.php?rest_route=\/wp\/v2\/media\/21608"}],"wp:attachment":[{"href":"https:\/\/baralivres.ma\/index.php?rest_route=%2Fwp%2Fv2%2Fmedia&parent=21607"}],"wp:term":[{"taxonomy":"product_cat","embeddable":true,"href":"https:\/\/baralivres.ma\/index.php?rest_route=%2Fwp%2Fv2%2Fproduct_cat&post=21607"},{"taxonomy":"product_tag","embeddable":true,"href":"https:\/\/baralivres.ma\/index.php?rest_route=%2Fwp%2Fv2%2Fproduct_tag&post=21607"}],"curies":[{"name":"wp","href":"https:\/\/api.w.org\/{rel}","templated":true}]}}