{"id":21602,"date":"2024-05-30T10:16:13","date_gmt":"2024-05-30T09:16:13","guid":{"rendered":"https:\/\/baralivres.ma\/?post_type=product&#038;p=21602"},"modified":"2024-11-05T13:43:18","modified_gmt":"2024-11-05T12:43:18","slug":"mon-livre-sonore-la-ferme","status":"publish","type":"product","link":"https:\/\/baralivres.ma\/?product=mon-livre-sonore-la-ferme","title":{"rendered":"Mon livre sonore : la ferme"},"content":{"rendered":"<p>\u00ab\u00a0Mon livre sonore : la ferme\u00a0\u00bb est une immersion interactive dans la vie quotidienne d&rsquo;une ferme, narr\u00e9e par Barnab\u00e9, le fermier attentif. Les enfants d\u00e9couvrent les diff\u00e9rentes t\u00e2ches de la journ\u00e9e, de la traite des vaches aux soins des cochons, ch\u00e8vres et moutons. Au c\u0153ur de la basse-cour, les oies se chamaillent avec le dindon, ajoutant une note d&rsquo;animation \u00e0 ce tableau champ\u00eatre.<\/p>\n<p>Ce livre ne se contente pas de captiver visuellement les jeunes lecteurs. Il offre \u00e9galement une exp\u00e9rience sonore unique gr\u00e2ce \u00e0 ses 50 boutons sonores. Chaque animal et chaque engin de la ferme est associ\u00e9 \u00e0 son cri caract\u00e9ristique, permettant aux enfants de les reconna\u00eetre ais\u00e9ment. Ainsi, les bruits familiers de la ferme prennent vie, \u00e9veillant les sens des lecteurs et enrichissant leur exploration de cet environnement rural.<\/p>\n","protected":false},"excerpt":{"rendered":"<p>\u00ab\u00a0Mon livre sonore : la ferme\u00a0\u00bb est bien plus qu&rsquo;un simple livre illustr\u00e9. C&rsquo;est une aventure interactive qui stimule l&rsquo;imagination et l&rsquo;ou\u00efe des enfants, tout en leur offrant un aper\u00e7u captivant de la vie \u00e0 la ferme.<\/p>\n","protected":false},"featured_media":21603,"comment_status":"open","ping_status":"closed","template":"","meta":{"inline_featured_image":false},"product_cat":[3944,197],"product_tag":[],"class_list":{"0":"post-21602","1":"product","2":"type-product","3":"status-publish","4":"has-post-thumbnail","6":"product_cat-les-livres-sonore-francais","7":"product_cat-livre-sonore","9":"first","10":"instock","11":"shipping-taxable","12":"purchasable","13":"product-type-simple"},"_links":{"self":[{"href":"https:\/\/baralivres.ma\/index.php?rest_route=\/wp\/v2\/product\/21602","targetHints":{"allow":["GET"]}}],"collection":[{"href":"https:\/\/baralivres.ma\/index.php?rest_route=\/wp\/v2\/product"}],"about":[{"href":"https:\/\/baralivres.ma\/index.php?rest_route=\/wp\/v2\/types\/product"}],"replies":[{"embeddable":true,"href":"https:\/\/baralivres.ma\/index.php?rest_route=%2Fwp%2Fv2%2Fcomments&post=21602"}],"version-history":[{"count":1,"href":"https:\/\/baralivres.ma\/index.php?rest_route=\/wp\/v2\/product\/21602\/revisions"}],"predecessor-version":[{"id":21606,"href":"https:\/\/baralivres.ma\/index.php?rest_route=\/wp\/v2\/product\/21602\/revisions\/21606"}],"wp:featuredmedia":[{"embeddable":true,"href":"https:\/\/baralivres.ma\/index.php?rest_route=\/wp\/v2\/media\/21603"}],"wp:attachment":[{"href":"https:\/\/baralivres.ma\/index.php?rest_route=%2Fwp%2Fv2%2Fmedia&parent=21602"}],"wp:term":[{"taxonomy":"product_cat","embeddable":true,"href":"https:\/\/baralivres.ma\/index.php?rest_route=%2Fwp%2Fv2%2Fproduct_cat&post=21602"},{"taxonomy":"product_tag","embeddable":true,"href":"https:\/\/baralivres.ma\/index.php?rest_route=%2Fwp%2Fv2%2Fproduct_tag&post=21602"}],"curies":[{"name":"wp","href":"https:\/\/api.w.org\/{rel}","templated":true}]}}