{"id":21597,"date":"2024-05-30T10:06:11","date_gmt":"2024-05-30T09:06:11","guid":{"rendered":"https:\/\/baralivres.ma\/?post_type=product&#038;p=21597"},"modified":"2024-11-05T13:43:52","modified_gmt":"2024-11-05T12:43:52","slug":"mon-livre-sonore-vehicules","status":"publish","type":"product","link":"https:\/\/baralivres.ma\/?product=mon-livre-sonore-vehicules","title":{"rendered":"Mon livre sonore : V\u00e9hicules"},"content":{"rendered":"<div class=\"flex-1 overflow-hidden\">\n<div class=\"react-scroll-to-bottom--css-ffvys-79elbk h-full\">\n<div class=\"react-scroll-to-bottom--css-ffvys-1n7m0yu\">\n<div>\n<div class=\"flex flex-col text-sm pb-9\">\n<div class=\"w-full text-token-text-primary\" dir=\"auto\" data-testid=\"conversation-turn-5\" data-scroll-anchor=\"true\">\n<div class=\"py-2 juice:py-[18px] px-3 text-base md:px-4 m-auto md:px-5 lg:px-1 xl:px-5\">\n<div class=\"mx-auto flex flex-1 gap-3 text-base juice:gap-4 juice:md:gap-6 md:max-w-3xl\">\n<div class=\"group\/conversation-turn relative flex w-full min-w-0 flex-col agent-turn\">\n<div class=\"flex-col gap-1 md:gap-3\">\n<div class=\"flex flex-grow flex-col max-w-full\">\n<div class=\"min-h-[20px] text-message flex flex-col items-start whitespace-pre-wrap break-words [.text-message+&amp;]:mt-5 juice:w-full juice:items-end overflow-x-auto gap-3\" dir=\"auto\" data-message-author-role=\"assistant\" data-message-id=\"fc224618-506f-41b2-bcd6-e7c9b732e210\">\n<div class=\"markdown prose w-full break-words dark:prose-invert light\">\n<p>\u00ab\u00a0Mon livre sonore : V\u00e9hicules\u00a0\u00bb est une exp\u00e9rience captivante pour les jeunes enfants. Plong\u00e9s dans l&rsquo;effervescence d&rsquo;un chantier, ils d\u00e9couvrent une vari\u00e9t\u00e9 d&rsquo;engins et de v\u00e9hicules. Gr\u00e2ce \u00e0 40 puces sonores, les enfants peuvent imiter les bruits des moteurs et des sir\u00e8nes, ajoutant une dimension ludique \u00e0 leur exploration. Ce livre interactif offre une aventure sensorielle et \u00e9ducative, stimulant l&rsquo;imagination et \u00e9veillant la curiosit\u00e9 des petits lecteurs.<\/p>\n<\/div>\n<\/div>\n<\/div>\n<\/div>\n<\/div>\n<\/div>\n<\/div>\n<\/div>\n<\/div>\n<\/div>\n<\/div>\n<\/div>\n<\/div>\n","protected":false},"excerpt":{"rendered":"<p>\u00ab\u00a0Mon livre sonore : V\u00e9hicules\u00a0\u00bb offre une aventure immersive qui \u00e9veille les sens et inspire la curiosit\u00e9 des jeunes esprits. Avec ses illustrations color\u00e9es, ses textes captivants et ses sons r\u00e9alistes, ce livre promet des heures de plaisir et d&rsquo;apprentissage pour les petits explorateurs en herbe.<\/p>\n","protected":false},"featured_media":21598,"comment_status":"open","ping_status":"closed","template":"","meta":{"inline_featured_image":false},"product_cat":[3944,197],"product_tag":[],"class_list":{"0":"post-21597","1":"product","2":"type-product","3":"status-publish","4":"has-post-thumbnail","6":"product_cat-les-livres-sonore-francais","7":"product_cat-livre-sonore","9":"first","10":"instock","11":"shipping-taxable","12":"purchasable","13":"product-type-simple"},"_links":{"self":[{"href":"https:\/\/baralivres.ma\/index.php?rest_route=\/wp\/v2\/product\/21597","targetHints":{"allow":["GET"]}}],"collection":[{"href":"https:\/\/baralivres.ma\/index.php?rest_route=\/wp\/v2\/product"}],"about":[{"href":"https:\/\/baralivres.ma\/index.php?rest_route=\/wp\/v2\/types\/product"}],"replies":[{"embeddable":true,"href":"https:\/\/baralivres.ma\/index.php?rest_route=%2Fwp%2Fv2%2Fcomments&post=21597"}],"version-history":[{"count":1,"href":"https:\/\/baralivres.ma\/index.php?rest_route=\/wp\/v2\/product\/21597\/revisions"}],"predecessor-version":[{"id":21601,"href":"https:\/\/baralivres.ma\/index.php?rest_route=\/wp\/v2\/product\/21597\/revisions\/21601"}],"wp:featuredmedia":[{"embeddable":true,"href":"https:\/\/baralivres.ma\/index.php?rest_route=\/wp\/v2\/media\/21598"}],"wp:attachment":[{"href":"https:\/\/baralivres.ma\/index.php?rest_route=%2Fwp%2Fv2%2Fmedia&parent=21597"}],"wp:term":[{"taxonomy":"product_cat","embeddable":true,"href":"https:\/\/baralivres.ma\/index.php?rest_route=%2Fwp%2Fv2%2Fproduct_cat&post=21597"},{"taxonomy":"product_tag","embeddable":true,"href":"https:\/\/baralivres.ma\/index.php?rest_route=%2Fwp%2Fv2%2Fproduct_tag&post=21597"}],"curies":[{"name":"wp","href":"https:\/\/api.w.org\/{rel}","templated":true}]}}