{"id":21589,"date":"2024-05-20T16:27:39","date_gmt":"2024-05-20T15:27:39","guid":{"rendered":"https:\/\/baralivres.ma\/?post_type=product&#038;p=21589"},"modified":"2024-11-05T13:44:39","modified_gmt":"2024-11-05T12:44:39","slug":"mon-livre-tablette-en-promenade","status":"publish","type":"product","link":"https:\/\/baralivres.ma\/?product=mon-livre-tablette-en-promenade","title":{"rendered":"Mon livre tablette : en promenade"},"content":{"rendered":"<p>\u00ab\u00a0Mon Livre Tablette : En Promenade\u00a0\u00bb est une exp\u00e9rience interactive fascinante con\u00e7ue pour les jeunes enfants. \u00c0 travers ses pages, les enfants sont transport\u00e9s dans diff\u00e9rents environnements, tels que le chantier, la ville, la cour de r\u00e9cr\u00e9ation, le zoo et le parc. En appuyant sur les images, ils d\u00e9couvrent non seulement les mots correspondants, mais \u00e9galement une multitude de sons rigolos qui les immergent davantage dans chaque sc\u00e8ne. Avec plus de 100 sons et 5 jeux d&rsquo;associations, ce livre offre une exp\u00e9rience d&rsquo;apprentissage ludique et sans \u00e9cran, encourageant les enfants \u00e0 explorer le monde qui les entoure tout en s&rsquo;amusant.<\/p>\n","protected":false},"excerpt":{"rendered":"<p>\u00ab\u00a0Mon Livre Tablette : En Promenade\u00a0\u00bb est une exp\u00e9rience interactive sans \u00e9cran, offrant aux enfants la possibilit\u00e9 de d\u00e9couvrir diff\u00e9rents environnements tels que le chantier, la ville, le zoo et le parc.<\/p>\n","protected":false},"featured_media":21590,"comment_status":"open","ping_status":"closed","template":"","meta":{"inline_featured_image":false},"product_cat":[3944,197],"product_tag":[],"class_list":{"0":"post-21589","1":"product","2":"type-product","3":"status-publish","4":"has-post-thumbnail","6":"product_cat-les-livres-sonore-francais","7":"product_cat-livre-sonore","9":"first","10":"instock","11":"shipping-taxable","12":"purchasable","13":"product-type-simple"},"_links":{"self":[{"href":"https:\/\/baralivres.ma\/index.php?rest_route=\/wp\/v2\/product\/21589","targetHints":{"allow":["GET"]}}],"collection":[{"href":"https:\/\/baralivres.ma\/index.php?rest_route=\/wp\/v2\/product"}],"about":[{"href":"https:\/\/baralivres.ma\/index.php?rest_route=\/wp\/v2\/types\/product"}],"replies":[{"embeddable":true,"href":"https:\/\/baralivres.ma\/index.php?rest_route=%2Fwp%2Fv2%2Fcomments&post=21589"}],"version-history":[{"count":1,"href":"https:\/\/baralivres.ma\/index.php?rest_route=\/wp\/v2\/product\/21589\/revisions"}],"predecessor-version":[{"id":21594,"href":"https:\/\/baralivres.ma\/index.php?rest_route=\/wp\/v2\/product\/21589\/revisions\/21594"}],"wp:featuredmedia":[{"embeddable":true,"href":"https:\/\/baralivres.ma\/index.php?rest_route=\/wp\/v2\/media\/21590"}],"wp:attachment":[{"href":"https:\/\/baralivres.ma\/index.php?rest_route=%2Fwp%2Fv2%2Fmedia&parent=21589"}],"wp:term":[{"taxonomy":"product_cat","embeddable":true,"href":"https:\/\/baralivres.ma\/index.php?rest_route=%2Fwp%2Fv2%2Fproduct_cat&post=21589"},{"taxonomy":"product_tag","embeddable":true,"href":"https:\/\/baralivres.ma\/index.php?rest_route=%2Fwp%2Fv2%2Fproduct_tag&post=21589"}],"curies":[{"name":"wp","href":"https:\/\/api.w.org\/{rel}","templated":true}]}}